{"id":11009,"date":"2022-08-31T15:23:17","date_gmt":"2022-08-31T13:23:17","guid":{"rendered":"https:\/\/berufskolleg-en.de\/?page_id=11009"},"modified":"2025-11-18T15:46:39","modified_gmt":"2025-11-18T14:46:39","slug":"fachschule-fuer-wirtschaft","status":"publish","type":"page","link":"https:\/\/berufskolleg-en.de\/?page_id=11009","title":{"rendered":"Fachschule f\u00fcr Wirtschaft"},"content":{"rendered":"<section  class='av_textblock_section av-jysqhvd4-25be4a33ba3975b468c5bf1c6a4b74d1 '   itemscope=\"itemscope\" itemtype=\"https:\/\/schema.org\/CreativeWork\" ><div class='avia_textblock'  itemprop=\"text\" ><h3>Fachschule Wirtschaft mit Schwerpunkt Handelsmanagement (APO-BK, Anlage E)<\/h3>\n<p>Dieser Bildungsgang l\u00e4uft aus. <b>Anmeldungen sind nicht mehr\u00a0m\u00f6glich.<\/b><\/p>\n<\/div><\/section>\n\n<style type=\"text\/css\" data-created_by=\"avia_inline_auto\" id=\"style-css-av-jysqzau2-b6bb2eb56a6011377483c24a3b4540f8\">\n#top #wrap_all .avia-icon-list-container.av-jysqzau2-b6bb2eb56a6011377483c24a3b4540f8 .av_iconlist_title{\nfont-size:16px;\n}\n\n@media only screen and (max-width: 479px){ \n#top #wrap_all .avia-icon-list-container.av-jysqzau2-b6bb2eb56a6011377483c24a3b4540f8 .av_iconlist_title{\nfont-size:13px;\n}\n}\n<\/style>\n<div  class='avia-icon-list-container av-jysqzau2-b6bb2eb56a6011377483c24a3b4540f8  avia-builder-el-1  el_after_av_textblock  el_before_av_iconlist  av-desktop-hide av-medium-hide av-small-hide av-mini-hide'><ul class='avia-icon-list avia_animate_when_almost_visible avia-icon-list-left av-iconlist-big av-jysqzau2-b6bb2eb56a6011377483c24a3b4540f8 avia-iconlist-animate'>\n<li><div class='iconlist_icon av-l7hlc2mb-b3a7530283e26a10b431e410855cbde3 avia-font-entypo-fontello avia-iconfont avia-font-entypo-fontello'><span class='av-icon-char' data-av_icon='\ue8d1' data-av_iconfont='entypo-fontello' aria-hidden=\"true\"><\/span><\/div><article class=\"article-icon-entry \"  itemscope=\"itemscope\" itemtype=\"https:\/\/schema.org\/CreativeWork\" ><div class=\"iconlist_content_wrap\"><header class=\"entry-content-header\" aria-label=\"Icon: Aufnahmevoraussetzungen\"><h4 class='av_iconlist_title iconlist_title  '  itemprop=\"headline\" >Aufnahmevoraussetzungen<\/h4><\/header><div class='iconlist_content '  itemprop=\"text\" ><div style=\"margin-top: 10px;\">\n<ul>\n<li>Mindestens die Fachoberschulreife <strong>und<\/strong> eine abgeschlossene kaufm\u00e4nnische Ausbildung. Dar\u00fcber hinaus ben\u00f6tigen mindestens <strong>ein Jahr Berufst\u00e4tigkeit<\/strong> im Bereich Wirtschaft und Verwaltung; der Nachweis kann w\u00e4hrend des Studiums erbracht werden, sodass einem Beginn des Studiums nach der Ausbildung nichts im Wege steht.<\/li>\n<\/ul>\n<p>oder<\/p>\n<ul>\n<li>Eine mindestens f\u00fcnfj\u00e4hrige \u201eeinschl\u00e4gige\u201c Berufst\u00e4tigkeit in einem nicht-kaufm\u00e4nnischen Bereich.<\/li>\n<\/ul>\n<\/div>\n<\/div><\/div><footer class=\"entry-footer\"><\/footer><\/article><div class=\"iconlist-timeline\"><\/div><\/li>\n<li><div class='iconlist_icon av-l7hlebhe-3809f0398d74b4544490e40400287c11 avia-font-entypo-fontello avia-iconfont avia-font-entypo-fontello'><span class='av-icon-char' data-av_icon='\ue8c9' data-av_iconfont='entypo-fontello' aria-hidden=\"true\"><\/span><\/div><article class=\"article-icon-entry \"  itemscope=\"itemscope\" itemtype=\"https:\/\/schema.org\/CreativeWork\" ><div class=\"iconlist_content_wrap\"><header class=\"entry-content-header\" aria-label=\"Icon: Abschluss\"><h4 class='av_iconlist_title iconlist_title  '  itemprop=\"headline\" >Abschluss<\/h4><\/header><div class='iconlist_content '  itemprop=\"text\" ><div style=\"margin-top: 10px;\">\n<p>In 7 Semestern erhalten Sie die Chance, den<\/p>\n<p style=\"text-align: center;\"><strong>Bachelor Professional in Wirtschaft<\/strong> mit <strong>Schwerpunkt Handelsmanagement<\/strong><\/p>\n<p style=\"text-align: center;\">(Staatlich gepr\u00fcfte(r) Betriebswirt\/-in)<\/p>\n<p>geb\u00fchrenfrei zu erlangen (DQR-Stufe 6).<\/p>\n<\/div>\n<\/div><\/div><footer class=\"entry-footer\"><\/footer><\/article><div class=\"iconlist-timeline\"><\/div><\/li>\n<li><div class='iconlist_icon av-l7hlet2p-09198a1dae8adf3860f8aba6cb8c2c21 avia-font-entypo-fontello avia-iconfont avia-font-entypo-fontello'><span class='av-icon-char' data-av_icon='\ue863' data-av_iconfont='entypo-fontello' aria-hidden=\"true\"><\/span><\/div><article class=\"article-icon-entry \"  itemscope=\"itemscope\" itemtype=\"https:\/\/schema.org\/CreativeWork\" ><div class=\"iconlist_content_wrap\"><header class=\"entry-content-header\" aria-label=\"Icon: Dauer\"><h4 class='av_iconlist_title iconlist_title  '  itemprop=\"headline\" >Dauer<\/h4><\/header><div class='iconlist_content '  itemprop=\"text\" ><p>7 Semester inklusive eines Einf\u00fchrungssemesters<\/p>\n<\/div><\/div><footer class=\"entry-footer\"><\/footer><\/article><div class=\"iconlist-timeline\"><\/div><\/li>\n<li><div class='iconlist_icon av-l7hlgx6l-0096f8c700e2bb2776769cefb306ecbe avia-font-entypo-fontello avia-iconfont avia-font-entypo-fontello'><span class='av-icon-char' data-av_icon='\ue84f' data-av_iconfont='entypo-fontello' aria-hidden=\"true\"><\/span><\/div><article class=\"article-icon-entry \"  itemscope=\"itemscope\" itemtype=\"https:\/\/schema.org\/CreativeWork\" ><div class=\"iconlist_content_wrap\"><header class=\"entry-content-header\" aria-label=\"Icon: Unterrichtsf\u00e4cher\"><h4 class='av_iconlist_title iconlist_title  '  itemprop=\"headline\" >Unterrichtsf\u00e4cher<\/h4><\/header><div class='iconlist_content '  itemprop=\"text\" ><div style=\"margin-top: 15px;\">\n<h6>Berufsbezogener Lernbereich<\/h6>\n<ul>\n<li>Handelsmanagement<\/li>\n<li>Allgemeine Betriebswirtschaftslehre<\/li>\n<li>Rechnungswesen\/Controlling<\/li>\n<li>Wirtschaftsinformatik<\/li>\n<li>Digitale Transformation<\/li>\n<li>Kommunikation und F\u00fchrung<\/li>\n<\/ul>\n<\/div>\n<div style=\"margin-top: 10px;\">\n<h6>Berufs\u00fcbergreifender Lernbereich<\/h6>\n<ul>\n<li>Deutsch<\/li>\n<li>Englisch<\/li>\n<li>Wirtschaftsmathematik<\/li>\n<li>Volkswirtschaftslehre<\/li>\n<li>Recht<\/li>\n<\/ul>\n<h6>Bei vorhandenem Interesse erm\u00f6glichen wir Ihnen, weitere Qualifikationen zu erhalten:<\/h6>\n<ul>\n<li>Cisco Networking Academy Kurse<\/li>\n<li>SAP (Zertifizierung einzelner Module oder im Bundle)<\/li>\n<li>Ausbildereignungsschein<\/li>\n<li>Computer F\u00fchrerschein NRW (einzelne Module oder im Bundle)<\/li>\n<li>Au\u00dfenhandelszertifikat<\/li>\n<\/ul>\n<\/div>\n<\/div><\/div><footer class=\"entry-footer\"><\/footer><\/article><div class=\"iconlist-timeline\"><\/div><\/li>\n<li><div class='iconlist_icon av-l7hlzxf1-64738225029eb123a1c5e775a53838aa avia-font-entypo-fontello avia-iconfont avia-font-entypo-fontello'><span class='av-icon-char' data-av_icon='\ue84e' data-av_iconfont='entypo-fontello' aria-hidden=\"true\"><\/span><\/div><article class=\"article-icon-entry \"  itemscope=\"itemscope\" itemtype=\"https:\/\/schema.org\/CreativeWork\" ><div class=\"iconlist_content_wrap\"><header class=\"entry-content-header\" aria-label=\"Icon: Brosch\u00fcre\"><h4 class='av_iconlist_title iconlist_title  '  itemprop=\"headline\" >Brosch\u00fcre<\/h4><\/header><div class='iconlist_content '  itemprop=\"text\" ><p>\n<style type=\"text\/css\" data-created_by=\"avia_inline_auto\" id=\"style-css-av-ggsij-ef1b9d6eb6e2185ce85b66855ab0f55e\">\n#top .hr.hr-invisible.av-ggsij-ef1b9d6eb6e2185ce85b66855ab0f55e{\nheight:5px;\n}\n<\/style>\n<div  class='hr av-ggsij-ef1b9d6eb6e2185ce85b66855ab0f55e hr-invisible  avia-builder-el-2  el_before_av_button  avia-builder-el-first '><span class='hr-inner '><span class=\"hr-inner-style\"><\/span><\/span><\/div><br \/>\n<a href=\"https:\/\/berufskolleg-en.de\/wp-content\/uploads\/2022\/09\/Flyer-FS-Wirtschaft-Handelsmanagement.pdf\" class=\"pdfemb-viewer\" style=\"\" data-width=\"max\" data-height=\"max\" data-toolbar=\"bottom\" data-toolbar-fixed=\"off\">Flyer FS Wirtschaft Handelsmanagement<\/a><\/p>\n<p>Zum Bl\u00e4ttern auf die Brosch\u00fcre klicken. Sie k\u00f6nnen die Brosch\u00fcre auch <a href=\"https:\/\/berufskolleg-en.de\/wp-content\/uploads\/2022\/09\/Flyer-FS-Wirtschaft-Handelsmanagement.pdf\">hier<\/a> herunterladen.<\/p>\n<\/div><\/div><footer class=\"entry-footer\"><\/footer><\/article><div class=\"iconlist-timeline\"><\/div><\/li>\n<li><div class='iconlist_icon av-l7hlhy0c-99c7bff42ba40d0a4fb79cadcb45df68 avia-font-entypo-fontello avia-iconfont avia-font-entypo-fontello'><span class='av-icon-char' data-av_icon='\ue80a' data-av_iconfont='entypo-fontello' aria-hidden=\"true\"><\/span><\/div><article class=\"article-icon-entry \"  itemscope=\"itemscope\" itemtype=\"https:\/\/schema.org\/CreativeWork\" ><div class=\"iconlist_content_wrap\"><header class=\"entry-content-header\" aria-label=\"Icon: Ansprechpartnerin\"><h4 class='av_iconlist_title iconlist_title  '  itemprop=\"headline\" >Ansprechpartnerin<\/h4><\/header><div class='iconlist_content '  itemprop=\"text\" ><p>Scarlett Witkowski<\/p>\n<div  class='avia-button-wrap av-jysl8h7n-d52a319264b9b9f92a216404ecf5a6f4-wrap avia-button-relative  avia-builder-el-3  el_after_av_hr  avia-builder-el-last '><a href='mailto:fs-wirtschaft@berufskolleg-en.de'  class='avia-button av-jysl8h7n-d52a319264b9b9f92a216404ecf5a6f4 av-link-btn avia-icon_select-yes-left-icon avia-size-small avia-position-relative avia-color-theme-color'   aria-label=\"fs-wirtschaft@berufskolleg-en.de\"><span class='avia_button_icon avia_button_icon_left avia-iconfont avia-font-entypo-fontello' data-av_icon='\ue805' data-av_iconfont='entypo-fontello' ><\/span><span class='avia_iconbox_title' >fs-wirtschaft@berufskolleg-en.de<\/span><\/a><\/div>\n<\/div><\/div><footer class=\"entry-footer\"><\/footer><\/article><div class=\"iconlist-timeline\"><\/div><\/li>\n<\/ul><\/div>\n\n<style type=\"text\/css\" data-created_by=\"avia_inline_auto\" id=\"style-css-av-l7hma1sq-992580e23066253855378b11ef33ce63\">\n#top .avia-icon-list-container.av-l7hma1sq-992580e23066253855378b11ef33ce63 .iconlist_icon{\nfont-size:16px;\n}\n#top .avia-icon-list-container.av-l7hma1sq-992580e23066253855378b11ef33ce63 .iconlist_icon svg:first-child{\nheight:16px;\nwidth:16px;\n}\n#top #wrap_all .avia-icon-list-container.av-l7hma1sq-992580e23066253855378b11ef33ce63 .av_iconlist_title{\nfont-size:16px;\n}\n\n@media only screen and (max-width: 479px){ \n#top #wrap_all .avia-icon-list-container.av-l7hma1sq-992580e23066253855378b11ef33ce63 .av_iconlist_title{\nfont-size:13px;\n}\n}\n<\/style>\n<div  class='avia-icon-list-container av-l7hma1sq-992580e23066253855378b11ef33ce63  avia-builder-el-4  el_after_av_iconlist  avia-builder-el-last  av-desktop-hide av-medium-hide av-small-hide av-mini-hide'><ul class='avia-icon-list avia_animate_when_almost_visible avia-icon-list-left av-iconlist-small av-l7hma1sq-992580e23066253855378b11ef33ce63 avia-iconlist-animate'>\n<li><div class='iconlist_icon av-l7hmg3z8-663852185c6a3529706a80d7881f1bab avia-font-entypo-fontello avia-iconfont avia-font-entypo-fontello'><span class='av-icon-char' data-av_icon='\ue8d1' data-av_iconfont='entypo-fontello' aria-hidden=\"true\"><\/span><\/div><article class=\"article-icon-entry \"  itemscope=\"itemscope\" itemtype=\"https:\/\/schema.org\/CreativeWork\" ><div class=\"iconlist_content_wrap\"><header class=\"entry-content-header\" aria-label=\"Icon: Aufnahmevoraussetzungen\"><div class='av_iconlist_title iconlist_title_small  '  itemprop=\"headline\" >Aufnahmevoraussetzungen<\/div><\/header><div class='iconlist_content '  itemprop=\"text\" ><div style=\"margin-top: 10px;\">\n<ul>\n<li>Mindestens die Fachoberschulreife <strong>und<\/strong> eine abgeschlossene kaufm\u00e4nnische Ausbildung. Dar\u00fcber hinaus ben\u00f6tigen mindestens <strong>ein Jahr Berufst\u00e4tigkeit<\/strong> im Bereich Wirtschaft und Verwaltung; der Nachweis kann w\u00e4hrend des Studiums erbracht werden, sodass einem Beginn des Studiums nach der Ausbildung nichts im Wege steht.<\/li>\n<\/ul>\n<p>oder<\/p>\n<ul>\n<li>Eine mindestens f\u00fcnfj\u00e4hrige \u201eeinschl\u00e4gige\u201c Berufst\u00e4tigkeit in einem nicht-kaufm\u00e4nnischen Bereich.<\/li>\n<\/ul>\n<\/div>\n<\/div><\/div><footer class=\"entry-footer\"><\/footer><\/article><div class=\"iconlist-timeline\"><\/div><\/li>\n<li><div class='iconlist_icon av-2ymqoht-ffe700be6b118a578f4dbf70de813e0d avia-font-entypo-fontello avia-iconfont avia-font-entypo-fontello'><span class='av-icon-char' data-av_icon='\ue8c9' data-av_iconfont='entypo-fontello' aria-hidden=\"true\"><\/span><\/div><article class=\"article-icon-entry \"  itemscope=\"itemscope\" itemtype=\"https:\/\/schema.org\/CreativeWork\" ><div class=\"iconlist_content_wrap\"><header class=\"entry-content-header\" aria-label=\"Icon: Abschluss\"><div class='av_iconlist_title iconlist_title_small  '  itemprop=\"headline\" >Abschluss<\/div><\/header><div class='iconlist_content '  itemprop=\"text\" ><div style=\"margin-top: 10px;\">\n<p>In 7 Semestern erhalten Sie die Chance, den<\/p>\n<p style=\"text-align: center;\"><strong>Bachelor Professional in Wirtschaft<\/strong> mit <strong>Schwerpunkt Handelsmanagement<\/strong><\/p>\n<p style=\"text-align: center;\">(Staatlich gepr\u00fcfte(r) Betriebswirt\/-in)<\/p>\n<p>geb\u00fchrenfrei zu erlangen (DQR-Stufe 6).<\/p>\n<\/div>\n<\/div><\/div><footer class=\"entry-footer\"><\/footer><\/article><div class=\"iconlist-timeline\"><\/div><\/li>\n<li><div class='iconlist_icon av-8h4w0x-38ff929bb3380db20584b73ad6fa509d avia-font-entypo-fontello avia-iconfont avia-font-entypo-fontello'><span class='av-icon-char' data-av_icon='\ue863' data-av_iconfont='entypo-fontello' aria-hidden=\"true\"><\/span><\/div><article class=\"article-icon-entry \"  itemscope=\"itemscope\" itemtype=\"https:\/\/schema.org\/CreativeWork\" ><div class=\"iconlist_content_wrap\"><header class=\"entry-content-header\" aria-label=\"Icon: Dauer\"><div class='av_iconlist_title iconlist_title_small  '  itemprop=\"headline\" >Dauer<\/div><\/header><div class='iconlist_content '  itemprop=\"text\" ><p>7 Semester inklusive eines Einf\u00fchrungssemesters<\/p>\n<\/div><\/div><footer class=\"entry-footer\"><\/footer><\/article><div class=\"iconlist-timeline\"><\/div><\/li>\n<li><div class='iconlist_icon av-29obkn5-8be69509d76b109b40360cc5b6163fca avia-font-entypo-fontello avia-iconfont avia-font-entypo-fontello'><span class='av-icon-char' data-av_icon='\ue84f' data-av_iconfont='entypo-fontello' aria-hidden=\"true\"><\/span><\/div><article class=\"article-icon-entry \"  itemscope=\"itemscope\" itemtype=\"https:\/\/schema.org\/CreativeWork\" ><div class=\"iconlist_content_wrap\"><header class=\"entry-content-header\" aria-label=\"Icon: Unterrichtsf\u00e4cher\"><div class='av_iconlist_title iconlist_title_small  '  itemprop=\"headline\" >Unterrichtsf\u00e4cher<\/div><\/header><div class='iconlist_content '  itemprop=\"text\" ><div style=\"margin-top: 15px;\">\n<p><strong>Berufsbezogener Lernbereich<\/strong><\/p>\n<ul>\n<li>Handelsmanagement<\/li>\n<li>Allgemeine Betriebswirtschaftslehre<\/li>\n<li>Rechnungswesen\/Controlling<\/li>\n<li>Wirtschaftsinformatik<\/li>\n<li>Digitale Transformation<\/li>\n<li>Kommunikation und F\u00fchrung<\/li>\n<\/ul>\n<\/div>\n<div style=\"margin-top: 10px;\">\n<p><strong>Berufs\u00fcbergreifender Lernbereich<\/strong><\/p>\n<ul>\n<li>Deutsch<\/li>\n<li>Englisch<\/li>\n<li>Wirtschaftsmathematik<\/li>\n<li>Volkswirtschaftslehre<\/li>\n<li>Recht<\/li>\n<\/ul>\n<p><strong>Bei vorhandenem Interesse erm\u00f6glichen wir Ihnen, weitere Qualifikationen zu erhalten:<\/strong><\/p>\n<ul>\n<li>Cisco Networking Academy Kurse<\/li>\n<li>SAP (Zertifizierung einzelner Module oder im Bundle)<\/li>\n<li>Ausbildereignungsschein<\/li>\n<li>Computer F\u00fchrerschein NRW (einzelne Module oder im Bundle)<\/li>\n<li>Au\u00dfenhandelszertifikat<\/li>\n<\/ul>\n<\/div>\n<\/div><\/div><footer class=\"entry-footer\"><\/footer><\/article><div class=\"iconlist-timeline\"><\/div><\/li>\n<li><div class='iconlist_icon av-1ofza81-94808cbb4512367875f7b5391bea4ba5 avia-font-entypo-fontello avia-iconfont avia-font-entypo-fontello'><span class='av-icon-char' data-av_icon='\ue84e' data-av_iconfont='entypo-fontello' aria-hidden=\"true\"><\/span><\/div><article class=\"article-icon-entry \"  itemscope=\"itemscope\" itemtype=\"https:\/\/schema.org\/CreativeWork\" ><div class=\"iconlist_content_wrap\"><header class=\"entry-content-header\" aria-label=\"Icon: Brosch\u00fcre\"><div class='av_iconlist_title iconlist_title_small  '  itemprop=\"headline\" >Brosch\u00fcre<\/div><\/header><div class='iconlist_content '  itemprop=\"text\" ><p>Die Brosch\u00fcre kann <a href=\"https:\/\/berufskolleg-en.de\/wp-content\/uploads\/2022\/09\/Flyer-FS-Wirtschaft-Handelsmanagement.pdf\">hier<\/a> als pdf-Datei heruntergeladen werden.<\/p>\n<\/div><\/div><footer class=\"entry-footer\"><\/footer><\/article><div class=\"iconlist-timeline\"><\/div><\/li>\n<li><div class='iconlist_icon av-1d7s3mp-28fa84945ba20d52b4fab82bef97e9fb avia-font-entypo-fontello avia-iconfont avia-font-entypo-fontello'><span class='av-icon-char' data-av_icon='\ue80a' data-av_iconfont='entypo-fontello' aria-hidden=\"true\"><\/span><\/div><article class=\"article-icon-entry \"  itemscope=\"itemscope\" itemtype=\"https:\/\/schema.org\/CreativeWork\" ><div class=\"iconlist_content_wrap\"><header class=\"entry-content-header\" aria-label=\"Icon: Ansprechpartnerin\"><div class='av_iconlist_title iconlist_title_small  '  itemprop=\"headline\" >Ansprechpartnerin<\/div><\/header><div class='iconlist_content '  itemprop=\"text\" ><p>Scarlett Witkowski<\/p>\n<div  class='avia-button-wrap av-ubx7y9-e41545d1be9c3049d03099d4849cc22e-wrap avia-button-relative  avia-builder-el-5  avia-builder-el-no-sibling '><a href='mailto:fs-wirtschaft@berufskolleg-en.de'  class='avia-button av-ubx7y9-e41545d1be9c3049d03099d4849cc22e av-link-btn avia-icon_select-yes-left-icon avia-size-small avia-position-relative avia-color-theme-color'   aria-label=\"fs-wirtschaft@berufskolleg-en.de\"><span class='avia_button_icon avia_button_icon_left avia-iconfont avia-font-entypo-fontello' data-av_icon='\ue805' data-av_iconfont='entypo-fontello' ><\/span><span class='avia_iconbox_title' >fs-wirtschaft@berufskolleg-en.de<\/span><\/a><\/div>\n<\/div><\/div><footer class=\"entry-footer\"><\/footer><\/article><div class=\"iconlist-timeline\"><\/div><\/li>\n<\/ul><\/div>\n","protected":false},"excerpt":{"rendered":"","protected":false},"author":1,"featured_media":0,"parent":0,"menu_order":0,"comment_status":"closed","ping_status":"closed","template":"","meta":{"footnotes":""},"class_list":["post-11009","page","type-page","status-publish","hentry"],"publishpress_future_action":{"enabled":false,"date":"2026-04-29 08:22:52","action":"change-status","newStatus":"draft","terms":[],"taxonomy":"","extraData":[]},"publishpress_future_workflow_manual_trigger":{"enabledWorkflows":[]},"_links":{"self":[{"href":"https:\/\/berufskolleg-en.de\/index.php?rest_route=\/wp\/v2\/pages\/11009","targetHints":{"allow":["GET"]}}],"collection":[{"href":"https:\/\/berufskolleg-en.de\/index.php?rest_route=\/wp\/v2\/pages"}],"about":[{"href":"https:\/\/berufskolleg-en.de\/index.php?rest_route=\/wp\/v2\/types\/page"}],"author":[{"embeddable":true,"href":"https:\/\/berufskolleg-en.de\/index.php?rest_route=\/wp\/v2\/users\/1"}],"replies":[{"embeddable":true,"href":"https:\/\/berufskolleg-en.de\/index.php?rest_route=%2Fwp%2Fv2%2Fcomments&post=11009"}],"version-history":[{"count":25,"href":"https:\/\/berufskolleg-en.de\/index.php?rest_route=\/wp\/v2\/pages\/11009\/revisions"}],"predecessor-version":[{"id":15119,"href":"https:\/\/berufskolleg-en.de\/index.php?rest_route=\/wp\/v2\/pages\/11009\/revisions\/15119"}],"wp:attachment":[{"href":"https:\/\/berufskolleg-en.de\/index.php?rest_route=%2Fwp%2Fv2%2Fmedia&parent=11009"}],"curies":[{"name":"wp","href":"https:\/\/api.w.org\/{rel}","templated":true}]}}