{"id":12723,"date":"2023-09-07T15:04:12","date_gmt":"2023-09-07T13:04:12","guid":{"rendered":"https:\/\/berufskolleg-en.de\/?page_id=12723"},"modified":"2023-09-16T13:34:28","modified_gmt":"2023-09-16T11:34:28","slug":"praktikum","status":"publish","type":"page","link":"https:\/\/berufskolleg-en.de\/?page_id=12723","title":{"rendered":"Praktikum"},"content":{"rendered":"<section  class='av_textblock_section av-lm96j8zn-fa0551566c97043bd2327477f91ef70b '   itemscope=\"itemscope\" itemtype=\"https:\/\/schema.org\/CreativeWork\" ><div class='avia_textblock'  itemprop=\"text\" ><h3><strong>Informationen zum Praktikum<\/strong><\/h3>\n<a href=\"https:\/\/berufskolleg-en.de\/wp-content\/uploads\/2023\/09\/Praktikum-23.pdf\" class=\"pdfemb-viewer\" style=\"\" data-width=\"max\" data-height=\"max\" data-toolbar=\"bottom\" data-toolbar-fixed=\"off\">Praktikum 23<\/a>\n<p>Zum Bl\u00e4ttern auf die Brosch\u00fcre klicken. Sie k\u00f6nnen die Brosch\u00fcre auch <a href=\"https:\/\/berufskolleg-en.de\/wp-content\/uploads\/2023\/09\/Praktikum-23.pdf\">hier<\/a> herunterladen.<\/p>\n<\/div><\/section>\n","protected":false},"excerpt":{"rendered":"","protected":false},"author":1,"featured_media":0,"parent":0,"menu_order":0,"comment_status":"closed","ping_status":"closed","template":"","meta":{"footnotes":""},"class_list":["post-12723","page","type-page","status-publish","hentry"],"publishpress_future_action":{"enabled":false,"date":"2026-05-10 16:35:09","action":"change-status","newStatus":"draft","terms":[],"taxonomy":"","extraData":[]},"publishpress_future_workflow_manual_trigger":{"enabledWorkflows":[]},"_links":{"self":[{"href":"https:\/\/berufskolleg-en.de\/index.php?rest_route=\/wp\/v2\/pages\/12723","targetHints":{"allow":["GET"]}}],"collection":[{"href":"https:\/\/berufskolleg-en.de\/index.php?rest_route=\/wp\/v2\/pages"}],"about":[{"href":"https:\/\/berufskolleg-en.de\/index.php?rest_route=\/wp\/v2\/types\/page"}],"author":[{"embeddable":true,"href":"https:\/\/berufskolleg-en.de\/index.php?rest_route=\/wp\/v2\/users\/1"}],"replies":[{"embeddable":true,"href":"https:\/\/berufskolleg-en.de\/index.php?rest_route=%2Fwp%2Fv2%2Fcomments&post=12723"}],"version-history":[{"count":3,"href":"https:\/\/berufskolleg-en.de\/index.php?rest_route=\/wp\/v2\/pages\/12723\/revisions"}],"predecessor-version":[{"id":12767,"href":"https:\/\/berufskolleg-en.de\/index.php?rest_route=\/wp\/v2\/pages\/12723\/revisions\/12767"}],"wp:attachment":[{"href":"https:\/\/berufskolleg-en.de\/index.php?rest_route=%2Fwp%2Fv2%2Fmedia&parent=12723"}],"curies":[{"name":"wp","href":"https:\/\/api.w.org\/{rel}","templated":true}]}}