{"id":13417,"date":"2024-01-31T13:23:02","date_gmt":"2024-01-31T12:23:02","guid":{"rendered":"https:\/\/berufskolleg-en.de\/?page_id=13417"},"modified":"2025-08-20T17:46:31","modified_gmt":"2025-08-20T15:46:31","slug":"fachschule-fuer-sozialwesen","status":"publish","type":"page","link":"https:\/\/berufskolleg-en.de\/?page_id=13417","title":{"rendered":"Fachschule des Sozialwesens"},"content":{"rendered":"<section  class='av_textblock_section av-jysqhvd4-35b13ccb4d6407cb05f9572477e9c1f4 '   itemscope=\"itemscope\" itemtype=\"https:\/\/schema.org\/CreativeWork\" ><div class='avia_textblock'  itemprop=\"text\" ><h3>Fachschule des Sozialwesens &#8211; Fachrichtung Sozialp\u00e4dagogik (Erzieher*innen\/PiA)<\/h3>\n<p>Praxisintegrierte Ausbildung, die zur selbstst\u00e4ndigen und eigenverantwortlichen Arbeit als Fachkraft in den sozialp\u00e4dagogischen Arbeitsfeldern Kindertageseinrichtungen, Kinder- und Jugendarbeit, Hilfen zur Erziehung und zu sozialp\u00e4dagogischen T\u00e4tigkeiten in der Schule f\u00fchrt.<\/p>\n<\/div><\/section>\n\n\n<style type=\"text\/css\" data-created_by=\"avia_inline_auto\" id=\"style-css-av-jysqzau2-c141742892dbe8a75baf7f017de01e34\">\n#top #wrap_all .avia-icon-list-container.av-jysqzau2-c141742892dbe8a75baf7f017de01e34 .av_iconlist_title{\nfont-size:16px;\n}\n\n@media only screen and (max-width: 479px){ \n#top #wrap_all .avia-icon-list-container.av-jysqzau2-c141742892dbe8a75baf7f017de01e34 .av_iconlist_title{\nfont-size:13px;\n}\n}\n<\/style>\n<div  class='avia-icon-list-container av-jysqzau2-c141742892dbe8a75baf7f017de01e34  avia-builder-el-2  el_after_av_codeblock  el_before_av_iconlist  av-mini-hide'><ul class='avia-icon-list avia_animate_when_almost_visible avia-icon-list-left av-iconlist-big av-jysqzau2-c141742892dbe8a75baf7f017de01e34 avia-iconlist-animate'>\n<li><div class='iconlist_icon av-513ni89-724ebd57505123db461c40fdd5167826 avia-font-entypo-fontello avia-iconfont avia-font-entypo-fontello'><span class='av-icon-char' data-av_icon='\ue8d1' data-av_iconfont='entypo-fontello' aria-hidden=\"true\"><\/span><\/div><article class=\"article-icon-entry \"  itemscope=\"itemscope\" itemtype=\"https:\/\/schema.org\/CreativeWork\" ><div class=\"iconlist_content_wrap\"><header class=\"entry-content-header\" aria-label=\"Icon: Aufnahmevoraussetzungen\"><h4 class='av_iconlist_title iconlist_title  '  itemprop=\"headline\" >Aufnahmevoraussetzungen<\/h4><\/header><div class='iconlist_content '  itemprop=\"text\" ><div style=\"margin-top: 10px;\">\n<p>Ausbildungsvertrag mit einer sozialp\u00e4dagogischen Einrichtung<\/p>\n<p>und eine der folgenden Voraussetzungen:<\/p>\n<ul>\n<li>eine abgeschlossene einschl\u00e4gige Berufsausbildung von mind. zweij\u00e4hriger Dauer (z. B. Sozialassistent*in, Heilerziehungspfleger*in) und die Fachoberschulreife (FOR)<\/li>\n<li>ein Abschluss der Fachhochschulreife an einer zweij\u00e4hrigen Berufsfachschule im Bereich Gesundheit\/Soziales<\/li>\n<li>eine Allgemeine Hochschulreife oder Fachhochschulreife und ein sechsw\u00f6chiges Praktikum (mind. 240 Arbeitsstunden innerhalb eines Jahres) in einer f\u00fcr den Bildungsgang geeigneten Einrichtung<\/li>\n<\/ul>\n<\/div>\n<\/div><\/div><footer class=\"entry-footer\"><\/footer><\/article><div class=\"iconlist-timeline\"><\/div><\/li>\n<li><div class='iconlist_icon av-4avzgeh-05c0d854fad9075fb64de5ed0bd8b495 avia-font-entypo-fontello avia-iconfont avia-font-entypo-fontello'><span class='av-icon-char' data-av_icon='\ue8c9' data-av_iconfont='entypo-fontello' aria-hidden=\"true\"><\/span><\/div><article class=\"article-icon-entry \"  itemscope=\"itemscope\" itemtype=\"https:\/\/schema.org\/CreativeWork\" ><div class=\"iconlist_content_wrap\"><header class=\"entry-content-header\" aria-label=\"Icon: Abschluss\"><h4 class='av_iconlist_title iconlist_title  '  itemprop=\"headline\" >Abschluss<\/h4><\/header><div class='iconlist_content '  itemprop=\"text\" ><div style=\"margin-top: 10px;\">\n<div>\n<p>Staatlich gepr\u00fcfte Erzieherin\/Staatlich gepr\u00fcfter Erzieher<\/p>\n<\/div>\n<\/div>\n<\/div><\/div><footer class=\"entry-footer\"><\/footer><\/article><div class=\"iconlist-timeline\"><\/div><\/li>\n<li><div class='iconlist_icon av-3su93xl-ce317e5ab107e5dfb0f5c81f7fad6d0b avia-font-entypo-fontello avia-iconfont avia-font-entypo-fontello'><span class='av-icon-char' data-av_icon='\ue863' data-av_iconfont='entypo-fontello' aria-hidden=\"true\"><\/span><\/div><article class=\"article-icon-entry \"  itemscope=\"itemscope\" itemtype=\"https:\/\/schema.org\/CreativeWork\" ><div class=\"iconlist_content_wrap\"><header class=\"entry-content-header\" aria-label=\"Icon: Dauer\"><h4 class='av_iconlist_title iconlist_title  '  itemprop=\"headline\" >Dauer<\/h4><\/header><div class='iconlist_content '  itemprop=\"text\" ><p>drei Jahre<\/p>\n<\/div><\/div><footer class=\"entry-footer\"><\/footer><\/article><div class=\"iconlist-timeline\"><\/div><\/li>\n<li><div class='iconlist_icon av-3l1y8bt-08a8dc1e6e70ead1d553e9bd1db4df9e avia-font-entypo-fontello avia-iconfont avia-font-entypo-fontello'><span class='av-icon-char' data-av_icon='\ue84f' data-av_iconfont='entypo-fontello' aria-hidden=\"true\"><\/span><\/div><article class=\"article-icon-entry \"  itemscope=\"itemscope\" itemtype=\"https:\/\/schema.org\/CreativeWork\" ><div class=\"iconlist_content_wrap\"><header class=\"entry-content-header\" aria-label=\"Icon: Unterrichtsf\u00e4cher\"><h4 class='av_iconlist_title iconlist_title  '  itemprop=\"headline\" >Unterrichtsf\u00e4cher<\/h4><\/header><div class='iconlist_content '  itemprop=\"text\" ><div style=\"margin-top: 15px;\">\n<div>\n<div>\n<h6>Berufsbezogener Lernbereich<\/h6>\n<\/div>\n<p>Sechs Lernfelder, die in allen Schuljahren unterrichtet werden:<\/p>\n<ul>\n<li>Berufliche Identit\u00e4t und professionelle Perspektiven weiter entwickeln<\/li>\n<li>P\u00e4dagogische Beziehungen gestalten und mit Gruppen p\u00e4dagogisch arbeiten<\/li>\n<li>Lebenswelten und Diversit\u00e4t wahrnehmen, verstehen und Inklusion f\u00f6rdern<\/li>\n<li>Sozialp\u00e4dagogische Bildungsarbeit in den Bildungsbereichen professionell gestalten<\/li>\n<li>Erziehungs- und Bildungspartnerschaften mit eltern und Bezugspersonen gestalten sowie \u00dcberg\u00e4nge unterst\u00fctzen<\/li>\n<li>Institution und Team entwickelnsowie in Netzwerken kooperieren<\/li>\n<\/ul>\n<p>und<\/p>\n<ul>\n<li>Religionslehre<\/li>\n<li>Wahlfach 1: Vertiefung in einem Bildungsbereich<\/li>\n<li>Wahlfach 2: Vertiefung eines Arbeitsfelds\/einer Zielgruppe<\/li>\n<li>Projektarbeit<\/li>\n<li>sozialp\u00e4dagogische Praxis in der jeweiligen Einrichtung<\/li>\n<\/ul>\n<div style=\"margin-top: 15px;\">\n<h6>Berufs\u00fcbergreifender Lernbereich<\/h6>\n<ul>\n<li>Deutsch\/Kommunikation<\/li>\n<li>Englisch<\/li>\n<li>Politik\/Gesellschaftslehre<\/li>\n<\/ul>\n<\/div>\n<\/div>\n<\/div><\/div><footer class=\"entry-footer\"><\/footer><\/article><div class=\"iconlist-timeline\"><\/div><\/li>\n<li><div class='iconlist_icon av-lt2z03ap-181f260bc152e28abdc281a5874e5933 avia-font-entypo-fontello avia-iconfont avia-font-entypo-fontello'><span class='av-icon-char' data-av_icon='\ue84e' data-av_iconfont='entypo-fontello' aria-hidden=\"true\"><\/span><\/div><article class=\"article-icon-entry \"  itemscope=\"itemscope\" itemtype=\"https:\/\/schema.org\/CreativeWork\" ><div class=\"iconlist_content_wrap\"><header class=\"entry-content-header\" aria-label=\"Icon: Brosch\u00fcre\"><h4 class='av_iconlist_title iconlist_title  '  itemprop=\"headline\" >Brosch\u00fcre<\/h4><\/header><div class='iconlist_content '  itemprop=\"text\" ><p>\n<style type=\"text\/css\" data-created_by=\"avia_inline_auto\" id=\"style-css-av-ggsij-ef1b9d6eb6e2185ce85b66855ab0f55e\">\n#top .hr.hr-invisible.av-ggsij-ef1b9d6eb6e2185ce85b66855ab0f55e{\nheight:5px;\n}\n<\/style>\n<div  class='hr av-ggsij-ef1b9d6eb6e2185ce85b66855ab0f55e hr-invisible  avia-builder-el-3  el_before_av_button  avia-builder-el-first '><span class='hr-inner '><span class=\"hr-inner-style\"><\/span><\/span><\/div><br \/>\n<a href=\"https:\/\/berufskolleg-en.de\/wp-content\/uploads\/2024\/02\/Flyer-Erzieher_digital.pdf\" class=\"pdfemb-viewer\" style=\"\" data-width=\"max\" data-height=\"max\" data-toolbar=\"bottom\" data-toolbar-fixed=\"off\">Flyer Erzieher_digital<\/a><\/p>\n<p>Zum Bl\u00e4ttern auf die Brosch\u00fcre klicken. Sie k\u00f6nnen die Brosch\u00fcre auch <a href=\"https:\/\/berufskolleg-en.de\/wp-content\/uploads\/2024\/02\/Flyer-Erzieher_digital.pdf\">hier<\/a> herunterladen.<\/p>\n<\/div><\/div><footer class=\"entry-footer\"><\/footer><\/article><div class=\"iconlist-timeline\"><\/div><\/li>\n<li><div class='iconlist_icon av-33913m1-09fdbdfd4b4b7d6711215768c4d4c79e avia-font-entypo-fontello avia-iconfont avia-font-entypo-fontello'><span class='av-icon-char' data-av_icon='\ue80a' data-av_iconfont='entypo-fontello' aria-hidden=\"true\"><\/span><\/div><article class=\"article-icon-entry \"  itemscope=\"itemscope\" itemtype=\"https:\/\/schema.org\/CreativeWork\" ><div class=\"iconlist_content_wrap\"><header class=\"entry-content-header\" aria-label=\"Icon: Ansprechpartner*innen\"><h4 class='av_iconlist_title iconlist_title  '  itemprop=\"headline\" >Ansprechpartner*innen<\/h4><\/header><div class='iconlist_content '  itemprop=\"text\" ><p>Thomas Allan<\/p>\n<div  class='avia-button-wrap av-jysl8h7n-3-430e82fa7d26e07a70b8222b56be4ebd-wrap avia-button-relative  avia-builder-el-4  el_after_av_hr  el_before_av_button '><a href='mailto:allan@berufskolleg-en.de'  class='avia-button av-jysl8h7n-3-430e82fa7d26e07a70b8222b56be4ebd av-link-btn avia-icon_select-yes-left-icon avia-size-small avia-position-relative avia-color-theme-color'   aria-label=\"allan@berufskolleg-en.de\"><span class='avia_button_icon avia_button_icon_left avia-iconfont avia-font-entypo-fontello' data-av_icon='\ue805' data-av_iconfont='entypo-fontello' ><\/span><span class='avia_iconbox_title' >allan@berufskolleg-en.de<\/span><\/a><\/div>\n<p>Jana Rebischke-Shabaj<\/p>\n<div  class='avia-button-wrap av-jysl8h7n-fdc2b932c35762f068dbc1e1d2ef2041-wrap avia-button-relative  avia-builder-el-5  el_after_av_button  avia-builder-el-last '><a href='mailto:rebischke@berufskolleg-en.de'  class='avia-button av-jysl8h7n-fdc2b932c35762f068dbc1e1d2ef2041 av-link-btn avia-icon_select-yes-left-icon avia-size-small avia-position-relative avia-color-theme-color'   aria-label=\"rebischke@berufskolleg-en.de\"><span class='avia_button_icon avia_button_icon_left avia-iconfont avia-font-entypo-fontello' data-av_icon='\ue805' data-av_iconfont='entypo-fontello' ><\/span><span class='avia_iconbox_title' >rebischke@berufskolleg-en.de<\/span><\/a><\/div>\n<\/div><\/div><footer class=\"entry-footer\"><\/footer><\/article><div class=\"iconlist-timeline\"><\/div><\/li>\n<\/ul><\/div>\n\n<style type=\"text\/css\" data-created_by=\"avia_inline_auto\" id=\"style-css-av-jysqzau2-11-6ecab6e706e11f1475290e887ce68bf1\">\n#top .avia-icon-list-container.av-jysqzau2-11-6ecab6e706e11f1475290e887ce68bf1 .iconlist_icon{\nfont-size:16px;\n}\n#top .avia-icon-list-container.av-jysqzau2-11-6ecab6e706e11f1475290e887ce68bf1 .iconlist_icon svg:first-child{\nheight:16px;\nwidth:16px;\n}\n#top #wrap_all .avia-icon-list-container.av-jysqzau2-11-6ecab6e706e11f1475290e887ce68bf1 .av_iconlist_title{\nfont-size:16px;\ncolor:#ef7b00;\n}\n\n@media only screen and (max-width: 479px){ \n#top #wrap_all .avia-icon-list-container.av-jysqzau2-11-6ecab6e706e11f1475290e887ce68bf1 .av_iconlist_title{\nfont-size:13px;\n}\n}\n<\/style>\n<div  class='avia-icon-list-container av-jysqzau2-11-6ecab6e706e11f1475290e887ce68bf1  avia-builder-el-6  el_after_av_iconlist  avia-builder-el-last  av-desktop-hide av-medium-hide av-small-hide'><ul class='avia-icon-list avia_animate_when_almost_visible avia-icon-list-left av-iconlist-small av-jysqzau2-11-6ecab6e706e11f1475290e887ce68bf1 avia-iconlist-animate'>\n<li><div class='iconlist_icon av-2k3pfex-e0288f16c8e6f7e956eb2323a082cdc4 avia-font-entypo-fontello avia-iconfont avia-font-entypo-fontello'><span class='av-icon-char' data-av_icon='\ue8d1' data-av_iconfont='entypo-fontello' aria-hidden=\"true\"><\/span><\/div><article class=\"article-icon-entry \"  itemscope=\"itemscope\" itemtype=\"https:\/\/schema.org\/CreativeWork\" ><div class=\"iconlist_content_wrap\"><header class=\"entry-content-header\" aria-label=\"Icon: Aufnahmevoraussetzungen\"><div class='av_iconlist_title iconlist_title_small  av_inherit_color'  itemprop=\"headline\" >Aufnahmevoraussetzungen<\/div><\/header><div class='iconlist_content '  itemprop=\"text\" ><p>Ausbildungsvertrag mit einer sozialp\u00e4dagogischen Einrichtung<\/p>\n<p>und eine der folgenden Voraussetzungen:<\/p>\n<ul>\n<li>eine abgeschlossene einschl\u00e4gige Berufsausbildung von mind. zweij\u00e4hriger Dauer (z. B. Sozialassistent*in, Heilerziehungspfleger*in) und die Fachoberschulreife (FOR)<\/li>\n<li>ein Abschluss der Fachhochschulreife an einer zweij\u00e4hrigen Berufsfachschule im Bereich Gesundheit\/Soziales<\/li>\n<li>eine Allgemeine Hochschulreife oder Fachhochschulreife und ein sechsw\u00f6chiges Praktikum (mind. 240 Arbeitsstunden innerhalb eines Jahres) in einer f\u00fcr den Bildungsgang geeigneten Einrichtung<\/li>\n<\/ul>\n<\/div><\/div><footer class=\"entry-footer\"><\/footer><\/article><div class=\"iconlist-timeline\"><\/div><\/li>\n<li><div class='iconlist_icon av-24tvm95-054b23ae0115b591229703c731831675 avia-font-entypo-fontello avia-iconfont avia-font-entypo-fontello'><span class='av-icon-char' data-av_icon='\ue8c9' data-av_iconfont='entypo-fontello' aria-hidden=\"true\"><\/span><\/div><article class=\"article-icon-entry \"  itemscope=\"itemscope\" itemtype=\"https:\/\/schema.org\/CreativeWork\" ><div class=\"iconlist_content_wrap\"><header class=\"entry-content-header\" aria-label=\"Icon: Abschluss\"><div class='av_iconlist_title iconlist_title_small  av_inherit_color'  itemprop=\"headline\" >Abschluss<\/div><\/header><div class='iconlist_content '  itemprop=\"text\" ><div style=\"margin-top: 10px; margin-bottom: 10px;\">\n<p>Staatlich gepr\u00fcfte Erzieherin\/Staatlich gepr\u00fcfter Erzieher<\/p>\n<\/div>\n<\/div><\/div><footer class=\"entry-footer\"><\/footer><\/article><div class=\"iconlist-timeline\"><\/div><\/li>\n<li><div class='iconlist_icon av-63vo21-5815b3eb0b1403c7f96dd07ff95c7f03 avia-font-entypo-fontello avia-iconfont avia-font-entypo-fontello'><span class='av-icon-char' data-av_icon='\ue863' data-av_iconfont='entypo-fontello' aria-hidden=\"true\"><\/span><\/div><article class=\"article-icon-entry \"  itemscope=\"itemscope\" itemtype=\"https:\/\/schema.org\/CreativeWork\" ><div class=\"iconlist_content_wrap\"><header class=\"entry-content-header\" aria-label=\"Icon: Dauer\"><div class='av_iconlist_title iconlist_title_small  av_inherit_color'  itemprop=\"headline\" >Dauer<\/div><\/header><div class='iconlist_content '  itemprop=\"text\" ><p>drei Jahre<\/p>\n<\/div><\/div><footer class=\"entry-footer\"><\/footer><\/article><div class=\"iconlist-timeline\"><\/div><\/li>\n<li><div class='iconlist_icon av-161v689-45128b9f45c315ac65d1cd9f7a0e3633 avia-font-entypo-fontello avia-iconfont avia-font-entypo-fontello'><span class='av-icon-char' data-av_icon='\ue84f' data-av_iconfont='entypo-fontello' aria-hidden=\"true\"><\/span><\/div><article class=\"article-icon-entry \"  itemscope=\"itemscope\" itemtype=\"https:\/\/schema.org\/CreativeWork\" ><div class=\"iconlist_content_wrap\"><header class=\"entry-content-header\" aria-label=\"Icon: Unterrichtsf\u00e4cher\"><div class='av_iconlist_title iconlist_title_small  av_inherit_color'  itemprop=\"headline\" >Unterrichtsf\u00e4cher<\/div><\/header><div class='iconlist_content '  itemprop=\"text\" ><div style=\"margin-top: 15px;\">\n<div>\n<p>Berufsbezogener Lernbereich:<\/p>\n<\/div>\n<p>Sechs Lernfelder, die in allen Schuljahren unterrichtet werden:<\/p>\n<ul>\n<li>Berufliche Identit\u00e4t und professionelle Perspektiven weiter entwickeln<\/li>\n<li>P\u00e4dagogische Beziehungen gestalten und mit Gruppen p\u00e4dagogisch arbeiten<\/li>\n<li>Lebenswelten und Diversit\u00e4t wahrnehmen, verstehen und Inklusion f\u00f6rdern<\/li>\n<li>Sozialp\u00e4dagogische Bildungsarbeit in den Bildungsbereichen professionell gestalten<\/li>\n<li>Erziehungs- und Bildungspartnerschaften mit eltern und Bezugspersonen gestalten sowie \u00dcberg\u00e4nge unterst\u00fctzen<\/li>\n<li>Institution und Team entwickelnsowie in Netzwerken kooperieren<\/li>\n<\/ul>\n<p>und<\/p>\n<ul>\n<li>Religionslehre<\/li>\n<li>Wahlfach 1: Vertiefung in einem Bildungsbereich<\/li>\n<li>Wahlfach 2: Vertiefung eines Arbeitsfelds\/einer Zielgruppe<\/li>\n<li>Projektarbeit<\/li>\n<li>sozialp\u00e4dagogische Praxis in der jeweiligen Einrichtung<\/li>\n<\/ul>\n<p>Berufs\u00fcbergreifender Lernbereich:<\/p>\n<ul>\n<li>Deutsch\/Kommunikation<\/li>\n<li>Englisch<\/li>\n<li>Politik\/Gesellschaftslehre<\/li>\n<\/ul>\n<\/div>\n<\/div><\/div><footer class=\"entry-footer\"><\/footer><\/article><div class=\"iconlist-timeline\"><\/div><\/li>\n<li><div class='iconlist_icon av-lt2z595e-0298f0f36f1a1c83ec48d7897f651f2d avia-font-entypo-fontello avia-iconfont avia-font-entypo-fontello'><span class='av-icon-char' data-av_icon='\ue84e' data-av_iconfont='entypo-fontello' aria-hidden=\"true\"><\/span><\/div><article class=\"article-icon-entry \"  itemscope=\"itemscope\" itemtype=\"https:\/\/schema.org\/CreativeWork\" ><div class=\"iconlist_content_wrap\"><header class=\"entry-content-header\" aria-label=\"Icon: Brosch\u00fcre\"><div class='av_iconlist_title iconlist_title_small  av_inherit_color'  itemprop=\"headline\" >Brosch\u00fcre<\/div><\/header><div class='iconlist_content '  itemprop=\"text\" ><p>Die Brosch\u00fcre kann <a href=\"https:\/\/berufskolleg-en.de\/wp-content\/uploads\/2024\/02\/Flyer-Erzieher_digital.pdf\">hier<\/a> als pdf-Datei heruntergeladen werden.<\/p>\n<\/div><\/div><footer class=\"entry-footer\"><\/footer><\/article><div class=\"iconlist-timeline\"><\/div><\/li>\n<li><div class='iconlist_icon av-ood62x-c75cafdc6dabc5ce209ca70bed5636c5 avia-font-entypo-fontello avia-iconfont avia-font-entypo-fontello'><span class='av-icon-char' data-av_icon='\ue80a' data-av_iconfont='entypo-fontello' aria-hidden=\"true\"><\/span><\/div><article class=\"article-icon-entry \"  itemscope=\"itemscope\" itemtype=\"https:\/\/schema.org\/CreativeWork\" ><div class=\"iconlist_content_wrap\"><header class=\"entry-content-header\" aria-label=\"Icon: Ansprechpartner*innen\"><div class='av_iconlist_title iconlist_title_small  av_inherit_color'  itemprop=\"headline\" >Ansprechpartner*innen<\/div><\/header><div class='iconlist_content '  itemprop=\"text\" ><p>Thomas Allan<\/p>\n<div  class='avia-button-wrap av-jysl8h7n-3-1-540c719a3d580af3796a64235051cfd8-wrap avia-button-relative  avia-builder-el-7  el_before_av_button  avia-builder-el-first '><a href='mailto:allan@berufskolleg-en.de'  class='avia-button av-jysl8h7n-3-1-540c719a3d580af3796a64235051cfd8 av-link-btn avia-icon_select-yes-left-icon avia-size-small avia-position-relative avia-color-theme-color'   aria-label=\"allan@berufskolleg-en.de\"><span class='avia_button_icon avia_button_icon_left avia-iconfont avia-font-entypo-fontello' data-av_icon='\ue805' data-av_iconfont='entypo-fontello' ><\/span><span class='avia_iconbox_title' >allan@berufskolleg-en.de<\/span><\/a><\/div>\n<p>Jana Rebischke-Shabaj<\/p>\n<div  class='avia-button-wrap av-jysl8h7n-2-23a0b4dc393a89af21a7322d7c384ee7-wrap avia-button-relative  avia-builder-el-8  el_after_av_button  avia-builder-el-last '><a href='mailto:rebischke@berufskolleg-en.de'  class='avia-button av-jysl8h7n-2-23a0b4dc393a89af21a7322d7c384ee7 av-link-btn avia-icon_select-yes-left-icon avia-size-small avia-position-relative avia-color-theme-color'   aria-label=\"rebischke@berufskolleg-en.de\"><span class='avia_button_icon avia_button_icon_left avia-iconfont avia-font-entypo-fontello' data-av_icon='\ue805' data-av_iconfont='entypo-fontello' ><\/span><span class='avia_iconbox_title' >rebischke@berufskolleg-en.de<\/span><\/a><\/div>\n<\/div><\/div><footer class=\"entry-footer\"><\/footer><\/article><div class=\"iconlist-timeline\"><\/div><\/li>\n<\/ul><\/div>\n","protected":false},"excerpt":{"rendered":"","protected":false},"author":1,"featured_media":0,"parent":0,"menu_order":0,"comment_status":"closed","ping_status":"closed","template":"","meta":{"footnotes":""},"class_list":["post-13417","page","type-page","status-publish","hentry"],"publishpress_future_action":{"enabled":false,"date":"2026-04-27 10:02:47","action":"change-status","newStatus":"draft","terms":[],"taxonomy":"","extraData":[]},"publishpress_future_workflow_manual_trigger":{"enabledWorkflows":[]},"_links":{"self":[{"href":"https:\/\/berufskolleg-en.de\/index.php?rest_route=\/wp\/v2\/pages\/13417","targetHints":{"allow":["GET"]}}],"collection":[{"href":"https:\/\/berufskolleg-en.de\/index.php?rest_route=\/wp\/v2\/pages"}],"about":[{"href":"https:\/\/berufskolleg-en.de\/index.php?rest_route=\/wp\/v2\/types\/page"}],"author":[{"embeddable":true,"href":"https:\/\/berufskolleg-en.de\/index.php?rest_route=\/wp\/v2\/users\/1"}],"replies":[{"embeddable":true,"href":"https:\/\/berufskolleg-en.de\/index.php?rest_route=%2Fwp%2Fv2%2Fcomments&post=13417"}],"version-history":[{"count":16,"href":"https:\/\/berufskolleg-en.de\/index.php?rest_route=\/wp\/v2\/pages\/13417\/revisions"}],"predecessor-version":[{"id":14827,"href":"https:\/\/berufskolleg-en.de\/index.php?rest_route=\/wp\/v2\/pages\/13417\/revisions\/14827"}],"wp:attachment":[{"href":"https:\/\/berufskolleg-en.de\/index.php?rest_route=%2Fwp%2Fv2%2Fmedia&parent=13417"}],"curies":[{"name":"wp","href":"https:\/\/api.w.org\/{rel}","templated":true}]}}