{"id":154,"date":"2019-06-20T17:38:16","date_gmt":"2019-06-20T15:38:16","guid":{"rendered":"http:\/\/wp.berufskolleg-en.de\/?page_id=154"},"modified":"2021-10-27T09:10:57","modified_gmt":"2021-10-27T07:10:57","slug":"154-2","status":"publish","type":"page","link":"https:\/\/berufskolleg-en.de\/?page_id=154","title":{"rendered":"DSGVO Lehrer"},"content":{"rendered":"<section  class='av_textblock_section av-kjir6jcd-50f7353738a21ad44e8b796509231a29 '   itemscope=\"itemscope\" itemtype=\"https:\/\/schema.org\/CreativeWork\" ><div class='avia_textblock'  itemprop=\"text\" ><div class=\"container\">\n<p><main class=\"template-page content av-content-small alpha units\" role=\"main\"><\/p>\n<div class=\"post-entry post-entry-type-page post-entry-154\">\n<div class=\"entry-content-wrapper clearfix\">\n<section class=\"av_textblock_section \">\n<div class=\"avia_textblock \">\n<header>\n<h3>Informationen DSGVO Lehrer<\/h3>\n<\/header>\n<p style=\"padding-left: 40px;\">Informationen gem\u00e4\u00df Artikel 13 Absatz 1 und 2 sowie Artikel 14 Absatz 1 und 2 DSGVO aufgrund der Erhebung von \u00a0personenbezogenen Daten<\/p>\n<div>Im Zusammenhang mit Ihrer T\u00e4tigkeit, Ausbildung oder Bewerbung um eine T\u00e4tigkeit am Berufskolleg Ennepetal werden Ihre personenbezogenen Daten erhoben. Bitte beachten Sie hierzu nachstehende Datenschutzhinweise:<\/div>\n<p>1. Angaben zum Verantwortlichen<\/p>\n<div>\n<p style=\"padding-left: 40px;\">Verantwortlich f\u00fcr die Datenerhebung ist:<\/p>\n<\/div>\n<div style=\"padding-left: 40px;\">Bezeichnung:\u00a0Anke Westermann, Schulleiterin<\/div>\n<div style=\"padding-left: 40px;\">Stra\u00dfe: Wilhelmsh\u00f6her Str. 12-22<\/div>\n<div style=\"padding-left: 40px;\">Postleitzahl: 58256<\/div>\n<div style=\"padding-left: 40px;\">Ort: Ennepetal<\/div>\n<div style=\"padding-left: 40px;\">Telefon: 02333-98780<\/div>\n<div style=\"padding-left: 40px;\">E-Mail-Adresse: westermann@berufskolleg-en.de<\/div>\n<div style=\"padding-left: 40px;\">Internet-Adresse: www.berufskolleg-en.de<\/div>\n<p>2. Angaben zum Vertreter des Verantwortlichen<\/p>\n<div>\n<p style=\"padding-left: 40px;\">Den oben genannten Verantwortlichen vertritt:<\/p>\n<\/div>\n<div style=\"padding-left: 40px;\">Bezeichnung: Carsten Kreutz, stellvertretender Schulleiter<\/div>\n<div style=\"padding-left: 40px;\">Stra\u00dfe: Wilhelmsh\u00f6her Str. 12-22<\/div>\n<div style=\"padding-left: 40px;\">Postleitzahl: 58256<\/div>\n<div style=\"padding-left: 40px;\">Ort: Ennepetal<\/div>\n<div style=\"padding-left: 40px;\">Telefon: 02333-98780<\/div>\n<div style=\"padding-left: 40px;\">E-Mail-Adresse: kreutz@berufskolleg-en.de<\/div>\n<div style=\"padding-left: 40px;\">Internet-Adresse: www.berufskolleg-en.de<\/div>\n<p>3. Angaben zum Datenschutzbeauftragten<\/p>\n<div>\n<p style=\"padding-left: 40px;\">Die Kontaktaden des Datenschutzbeauftragen lauten:<\/p>\n<\/div>\n<div style=\"padding-left: 40px;\">Bezeichnung: Beh\u00f6rdlicher Datenschutzbeauftragter f\u00fcr die Schulen des Ennepe-Ruhr-Kreises<\/div>\n<div style=\"padding-left: 40px;\">Stra\u00dfe: Hauptstr. 92<\/div>\n<div style=\"padding-left: 40px;\">Postleitzahl: 58332<\/div>\n<div style=\"padding-left: 40px;\">Ort: Schwelm<\/div>\n<div style=\"padding-left: 40px;\">Telefon: 01525-7350354<\/div>\n<div style=\"padding-left: 40px;\">E-Mail-Adresse: M.Marrek@en-kreis.de<\/div>\n<p>4. Angaben zu der Aufsichtsbeh\u00f6rde<\/p>\n<div>\n<p style=\"padding-left: 40px;\">Zust\u00e4ndige Aufsichtsbeh\u00f6rde f\u00fcr den Datenschutz:<\/p>\n<\/div>\n<div style=\"padding-left: 40px;\">Landesbeauftragte f\u00fcr Datenschutz und Informationsfreiheit Nordrhein-Westfalen<\/div>\n<div style=\"padding-left: 40px;\">Stra\u00dfe: Kavalleriestr. 2-4<\/div>\n<div style=\"padding-left: 40px;\">Postleitzahl: 40213 D\u00fcsseldorf<\/div>\n<div style=\"padding-left: 40px;\">Telefon: 0211\/38424-0<\/div>\n<div style=\"padding-left: 40px;\">Telefax: 0211\/38424-10<\/div>\n<div style=\"padding-left: 40px;\">Email: poststelle@ldi.nrw.de<\/div>\n<div style=\"padding-left: 40px;\">Internet: www.ldi.nrw.de<\/div>\n<div style=\"padding-left: 40px;\"><\/div>\n<p>5. Kategorien der Daten, Zweck\/e und Rechtsgrundlage\/n der Verarbeitung<\/p>\n<div>\n<p style=\"padding-left: 40px;\">Personenbezogenen Daten werden aufgrund Ihrer T\u00e4tigkeit, Ausbildung oder Bewerbung um eine T\u00e4tigkeit in der Schule oder im Zentrum f\u00fcr schulpraktische Lehrerausbildung erhoben, soweit dies zur Aufgabenerf\u00fcllung insbesondere bei der Planung und Ermittlung des Unterrichtsbedarfs und der Durchf\u00fchrung des Unterrichts sowie in dienstrechtlichen, arbeitsrechtlichen oder sozialen Angelegenheiten erforderlich ist.<\/p>\n<\/div>\n<div style=\"padding-left: 40px;\">Rechtsgrundlagen f\u00fcr die Verarbeitung Ihrer Daten sind:<\/div>\n<div style=\"padding-left: 40px;\"><\/div>\n<div style=\"padding-left: 40px;\">Art. 6 Abs. 1 S. 1 Buchstabe e, Abs. 3, Art. 9 Abs. 2 Buchstabe g) EU-Datenschutzgrundverordnung (DSGVO) in Verbindung mit \u00a7\u00a7 121-122 Schulgesetz (SchulG) sowie insbesondere die Verordnung \u00fcber die zur Verarbeitung zugelassenen Daten von Lehrerinnen und Lehrern (VO DV II, einsehbar unter www.recht.nrw.de).<\/div>\n<div style=\"padding-left: 40px;\"><\/div>\n<div style=\"padding-left: 40px;\">\n<p style=\"padding-left: 40px;\">Dieser Verordnung k\u00f6nnen Sie insbesondere konkrete Daten entnehmen, die zur Verarbeitung zugelassen sind, sowie detailliert die jeweiligen Zweckbestimmungen.<\/p>\n<\/div>\n<p>6. Evtl. Empf\u00e4nger der personenbezogenen Daten (einschlie\u00dflich des Zwecks der \u201e\u00dcbermittlung\u201c, der unter 5. bereits dargestellt ist)<\/p>\n<div>\n<p style=\"padding-left: 40px;\">Ihre personenbezogenen Daten k\u00f6nnen teilweise ggf. weitergegeben werden an:<\/p>\n<\/div>\n<div style=\"padding-left: 40px;\">\n<ul>\n<li style=\"text-align: left;\">Schulaufsichtsbeh\u00f6rden, den Landesbetrieb Information und Technik und das Landesamt f\u00fcr Besoldung und Versorgung (u.a.) f\u00fcr die im Einzelnen beschriebenen Zwecke: \u00a7 121 Abs. 2 bis 5 SchulG<\/li>\n<li style=\"text-align: left;\">Schulaufsichtsbeh\u00f6rden und andere Beh\u00f6rden, soweit dies zur Erf\u00fcllung der dort im Einzelnen beschriebenen Zwecke erforderlich ist: \u00a7 8 VO DV II<\/li>\n<\/ul>\n<\/div>\n<p>7. Absicht \u00dcbermittlung an Drittland oder eine internationale Organisation<\/p>\n<div>\n<p style=\"padding-left: 40px;\">\u2013 entf\u00e4llt \u2013<\/p>\n<\/div>\n<p>8. Dauer der Speicherung bzw. Kriterien f\u00fcr die Festlegung dieser Dauer<\/p>\n<div>\n<p style=\"padding-left: 40px;\">Ihre Daten werden nach Ma\u00dfgabe der Aufbewahrungsfristen des \u00a7 9 VO DV II aufbewahrt und gel\u00f6scht.<\/p>\n<\/div>\n<p>9. Rechte der Betroffenen<\/p>\n<div>\n<p style=\"padding-left: 40px;\">Bei Erhebung personenbezogener Daten stehen Ihnen folgende Rechte zu:<\/p>\n<\/div>\n<div style=\"padding-left: 40px;\">\n<p>Sie haben nach Ma\u00dfgabe der Artikel 15, 16, 17 und 18 \u00a0EU-DSGVO gegen\u00fcber uns folgende Rechte hinsichtlich der Sie betreffenden personenbezogenen Daten:<\/p>\n<\/div>\n<div style=\"padding-left: 40px;\">\n<ul>\n<li>Recht auf Auskunft,<\/li>\n<li>Recht auf Berichtigung oder L\u00f6schung,<\/li>\n<li>Recht auf Einschr\u00e4nkung der Verarbeitung.<\/li>\n<\/ul>\n<\/div>\n<p>10. Widerrufsrecht bei Einwilligung<\/p>\n<div>\n<p style=\"padding-left: 40px;\">Sollten f\u00fcr einzelne Verarbeitungsvorg\u00e4nge Ihrer Daten Einwilligungserkl\u00e4rungen erforderlich sein und deshalb gesondert eingeholt werden, k\u00f6nnen Sie Ihre Einwilligung jederzeit f\u00fcr die Zukunft widerrufen. Die Rechtm\u00e4\u00dfigkeit der aufgrund der Einwilligung bis zum Widerruf erfolgten Datenverarbeitung wird dadurch nicht ber\u00fchrt.<\/p>\n<\/div>\n<\/div>\n<p>11. Beschwerderecht bei der Aufsichtsbeh\u00f6rde<\/p>\n<div>\n<p style=\"padding-left: 40px;\">Sie haben das Recht, bei der Landesbeauftragten f\u00fcr Datenschutz und Informationsfreiheit Beschwerde einzulegen, falls Sie der Auffassung sind, dass eine Verarbeitung Ihrer personenbezogener Daten gegen Datenschutzrecht verst\u00f6\u00dft. Die Kontaktdaten finden Sie unter Punkt 4. dieses Bogens.<\/p>\n<\/div>\n<p>12. Pflicht zur Bereitstellung der personenbezogenen Daten<\/p>\n<div>\n<p style=\"padding-left: 40px;\">Wenn Ihre personenbezogenen Daten unmittelbar bei Ihnen erhoben werden, sind Sie gem\u00e4\u00df \u00a7 121 Abs. 1 Satz 4 SchulG zur Bereitstellung verpflichtet, soweit diese Daten zur Erf\u00fcllung der oben unter Nr. 5 genannten Zwecke erforderlich sind.<\/p>\n<\/div>\n<div>\n<p style=\"padding-left: 40px;\">Im \u00dcbrigen beruht die Erhebung auf \u00a7\u00a7 3 Abs. 1, 18 Datenschutzgesetz NRW.<\/p>\n<\/div>\n<p>13. Quelle der Daten<\/p>\n<div>\n<p style=\"padding-left: 40px;\">Wenn Daten nicht unmittelbar bei Ihnen erhoben wurden, k\u00f6nnen Sie stammen von:<\/p>\n<\/div>\n<div style=\"padding-left: 40px;\">\n<p>z. B. einer Schulaufsichtsbeh\u00f6rde, einem ZfsL oder andere Beh\u00f6rden, soweit dies zur Erf\u00fcllung der genannten Zwecke im Einzelfall erforderlich ist.<\/p>\n<\/div>\n<div>\n<p style=\"padding-left: 40px;\">Einzelheiten sind \u00a7 8 VO DV II zu entnehmen.<\/p>\n<\/div>\n<\/section>\n<\/div>\n<\/div>\n<p><\/main><\/div>\n<\/div><\/section>\n","protected":false},"excerpt":{"rendered":"","protected":false},"author":1,"featured_media":0,"parent":0,"menu_order":0,"comment_status":"closed","ping_status":"closed","template":"","meta":{"footnotes":""},"class_list":["post-154","page","type-page","status-publish","hentry"],"publishpress_future_action":{"enabled":false,"date":"2026-05-09 16:15:29","action":"change-status","newStatus":"draft","terms":[],"taxonomy":"","extraData":[]},"publishpress_future_workflow_manual_trigger":{"enabledWorkflows":[]},"_links":{"self":[{"href":"https:\/\/berufskolleg-en.de\/index.php?rest_route=\/wp\/v2\/pages\/154","targetHints":{"allow":["GET"]}}],"collection":[{"href":"https:\/\/berufskolleg-en.de\/index.php?rest_route=\/wp\/v2\/pages"}],"about":[{"href":"https:\/\/berufskolleg-en.de\/index.php?rest_route=\/wp\/v2\/types\/page"}],"author":[{"embeddable":true,"href":"https:\/\/berufskolleg-en.de\/index.php?rest_route=\/wp\/v2\/users\/1"}],"replies":[{"embeddable":true,"href":"https:\/\/berufskolleg-en.de\/index.php?rest_route=%2Fwp%2Fv2%2Fcomments&post=154"}],"version-history":[{"count":6,"href":"https:\/\/berufskolleg-en.de\/index.php?rest_route=\/wp\/v2\/pages\/154\/revisions"}],"predecessor-version":[{"id":9646,"href":"https:\/\/berufskolleg-en.de\/index.php?rest_route=\/wp\/v2\/pages\/154\/revisions\/9646"}],"wp:attachment":[{"href":"https:\/\/berufskolleg-en.de\/index.php?rest_route=%2Fwp%2Fv2%2Fmedia&parent=154"}],"curies":[{"name":"wp","href":"https:\/\/api.w.org\/{rel}","templated":true}]}}