{"id":252,"date":"2019-06-26T09:16:51","date_gmt":"2019-06-26T07:16:51","guid":{"rendered":"http:\/\/wp.berufskolleg-en.de\/?page_id=252"},"modified":"2023-02-20T20:30:13","modified_gmt":"2023-02-20T19:30:13","slug":"foerderverein","status":"publish","type":"page","link":"https:\/\/berufskolleg-en.de\/?page_id=252","title":{"rendered":"F\u00f6rderverein"},"content":{"rendered":"\n<style type=\"text\/css\" data-created_by=\"avia_inline_auto\" id=\"style-css-av-198y64-a60d1e099cba404e0c0953662cc41c0d\">\n.flex_column.av-198y64-a60d1e099cba404e0c0953662cc41c0d{\nborder-radius:0px 0px 0px 0px;\npadding:0px 0px 0px 0px;\n}\n<\/style>\n<div  class='flex_column av-198y64-a60d1e099cba404e0c0953662cc41c0d av_two_third  avia-builder-el-0  el_before_av_one_third  avia-builder-el-first  first flex_column_div av-zero-column-padding  '     ><section  class='av_textblock_section av-k21vgry1-11f051f53150c603faf0f4435b94e0e2 '   itemscope=\"itemscope\" itemtype=\"https:\/\/schema.org\/CreativeWork\" ><div class='avia_textblock'  itemprop=\"text\" ><h3>F\u00f6rderverein<\/h3>\n<p class=\"bodytext\">&#8220;Wir f\u00f6rdern Bildung!&#8221; Dieses Motto ist unser Programm:<\/p>\n<p class=\"bodytext\">ZUBI ist der F\u00f6rderverein des Berufskollegs Ennepetal. ZUBI unterst\u00fctzt in Kooperation mit dem Berufskolleg Ennepetal bildungswillige Sch\u00fclerinnen und Sch\u00fcler, die ihre Chancen suchen, finanziell und ideell.<\/p>\n<p class=\"bodytext\">F\u00f6rderbeispiele:<\/p>\n<p class=\"bodytext\">\u2022 Kooperation mit Fachhochschulen<\/p>\n<p class=\"bodytext\">(z. B.: Projekte zur Unternehmensgr\u00fcndung im Bereich \u201eSmall Business und Retail Management\u201c mit den Saxion Fachhochschulen in Enschede)<\/p>\n<p class=\"bodytext\">\u2022 Finanzierung von Studienfahrten in L\u00e4nder der Unterrichtssprachen Englisch und Spanisch (z. B.: Londonerkundung unter wirtschaftlicher Perspektive\/2013, Schulfahrt nach England\/2014)<\/p>\n<p class=\"bodytext\">\u2022 Austauschprojekte zur Verbesserung der Sprachkompetenz und zur F\u00f6rderung kultureller Begegnungen (z.B.: Austauschprojekt mit einer spanischen Schule in Madrid\/2013 und 2014)<\/p>\n<p class=\"bodytext\">\u2022 VER Ausbildungsmesse (Messepr\u00e4senz des BEN auf der Ausbildungsmesse Ennepe-Ruhr; Beratung von Interessenten und Kontaktpflege mit regionalen Ausbildungsunternehmen. Den Mitgliedsantrag finden Sie zum einen als Download auf unserer Homepage und zum anderen als Ausdruck im Infobrosch\u00fcrenst\u00e4nder vor dem Schulb\u00fcro.<\/p>\n<p class=\"bodytext\">1. Vorsitzender: Matthias Kurzhals<\/p>\n<p>2. Vorsitzender: Michael Steffens<\/p>\n<p>Kassenwart: Johannes Zeigermann<\/p>\n<p class=\"bodytext\">\n<\/div><\/section><\/div>\n<style type=\"text\/css\" data-created_by=\"avia_inline_auto\" id=\"style-css-av-14j4qs-aa1d316e63d7bf7aec2a74cfad79f5bc\">\n.flex_column.av-14j4qs-aa1d316e63d7bf7aec2a74cfad79f5bc{\nborder-radius:0px 0px 0px 0px;\npadding:0px 0px 0px 0px;\n}\n<\/style>\n<div  class='flex_column av-14j4qs-aa1d316e63d7bf7aec2a74cfad79f5bc av_one_third  avia-builder-el-2  el_after_av_two_third  el_before_av_one_full  flex_column_div av-zero-column-padding  '     ><p>\n<style type=\"text\/css\" data-created_by=\"avia_inline_auto\" id=\"style-css-av-k21vj4ws-55fb6dbfe0ee4d9ea1c2aa5491d072d0\">\n#top .hr.hr-invisible.av-k21vj4ws-55fb6dbfe0ee4d9ea1c2aa5491d072d0{\nheight:40px;\n}\n<\/style>\n<div  class='hr av-k21vj4ws-55fb6dbfe0ee4d9ea1c2aa5491d072d0 hr-invisible  avia-builder-el-3  el_before_av_image  avia-builder-el-first '><span class='hr-inner '><span class=\"hr-inner-style\"><\/span><\/span><\/div><br \/>\n\n<style type=\"text\/css\" data-created_by=\"avia_inline_auto\" id=\"style-css-av-k21venzr-df8b33d7b231b17cc3117240808a12ca\">\n.avia-image-container.av-k21venzr-df8b33d7b231b17cc3117240808a12ca img.avia_image{\nbox-shadow:none;\n}\n.avia-image-container.av-k21venzr-df8b33d7b231b17cc3117240808a12ca .av-image-caption-overlay-center{\ncolor:#ffffff;\n}\n<\/style>\n<div  class='avia-image-container av-k21venzr-df8b33d7b231b17cc3117240808a12ca av-styling-no-styling avia-align-center  avia-builder-el-4  el_after_av_hr  el_before_av_textblock '   itemprop=\"image\" itemscope=\"itemscope\" itemtype=\"https:\/\/schema.org\/ImageObject\" ><div class=\"avia-image-container-inner\"><div class=\"avia-image-overlay-wrap\"><img decoding=\"async\" fetchpriority=\"high\" class='wp-image-817 avia-img-lazy-loading-not-817 avia_image ' src=\"https:\/\/berufskolleg-en.de\/wp-content\/uploads\/2019\/10\/ZUBI_Matthias.jpg\" alt='Matthias Kurzhals, ZUBI' title='Matthias Kurzhals, ZUBI'  height=\"507\" width=\"426\"  itemprop=\"thumbnailUrl\" srcset=\"https:\/\/berufskolleg-en.de\/wp-content\/uploads\/2019\/10\/ZUBI_Matthias.jpg 426w, https:\/\/berufskolleg-en.de\/wp-content\/uploads\/2019\/10\/ZUBI_Matthias-252x300.jpg 252w\" sizes=\"(max-width: 426px) 100vw, 426px\" \/><\/div><\/div><\/div><br \/>\n<section  class='av_textblock_section av-k21vob5j-65a8973bee77b895dd30bd994e842293 '   itemscope=\"itemscope\" itemtype=\"https:\/\/schema.org\/CreativeWork\" ><div class='avia_textblock'  itemprop=\"text\" ><p>Matthias Kurzhals, ZUBI<\/p>\n<\/div><\/section><\/p><\/div><\/p>\n\n<style type=\"text\/css\" data-created_by=\"avia_inline_auto\" id=\"style-css-av-z0bc4-29740a0e05c43f64de7c0318322b047a\">\n.flex_column.av-z0bc4-29740a0e05c43f64de7c0318322b047a{\nborder-radius:0px 0px 0px 0px;\npadding:0px 0px 0px 0px;\n}\n<\/style>\n<div  class='flex_column av-z0bc4-29740a0e05c43f64de7c0318322b047a av_one_full  avia-builder-el-6  el_after_av_one_third  avia-builder-el-last  first flex_column_div av-zero-column-padding  column-top-margin'     ><p><section  class='av_textblock_section av-k21wx1na-7e339e021cd525c0626e103efdb86e09 '   itemscope=\"itemscope\" itemtype=\"https:\/\/schema.org\/CreativeWork\" ><div class='avia_textblock'  itemprop=\"text\" ><p><strong>F\u00f6rderbeispiele:<\/strong><\/p>\n<\/div><\/section><br \/>\n\n<style type=\"text\/css\" data-created_by=\"avia_inline_auto\" id=\"style-css-av-k21vuf4e-a928e8b6e371cf47b587a680cb649297\">\n.avia-accordion.av-k21vuf4e-a928e8b6e371cf47b587a680cb649297{\nmax-height:375px;\n}\n.avia-accordion.av-k21vuf4e-a928e8b6e371cf47b587a680cb649297 .aviaccordion-preview{\nwidth:25.1%;\n}\n.avia-accordion .aviaccordion-slide.av-k21vuf4e-a928e8b6e371cf47b587a680cb649297__0{\nleft:0%;\n}\n.avia-accordion .aviaccordion-slide.av-k21vuf4e-a928e8b6e371cf47b587a680cb649297__1{\nleft:25%;\n}\n.avia-accordion .aviaccordion-slide.av-k21vuf4e-a928e8b6e371cf47b587a680cb649297__2{\nleft:50%;\n}\n.avia-accordion .aviaccordion-slide.av-k21vuf4e-a928e8b6e371cf47b587a680cb649297__3{\nleft:75%;\n}\n<\/style>\n<div  id=\"accordion_slider_1\"  class='aviaccordion avia-accordion av-k21vuf4e-a928e8b6e371cf47b587a680cb649297 aviaccordion-title-active av-slideshow-manual av-loop-once ' data-slideshow-options=\"{&quot;interval&quot;:5,&quot;autoplay&quot;:false,&quot;loop_autoplay&quot;:&quot;once&quot;}\"  itemscope=\"itemscope\" itemtype=\"https:\/\/schema.org\/Blog\" ><ul class=\"aviaccordion-inner\"><li class='aviaccordion-slide av-k21vuf4e-a928e8b6e371cf47b587a680cb649297__0 aviaccordion-slide-1' data-av-left='0'  itemscope=\"itemscope\" itemtype=\"https:\/\/schema.org\/CreativeWork\" ><a class='aviaccordion-slide-link noHover' href=\"https:\/\/berufskolleg-en.de\/wp-content\/uploads\/2019\/10\/Spanier_2014.jpg\" data-srcset=\"https:\/\/berufskolleg-en.de\/wp-content\/uploads\/2019\/10\/Spanier_2014.jpg 800w, https:\/\/berufskolleg-en.de\/wp-content\/uploads\/2019\/10\/Spanier_2014-300x225.jpg 300w, https:\/\/berufskolleg-en.de\/wp-content\/uploads\/2019\/10\/Spanier_2014-768x576.jpg 768w, https:\/\/berufskolleg-en.de\/wp-content\/uploads\/2019\/10\/Spanier_2014-705x529.jpg 705w\" data-sizes=\"(max-width: 800px) 100vw, 800px\"  title=\"Spanier_2014\" ><div class='aviaccordion-preview '><div class=\"aviaccordion-preview-title-pos\"><div class=\"aviaccordion-preview-title-wrap\"><div class=\"aviaccordion-preview-title\"><h3 class='aviaccordion-title '  itemprop=\"headline\" >Sch\u00fcleraustausch mit einer spanischen Schule 2014<\/h3><\/div><\/div><\/div><\/div><img loading=\"lazy\" decoding=\"async\" width=\"710\" height=\"375\" src=\"https:\/\/berufskolleg-en.de\/wp-content\/uploads\/2019\/10\/Spanier_2014-710x375.jpg\" class=\"aviaccordion-image\" alt=\"\" srcset=\"https:\/\/berufskolleg-en.de\/wp-content\/uploads\/2019\/10\/Spanier_2014-710x375.jpg 710w, https:\/\/berufskolleg-en.de\/wp-content\/uploads\/2019\/10\/Spanier_2014-800x423.jpg 800w\" sizes=\"auto, (max-width: 710px) 100vw, 710px\" \/><\/a><\/li><li class='aviaccordion-slide av-k21vuf4e-a928e8b6e371cf47b587a680cb649297__1 aviaccordion-slide-2' data-av-left='25'  itemscope=\"itemscope\" itemtype=\"https:\/\/schema.org\/CreativeWork\" ><a class='aviaccordion-slide-link noHover' href=\"https:\/\/berufskolleg-en.de\/wp-content\/uploads\/2019\/10\/England_2014_794-1030x682.jpg\" data-srcset=\"https:\/\/berufskolleg-en.de\/wp-content\/uploads\/2019\/10\/England_2014_794-1030x682.jpg 1030w, https:\/\/berufskolleg-en.de\/wp-content\/uploads\/2019\/10\/England_2014_794-300x199.jpg 300w, https:\/\/berufskolleg-en.de\/wp-content\/uploads\/2019\/10\/England_2014_794-768x509.jpg 768w, https:\/\/berufskolleg-en.de\/wp-content\/uploads\/2019\/10\/England_2014_794-1500x994.jpg 1500w, https:\/\/berufskolleg-en.de\/wp-content\/uploads\/2019\/10\/England_2014_794-705x467.jpg 705w\" data-sizes=\"(max-width: 1030px) 100vw, 1030px\"  title=\"England_2014_794\" ><div class='aviaccordion-preview '><div class=\"aviaccordion-preview-title-pos\"><div class=\"aviaccordion-preview-title-wrap\"><div class=\"aviaccordion-preview-title\"><h3 class='aviaccordion-title '  itemprop=\"headline\" >Schulfahrt nach England 2014<\/h3><\/div><\/div><\/div><\/div><img loading=\"lazy\" decoding=\"async\" width=\"710\" height=\"375\" src=\"https:\/\/berufskolleg-en.de\/wp-content\/uploads\/2019\/10\/England_2014_794-710x375.jpg\" class=\"aviaccordion-image\" alt=\"\" \/><\/a><\/li><li class='aviaccordion-slide av-k21vuf4e-a928e8b6e371cf47b587a680cb649297__2 aviaccordion-slide-3' data-av-left='50'  itemscope=\"itemscope\" itemtype=\"https:\/\/schema.org\/CreativeWork\" ><a class='aviaccordion-slide-link noHover' href=\"https:\/\/berufskolleg-en.de\/wp-content\/uploads\/2019\/10\/Aussenhandelszertifikat_2015-05-1030x579.jpg\" data-srcset=\"https:\/\/berufskolleg-en.de\/wp-content\/uploads\/2019\/10\/Aussenhandelszertifikat_2015-05-1030x579.jpg 1030w, https:\/\/berufskolleg-en.de\/wp-content\/uploads\/2019\/10\/Aussenhandelszertifikat_2015-05-300x169.jpg 300w, https:\/\/berufskolleg-en.de\/wp-content\/uploads\/2019\/10\/Aussenhandelszertifikat_2015-05-768x432.jpg 768w, https:\/\/berufskolleg-en.de\/wp-content\/uploads\/2019\/10\/Aussenhandelszertifikat_2015-05-1500x844.jpg 1500w, https:\/\/berufskolleg-en.de\/wp-content\/uploads\/2019\/10\/Aussenhandelszertifikat_2015-05-705x397.jpg 705w\" data-sizes=\"(max-width: 1030px) 100vw, 1030px\"  title=\"Aussenhandelszertifikat_2015-05\" ><div class='aviaccordion-preview '><div class=\"aviaccordion-preview-title-pos\"><div class=\"aviaccordion-preview-title-wrap\"><div class=\"aviaccordion-preview-title\"><h3 class='aviaccordion-title '  itemprop=\"headline\" >Au\u00dfenhandelszertifikat 2015<\/h3><\/div><\/div><\/div><\/div><img loading=\"lazy\" decoding=\"async\" width=\"710\" height=\"375\" src=\"https:\/\/berufskolleg-en.de\/wp-content\/uploads\/2019\/10\/Aussenhandelszertifikat_2015-05-710x375.jpg\" class=\"aviaccordion-image\" alt=\"\" \/><\/a><\/li><li class='aviaccordion-slide av-k21vuf4e-a928e8b6e371cf47b587a680cb649297__3 aviaccordion-slide-4' data-av-left='75'  itemscope=\"itemscope\" itemtype=\"https:\/\/schema.org\/CreativeWork\" ><a class='aviaccordion-slide-link noHover' href=\"https:\/\/berufskolleg-en.de\/wp-content\/uploads\/2019\/10\/HHA_Messe_2014-1030x581.jpg\" data-srcset=\"https:\/\/berufskolleg-en.de\/wp-content\/uploads\/2019\/10\/HHA_Messe_2014-1030x581.jpg 1030w, https:\/\/berufskolleg-en.de\/wp-content\/uploads\/2019\/10\/HHA_Messe_2014-300x169.jpg 300w, https:\/\/berufskolleg-en.de\/wp-content\/uploads\/2019\/10\/HHA_Messe_2014-768x433.jpg 768w, https:\/\/berufskolleg-en.de\/wp-content\/uploads\/2019\/10\/HHA_Messe_2014-705x398.jpg 705w, https:\/\/berufskolleg-en.de\/wp-content\/uploads\/2019\/10\/HHA_Messe_2014.jpg 1385w\" data-sizes=\"(max-width: 1030px) 100vw, 1030px\"  title=\"HHA_Messe_2014\" ><div class='aviaccordion-preview '><div class=\"aviaccordion-preview-title-pos\"><div class=\"aviaccordion-preview-title-wrap\"><div class=\"aviaccordion-preview-title\"><h3 class='aviaccordion-title '  itemprop=\"headline\" >\u00dcbungsfirmenmesse in Essen 2014<\/h3><\/div><\/div><\/div><\/div><img loading=\"lazy\" decoding=\"async\" width=\"710\" height=\"375\" src=\"https:\/\/berufskolleg-en.de\/wp-content\/uploads\/2019\/10\/HHA_Messe_2014-710x375.jpg\" class=\"aviaccordion-image\" alt=\"\" \/><\/a><\/li><\/ul><div class='aviaccordion-spacer' style='padding-bottom:52.816901408451%'><\/div><\/div><\/p><\/div>\n","protected":false},"excerpt":{"rendered":"","protected":false},"author":1,"featured_media":0,"parent":0,"menu_order":0,"comment_status":"closed","ping_status":"closed","template":"","meta":{"footnotes":""},"class_list":["post-252","page","type-page","status-publish","hentry"],"publishpress_future_action":{"enabled":false,"date":"2026-04-20 00:57:00","action":"change-status","newStatus":"draft","terms":[],"taxonomy":"","extraData":[]},"publishpress_future_workflow_manual_trigger":{"enabledWorkflows":[]},"_links":{"self":[{"href":"https:\/\/berufskolleg-en.de\/index.php?rest_route=\/wp\/v2\/pages\/252","targetHints":{"allow":["GET"]}}],"collection":[{"href":"https:\/\/berufskolleg-en.de\/index.php?rest_route=\/wp\/v2\/pages"}],"about":[{"href":"https:\/\/berufskolleg-en.de\/index.php?rest_route=\/wp\/v2\/types\/page"}],"author":[{"embeddable":true,"href":"https:\/\/berufskolleg-en.de\/index.php?rest_route=\/wp\/v2\/users\/1"}],"replies":[{"embeddable":true,"href":"https:\/\/berufskolleg-en.de\/index.php?rest_route=%2Fwp%2Fv2%2Fcomments&post=252"}],"version-history":[{"count":9,"href":"https:\/\/berufskolleg-en.de\/index.php?rest_route=\/wp\/v2\/pages\/252\/revisions"}],"predecessor-version":[{"id":12018,"href":"https:\/\/berufskolleg-en.de\/index.php?rest_route=\/wp\/v2\/pages\/252\/revisions\/12018"}],"wp:attachment":[{"href":"https:\/\/berufskolleg-en.de\/index.php?rest_route=%2Fwp%2Fv2%2Fmedia&parent=252"}],"curies":[{"name":"wp","href":"https:\/\/api.w.org\/{rel}","templated":true}]}}