{"id":293,"date":"2019-06-26T16:05:45","date_gmt":"2019-06-26T14:05:45","guid":{"rendered":"http:\/\/wp.berufskolleg-en.de\/?page_id=293"},"modified":"2025-09-11T15:42:24","modified_gmt":"2025-09-11T13:42:24","slug":"zweijaehrige-berufsfachschule-fuer-technik","status":"publish","type":"page","link":"https:\/\/berufskolleg-en.de\/?page_id=293","title":{"rendered":"Zweij\u00e4hrige Berufsfachschule f\u00fcr Technik"},"content":{"rendered":"<section  class='av_textblock_section av-jysqhvd4-0ea64e4734f9426e27540259aec27d16 '   itemscope=\"itemscope\" itemtype=\"https:\/\/schema.org\/CreativeWork\" ><div class='avia_textblock'  itemprop=\"text\" ><h3>Zweij\u00e4hrige Berufsfachschule Technik (APO-BK, Anlage C2)<\/h3>\n<p>Der Bildungsgang \u201eZweij\u00e4hrige Berufsfachschule Technik, Profilbildung Automatisierungstechnik\u201d strebt neben der Studierf\u00e4higkeit auch das Ziel an, Jugendliche auf eine duale Berufsausbildung im gewerblich-technischen Bereich vorzubereiten und damit ihre Chancen auf einen Ausbildungsplatz zu erh\u00f6hen.<\/p>\n<p>Im Fach Maschinentechnik erwerben die Jugendlichen grundlegende Qualifikationen in der Analyse von Werkzeugmaschinen und Fertigungsprozessen. Ein weiterer Themenkomplex ist die Dimensionierung von technischen Anlagen auf Basis der mechanischen Belastungen (Festigkeitslehre). Mess-, Steuerungs- und Regelungstechnik legt seine Schwerpunkte auf den Erwerb grundlegender Qualifikationen in den Bereichen Pneumatik, Elektrotechnik, SPS (Speicher-programmierbare Steuerung) und Regelungstechnik.\u00a0Unterst\u00fctzt wird der Theorieunterricht durch praxisrelevante Werkstattprojekte.<\/p>\n<p>Durch einen betrieblich orientierten Unterricht und einer engen Kooperation mit regionalen Unternehmen erhalten die Sch\u00fclerinnen und Sch\u00fcler zwei M\u00f6glichkeiten:<br \/>\n1. Entscheiden, ob eine Ausbildung in diesem Bereich ihren Vorstellungen entspricht<br \/>\n2. Herstellen pers\u00f6nlicher Kontakte zu Unternehmen der Region<\/p>\n<p>Ein vierw\u00f6chiges Betriebspraktikum am Ende der 11. Klasse bietet die M\u00f6glichkeit, die Berufs- und Arbeitswelt unmittelbar kennenzulernen, mit ihrer sozialen Wirklichkeit vertraut zu werden und sich kritisch mit ihr auseinanderzusetzen. Diese Erfahrung ist auch hilfreich f\u00fcr die Berufs- bzw. Studienwahl.<\/p>\n<p>Es ist das Ziel des Lehrerteams, jeden Jugendlichen individuell zu f\u00f6rdern, im gemeinsamen Entscheidungsprozess herauszustellen, welche Entwicklungsm\u00f6glichkeiten sich ihm bieten und ihn bei der Zielerreichung zu unterst\u00fctzen.<\/p>\n<\/div><\/section>\n\n<style type=\"text\/css\" data-created_by=\"avia_inline_auto\" id=\"style-css-av-jysqzau2-c141742892dbe8a75baf7f017de01e34\">\n#top #wrap_all .avia-icon-list-container.av-jysqzau2-c141742892dbe8a75baf7f017de01e34 .av_iconlist_title{\nfont-size:16px;\n}\n\n@media only screen and (max-width: 479px){ \n#top #wrap_all .avia-icon-list-container.av-jysqzau2-c141742892dbe8a75baf7f017de01e34 .av_iconlist_title{\nfont-size:13px;\n}\n}\n<\/style>\n<div  class='avia-icon-list-container av-jysqzau2-c141742892dbe8a75baf7f017de01e34  avia-builder-el-1  el_after_av_textblock  el_before_av_iconlist  av-mini-hide'><ul class='avia-icon-list avia_animate_when_almost_visible avia-icon-list-left av-iconlist-big av-jysqzau2-c141742892dbe8a75baf7f017de01e34 avia-iconlist-animate'>\n<li><div class='iconlist_icon av-cr38d-71d442ccf56175da2e2ccd3d766b478e avia-font-entypo-fontello avia-iconfont avia-font-entypo-fontello'><span class='av-icon-char' data-av_icon='\ue8d1' data-av_iconfont='entypo-fontello' aria-hidden=\"true\"><\/span><\/div><article class=\"article-icon-entry \"  itemscope=\"itemscope\" itemtype=\"https:\/\/schema.org\/CreativeWork\" ><div class=\"iconlist_content_wrap\"><header class=\"entry-content-header\" aria-label=\"Icon: Aufnahmevoraussetzungen\"><h4 class='av_iconlist_title iconlist_title  '  itemprop=\"headline\" >Aufnahmevoraussetzungen<\/h4><\/header><div class='iconlist_content '  itemprop=\"text\" ><div style=\"margin-top: 10px;\">\n<ul>\n<li>Mittlerer Schulabschluss (Fachoberschulreife) mit oder ohne Berechtigung zum Besuch der gymnasialen Oberstufe oder<\/li>\n<li>Berechtigung zum Besuch der gymnasialen Oberstufe nach Klasse 10 des Gymnasiums<\/li>\n<\/ul>\n<\/div>\n<\/div><\/div><footer class=\"entry-footer\"><\/footer><\/article><div class=\"iconlist-timeline\"><\/div><\/li>\n<li><div class='iconlist_icon av-1j4zbx-59c6e52737d5f4a1c0e78ba42f9fd78b avia-font-entypo-fontello avia-iconfont avia-font-entypo-fontello'><span class='av-icon-char' data-av_icon='\ue8c9' data-av_iconfont='entypo-fontello' aria-hidden=\"true\"><\/span><\/div><article class=\"article-icon-entry \"  itemscope=\"itemscope\" itemtype=\"https:\/\/schema.org\/CreativeWork\" ><div class=\"iconlist_content_wrap\"><header class=\"entry-content-header\" aria-label=\"Icon: Abschluss\"><h4 class='av_iconlist_title iconlist_title  '  itemprop=\"headline\" >Abschluss<\/h4><\/header><div class='iconlist_content '  itemprop=\"text\" ><div style=\"margin-top: 10px;\">\n<ul>\n<li>Fachhochschulreife (schulischer Teil)<\/li>\n<li>Berufliche Kenntnisse, F\u00e4higkeiten und Fertigkeiten<\/li>\n<\/ul>\n<\/div>\n<\/div><\/div><footer class=\"entry-footer\"><\/footer><\/article><div class=\"iconlist-timeline\"><\/div><\/li>\n<li><div class='iconlist_icon av-1fsuhh-2ef01638a338bebed6e8a156f5cf73ed avia-font-entypo-fontello avia-iconfont avia-font-entypo-fontello'><span class='av-icon-char' data-av_icon='\ue863' data-av_iconfont='entypo-fontello' aria-hidden=\"true\"><\/span><\/div><article class=\"article-icon-entry \"  itemscope=\"itemscope\" itemtype=\"https:\/\/schema.org\/CreativeWork\" ><div class=\"iconlist_content_wrap\"><header class=\"entry-content-header\" aria-label=\"Icon: Dauer\"><h4 class='av_iconlist_title iconlist_title  '  itemprop=\"headline\" >Dauer<\/h4><\/header><div class='iconlist_content '  itemprop=\"text\" ><p>Zwei Jahre<\/p>\n<\/div><\/div><footer class=\"entry-footer\"><\/footer><\/article><div class=\"iconlist-timeline\"><\/div><\/li>\n<li><div class='iconlist_icon av-182t85-5aa597d6835d86c93b2219faa5a44e49 avia-font-entypo-fontello avia-iconfont avia-font-entypo-fontello'><span class='av-icon-char' data-av_icon='\ue84f' data-av_iconfont='entypo-fontello' aria-hidden=\"true\"><\/span><\/div><article class=\"article-icon-entry \"  itemscope=\"itemscope\" itemtype=\"https:\/\/schema.org\/CreativeWork\" ><div class=\"iconlist_content_wrap\"><header class=\"entry-content-header\" aria-label=\"Icon: Unterrichtsf\u00e4cher\"><h4 class='av_iconlist_title iconlist_title  '  itemprop=\"headline\" >Unterrichtsf\u00e4cher<\/h4><\/header><div class='iconlist_content '  itemprop=\"text\" ><div style=\"margin-top: 15px;\">\n<h6>Berufsbezogener Lernbereich<\/h6>\n<ul>\n<li>Maschinenbautechnik\/Systemtechnik<\/li>\n<li>Mess-, Regel- und Steuerungstechnik<\/li>\n<li>Mathematik<\/li>\n<li>Physik, Chemie oder Biologie (mindestens 1 Jahr)<\/li>\n<li>Englisch<\/li>\n<\/ul>\n<\/div>\n<div style=\"margin-top: 10px;\">\n<h6>Berufs\u00fcbergreifender Lernbereich<\/h6>\n<ul>\n<li>Deutsch\/Kommunikation<\/li>\n<li>Politik\/ Gesellschaftslehre<\/li>\n<li>Sport\/Gesundheitsf\u00f6rderung<\/li>\n<li>Religion\/Praktische Philosophie<\/li>\n<\/ul>\n<h6>Differenzierungsbereich<\/h6>\n<ul>\n<li>IT<\/li>\n<li>Fachpraxis<\/li>\n<\/ul>\n<\/div>\n<\/div><\/div><footer class=\"entry-footer\"><\/footer><\/article><div class=\"iconlist-timeline\"><\/div><\/li>\n<li><div class='iconlist_icon av-1dlpx-e3e52e81a0bb4d7e9aaff596082f51f5 avia-font-entypo-fontello avia-iconfont avia-font-entypo-fontello'><span class='av-icon-char' data-av_icon='\ue84e' data-av_iconfont='entypo-fontello' aria-hidden=\"true\"><\/span><\/div><article class=\"article-icon-entry \"  itemscope=\"itemscope\" itemtype=\"https:\/\/schema.org\/CreativeWork\" ><div class=\"iconlist_content_wrap\"><header class=\"entry-content-header\" aria-label=\"Icon: Brosch\u00fcre\"><h4 class='av_iconlist_title iconlist_title  '  itemprop=\"headline\" >Brosch\u00fcre<\/h4><\/header><div class='iconlist_content '  itemprop=\"text\" ><p>\n<style type=\"text\/css\" data-created_by=\"avia_inline_auto\" id=\"style-css-av-bsn9h-944a46ea13c59b1d94a6271c950df317\">\n#top .hr.hr-invisible.av-bsn9h-944a46ea13c59b1d94a6271c950df317{\nheight:5px;\n}\n<\/style>\n<div  class='hr av-bsn9h-944a46ea13c59b1d94a6271c950df317 hr-invisible  avia-builder-el-2  el_before_av_button  avia-builder-el-first '><span class='hr-inner '><span class=\"hr-inner-style\"><\/span><\/span><\/div><br \/>\n<div class=\"wp-block-pdfemb-pdf-embedder-viewer\"><a href=\"https:\/\/berufskolleg-en.de\/wp-content\/uploads\/2025\/09\/Flyer-C2-Technik.pdf\" class=\"pdfemb-viewer\" style=\"\" data-width=\"max\" data-height=\"max\" data-toolbar=\"bottom\" data-toolbar-fixed=\"off\">Flyer C2 Technik<\/a><\/div><\/p>\n<p>Zum Bl\u00e4ttern auf die Brosch\u00fcre klicken. Sie k\u00f6nnen die Brosch\u00fcre auch <a href=\"https:\/\/berufskolleg-en.de\/wp-content\/uploads\/2025\/09\/Flyer-C2-Technik.pdf\">hier<\/a> herunterladen.<\/p>\n<\/div><\/div><footer class=\"entry-footer\"><\/footer><\/article><div class=\"iconlist-timeline\"><\/div><\/li>\n<li><div class='iconlist_icon av-e5bvh-c7dfc50dd094edf588ca266844d2927f avia-font-entypo-fontello avia-iconfont avia-font-entypo-fontello'><span class='av-icon-char' data-av_icon='\ue80a' data-av_iconfont='entypo-fontello' aria-hidden=\"true\"><\/span><\/div><article class=\"article-icon-entry \"  itemscope=\"itemscope\" itemtype=\"https:\/\/schema.org\/CreativeWork\" ><div class=\"iconlist_content_wrap\"><header class=\"entry-content-header\" aria-label=\"Icon: Ansprechpartner\"><h4 class='av_iconlist_title iconlist_title  '  itemprop=\"headline\" >Ansprechpartner<\/h4><\/header><div class='iconlist_content '  itemprop=\"text\" ><p>Norman Kolberg<\/p>\n<div  class='avia-button-wrap av-jysl8h7n-0c2fe33656c61c81a5955fe6b46808e0-wrap avia-button-relative  avia-builder-el-3  el_after_av_hr  avia-builder-el-last '><a href='mailto:kolberg@berufskolleg-en.de'  class='avia-button av-jysl8h7n-0c2fe33656c61c81a5955fe6b46808e0 av-link-btn avia-icon_select-yes-left-icon avia-size-small avia-position-relative avia-color-theme-color'   aria-label=\"kolberg@berufskolleg-en.de\"><span class='avia_button_icon avia_button_icon_left avia-iconfont avia-font-entypo-fontello' data-av_icon='\ue805' data-av_iconfont='entypo-fontello' ><\/span><span class='avia_iconbox_title' >kolberg@berufskolleg-en.de<\/span><\/a><\/div>\n<\/div><\/div><footer class=\"entry-footer\"><\/footer><\/article><div class=\"iconlist-timeline\"><\/div><\/li>\n<\/ul><\/div>\n\n<style type=\"text\/css\" data-created_by=\"avia_inline_auto\" id=\"style-css-av-jysqzau2-2-8d8d16655a66f93904d2f0ae0a9da57c\">\n#top .avia-icon-list-container.av-jysqzau2-2-8d8d16655a66f93904d2f0ae0a9da57c .iconlist_icon{\nfont-size:16px;\n}\n#top .avia-icon-list-container.av-jysqzau2-2-8d8d16655a66f93904d2f0ae0a9da57c .iconlist_icon svg:first-child{\nheight:16px;\nwidth:16px;\n}\n#top #wrap_all .avia-icon-list-container.av-jysqzau2-2-8d8d16655a66f93904d2f0ae0a9da57c .av_iconlist_title{\nfont-size:16px;\n}\n\n@media only screen and (max-width: 479px){ \n#top #wrap_all .avia-icon-list-container.av-jysqzau2-2-8d8d16655a66f93904d2f0ae0a9da57c .av_iconlist_title{\nfont-size:13px;\n}\n}\n<\/style>\n<div  class='avia-icon-list-container av-jysqzau2-2-8d8d16655a66f93904d2f0ae0a9da57c  avia-builder-el-4  el_after_av_iconlist  avia-builder-el-last  av-desktop-hide av-medium-hide av-small-hide'><ul class='avia-icon-list avia_animate_when_almost_visible avia-icon-list-left av-iconlist-small av-jysqzau2-2-8d8d16655a66f93904d2f0ae0a9da57c avia-iconlist-animate'>\n<li><div class='iconlist_icon av-8rqql-ba3ea2e509fd3962da5c4466cb9dc58d avia-font-entypo-fontello avia-iconfont avia-font-entypo-fontello'><span class='av-icon-char' data-av_icon='\ue8d1' data-av_iconfont='entypo-fontello' aria-hidden=\"true\"><\/span><\/div><article class=\"article-icon-entry \"  itemscope=\"itemscope\" itemtype=\"https:\/\/schema.org\/CreativeWork\" ><div class=\"iconlist_content_wrap\"><header class=\"entry-content-header\" aria-label=\"Icon: Aufnahmevoraussetzungen\"><div class='av_iconlist_title iconlist_title_small  '  itemprop=\"headline\" >Aufnahmevoraussetzungen<\/div><\/header><div class='iconlist_content '  itemprop=\"text\" ><div style=\"margin-top: 10px;\">\n<ul>\n<li>Mittlerer Schulabschluss (Fachoberschulreife) mit oder ohne Berechtigung zum Besuch der gymnasialen Oberstufe oder<\/li>\n<li>Berechtigung zum Besuch der gymnasialen Oberstufe nach Klasse 10 des Gymnasiums<\/li>\n<\/ul>\n<\/div>\n<\/div><\/div><footer class=\"entry-footer\"><\/footer><\/article><div class=\"iconlist-timeline\"><\/div><\/li>\n<li><div class='iconlist_icon av-r2nf1-059b86bf8359373b0a20e9c4db1d1f68 avia-font-entypo-fontello avia-iconfont avia-font-entypo-fontello'><span class='av-icon-char' data-av_icon='\ue8c9' data-av_iconfont='entypo-fontello' aria-hidden=\"true\"><\/span><\/div><article class=\"article-icon-entry \"  itemscope=\"itemscope\" itemtype=\"https:\/\/schema.org\/CreativeWork\" ><div class=\"iconlist_content_wrap\"><header class=\"entry-content-header\" aria-label=\"Icon: Abschluss\"><div class='av_iconlist_title iconlist_title_small  '  itemprop=\"headline\" >Abschluss<\/div><\/header><div class='iconlist_content '  itemprop=\"text\" ><div style=\"margin-top: 10px;\">\n<ul>\n<li>Fachhochschulreife (schulischer Teil)<\/li>\n<li>Berufliche Kenntnisse, F\u00e4higkeiten und Fertigkeiten<\/li>\n<\/ul>\n<\/div>\n<\/div><\/div><footer class=\"entry-footer\"><\/footer><\/article><div class=\"iconlist-timeline\"><\/div><\/li>\n<li><div class='iconlist_icon av-jmxat-29c231021b9521fc572f12d6ba512ec0 avia-font-entypo-fontello avia-iconfont avia-font-entypo-fontello'><span class='av-icon-char' data-av_icon='\ue863' data-av_iconfont='entypo-fontello' aria-hidden=\"true\"><\/span><\/div><article class=\"article-icon-entry \"  itemscope=\"itemscope\" itemtype=\"https:\/\/schema.org\/CreativeWork\" ><div class=\"iconlist_content_wrap\"><header class=\"entry-content-header\" aria-label=\"Icon: Dauer\"><div class='av_iconlist_title iconlist_title_small  '  itemprop=\"headline\" >Dauer<\/div><\/header><div class='iconlist_content '  itemprop=\"text\" ><p>Zwei Jahre<\/p>\n<\/div><\/div><footer class=\"entry-footer\"><\/footer><\/article><div class=\"iconlist-timeline\"><\/div><\/li>\n<li><div class='iconlist_icon av-clr3p-d07a1721bacf4665bc8a9dfc2a0a206f avia-font-entypo-fontello avia-iconfont avia-font-entypo-fontello'><span class='av-icon-char' data-av_icon='\ue84f' data-av_iconfont='entypo-fontello' aria-hidden=\"true\"><\/span><\/div><article class=\"article-icon-entry \"  itemscope=\"itemscope\" itemtype=\"https:\/\/schema.org\/CreativeWork\" ><div class=\"iconlist_content_wrap\"><header class=\"entry-content-header\" aria-label=\"Icon: Unterrichtsf\u00e4cher\"><div class='av_iconlist_title iconlist_title_small  '  itemprop=\"headline\" >Unterrichtsf\u00e4cher<\/div><\/header><div class='iconlist_content '  itemprop=\"text\" ><div style=\"margin-top: 15px;\">\n<p>Berufsbezogener Lernbereich<\/p>\n<ul>\n<li>Maschinenbautechnik\/Systemtechnik<\/li>\n<li>Mess-, Regel- und Steuerungstechnik<\/li>\n<li>Mathematik<\/li>\n<li>Physik, Chemie oder Biologie (mindestens 1 Jahr)<\/li>\n<li>Englisch<\/li>\n<\/ul>\n<\/div>\n<div style=\"margin-top: 10px;\">\n<p>Berufs\u00fcbergreifender Lernbereich<\/p>\n<ul>\n<li>Deutsch\/Kommunikation<\/li>\n<li>Politik\/ Gesellschaftslehre<\/li>\n<li>Sport\/Gesundheitsf\u00f6rderung<\/li>\n<li>Religion\/Praktische Philosophie<\/li>\n<\/ul>\n<p>Differenzierungsbereich<\/p>\n<ul>\n<li>IT<\/li>\n<li>Fachpraxis<\/li>\n<\/ul>\n<\/div>\n<\/div><\/div><footer class=\"entry-footer\"><\/footer><\/article><div class=\"iconlist-timeline\"><\/div><\/li>\n<li><div class='iconlist_icon av-9tmxp-a224659f4cfbd77c522e5e71982ffaff avia-font-entypo-fontello avia-iconfont avia-font-entypo-fontello'><span class='av-icon-char' data-av_icon='\ue84e' data-av_iconfont='entypo-fontello' aria-hidden=\"true\"><\/span><\/div><article class=\"article-icon-entry \"  itemscope=\"itemscope\" itemtype=\"https:\/\/schema.org\/CreativeWork\" ><div class=\"iconlist_content_wrap\"><header class=\"entry-content-header\" aria-label=\"Icon: Brosch\u00fcre\"><div class='av_iconlist_title iconlist_title_small  '  itemprop=\"headline\" >Brosch\u00fcre<\/div><\/header><div class='iconlist_content '  itemprop=\"text\" ><p>Die Brosch\u00fcre kann <a href=\"https:\/\/berufskolleg-en.de\/wp-content\/uploads\/2025\/09\/Flyer-C2-Technik.pdf\">hier<\/a> als pdf-Datei heruntergeladen werden.<\/p>\n<\/div><\/div><footer class=\"entry-footer\"><\/footer><\/article><div class=\"iconlist-timeline\"><\/div><\/li>\n<li><div class='iconlist_icon av-7hhm5-d1e12787822c368778359eb836a7915a avia-font-entypo-fontello avia-iconfont avia-font-entypo-fontello'><span class='av-icon-char' data-av_icon='\ue80a' data-av_iconfont='entypo-fontello' aria-hidden=\"true\"><\/span><\/div><article class=\"article-icon-entry \"  itemscope=\"itemscope\" itemtype=\"https:\/\/schema.org\/CreativeWork\" ><div class=\"iconlist_content_wrap\"><header class=\"entry-content-header\" aria-label=\"Icon: Ansprechpartner\"><div class='av_iconlist_title iconlist_title_small  '  itemprop=\"headline\" >Ansprechpartner<\/div><\/header><div class='iconlist_content '  itemprop=\"text\" ><p>Norman Kolberg<\/p>\n<div  class='avia-button-wrap av-jysl8h7n-1-2955e47cdb3c54523e6ec50c57cf2c04-wrap avia-button-relative  avia-builder-el-5  avia-builder-el-no-sibling '><a href='mailto:kolberg@berufskolleg-en.de'  class='avia-button av-jysl8h7n-1-2955e47cdb3c54523e6ec50c57cf2c04 av-link-btn avia-icon_select-yes-left-icon avia-size-small avia-position-relative avia-color-theme-color'   aria-label=\"kolberg@berufskolleg-en.de\"><span class='avia_button_icon avia_button_icon_left avia-iconfont avia-font-entypo-fontello' data-av_icon='\ue805' data-av_iconfont='entypo-fontello' ><\/span><span class='avia_iconbox_title' >kolberg@berufskolleg-en.de<\/span><\/a><\/div>\n<\/div><\/div><footer class=\"entry-footer\"><\/footer><\/article><div class=\"iconlist-timeline\"><\/div><\/li>\n<\/ul><\/div>\n","protected":false},"excerpt":{"rendered":"","protected":false},"author":1,"featured_media":0,"parent":0,"menu_order":0,"comment_status":"closed","ping_status":"closed","template":"","meta":{"footnotes":""},"class_list":["post-293","page","type-page","status-publish","hentry"],"publishpress_future_action":{"enabled":false,"date":"2026-05-25 00:47:14","action":"change-status","newStatus":"draft","terms":[],"taxonomy":"","extraData":[]},"publishpress_future_workflow_manual_trigger":{"enabledWorkflows":[]},"_links":{"self":[{"href":"https:\/\/berufskolleg-en.de\/index.php?rest_route=\/wp\/v2\/pages\/293","targetHints":{"allow":["GET"]}}],"collection":[{"href":"https:\/\/berufskolleg-en.de\/index.php?rest_route=\/wp\/v2\/pages"}],"about":[{"href":"https:\/\/berufskolleg-en.de\/index.php?rest_route=\/wp\/v2\/types\/page"}],"author":[{"embeddable":true,"href":"https:\/\/berufskolleg-en.de\/index.php?rest_route=\/wp\/v2\/users\/1"}],"replies":[{"embeddable":true,"href":"https:\/\/berufskolleg-en.de\/index.php?rest_route=%2Fwp%2Fv2%2Fcomments&post=293"}],"version-history":[{"count":9,"href":"https:\/\/berufskolleg-en.de\/index.php?rest_route=\/wp\/v2\/pages\/293\/revisions"}],"predecessor-version":[{"id":14953,"href":"https:\/\/berufskolleg-en.de\/index.php?rest_route=\/wp\/v2\/pages\/293\/revisions\/14953"}],"wp:attachment":[{"href":"https:\/\/berufskolleg-en.de\/index.php?rest_route=%2Fwp%2Fv2%2Fmedia&parent=293"}],"curies":[{"name":"wp","href":"https:\/\/api.w.org\/{rel}","templated":true}]}}