{"id":296,"date":"2019-06-26T16:06:11","date_gmt":"2019-06-26T14:06:11","guid":{"rendered":"http:\/\/wp.berufskolleg-en.de\/?page_id=296"},"modified":"2025-09-11T15:32:37","modified_gmt":"2025-09-11T13:32:37","slug":"berufsfachschule-fuer-technik","status":"publish","type":"page","link":"https:\/\/berufskolleg-en.de\/?page_id=296","title":{"rendered":"Einj\u00e4hrige Berufsfachschule f\u00fcr Technik (B1)"},"content":{"rendered":"<section  class='av_textblock_section av-jysqhvd4-0ea64e4734f9426e27540259aec27d16 '   itemscope=\"itemscope\" itemtype=\"https:\/\/schema.org\/CreativeWork\" ><div class='avia_textblock'  itemprop=\"text\" ><h3>Berufsfachschule f\u00fcr Technik (B1)<\/h3>\n<p>Du mo\u0308chtest Zerspanungs- oder Industriemechaniker werden? Oder lieber als KFZ- Mechatroniker oder Fachlagerist arbeiten? Oder doch lieber eine Ausbildung zum Elektroniker?<\/p>\n<p>Du suchst einen Ausbildungsplatz in einem technischen Beruf, im Handwerk oder der Industrie?<\/p>\n<p>Wir bereiten dich auf die Berufsausbildung vor. Praktische Arbeiten in unseren Metall-, KFZ- und Elektrowerksta\u0308tten, verbunden mit einem Praktikum im Betrieb, bringen dich deinem Wunschberuf na\u0308her.<\/p>\n<p>Durch die Zusammenarbeit mit unseren regionalen sowie u\u0308berregionalen Betrieben und Institutionen zeigen wir dir, welcher Beruf fu\u0308r dich infrage kommt und was dir Spa\u00df machen ko\u0308nnte. Dies geschieht u.a. durch Betriebsbesichtigungen und Vorstellung der Ausbildungsberufe unserer Betriebe aus der Region in Industrie und Handwerk.<\/p>\n<p>Abgerundet wird das Ganze durch praktisch-technische Fa\u0308cher wie:<\/p>\n<p>Fertigungsprozesse und Montage- und Instandhaltungsprozesse<\/p>\n<p>In der Technik geht es leider nicht ohne Mathematik und Englisch. Da du spa\u0308ter in einem Betrieb<\/p>\n<p>arbeiten willst, gibt es auch das Fach Wirtschafts- und Betriebslehre.<\/p>\n<p>Als zuku\u0308nftiger Auszubildender und Facharbeiter ist es heute besonders wichtig, mit anderen Leuten zusammen zu arbeiten.<\/p>\n<p>Daher steht das Fach Deutsch\/ Kommunikation genauso wie Politik\/ Gesellschaftslehre, Sport\/ Gesundheitsf\u00f6rderung und Religion auf dem Stundenplan.<\/p>\n<p>Zusa\u0308tzliche Fo\u0308rderkurse und weitere Berufsorientierung ko\u0308nnen das ganze abrunden. Du fu\u0308hlst dich angesprochen? Das wa\u0308re was fu\u0308r Dich? Wir freuen uns auf dich.<\/p>\n<\/div><\/section>\n\n<style type=\"text\/css\" data-created_by=\"avia_inline_auto\" id=\"style-css-av-jysqzau2-c141742892dbe8a75baf7f017de01e34\">\n#top #wrap_all .avia-icon-list-container.av-jysqzau2-c141742892dbe8a75baf7f017de01e34 .av_iconlist_title{\nfont-size:16px;\n}\n\n@media only screen and (max-width: 479px){ \n#top #wrap_all .avia-icon-list-container.av-jysqzau2-c141742892dbe8a75baf7f017de01e34 .av_iconlist_title{\nfont-size:13px;\n}\n}\n<\/style>\n<div  class='avia-icon-list-container av-jysqzau2-c141742892dbe8a75baf7f017de01e34  avia-builder-el-1  el_after_av_textblock  el_before_av_iconlist  av-mini-hide'><ul class='avia-icon-list avia_animate_when_almost_visible avia-icon-list-left av-iconlist-big av-jysqzau2-c141742892dbe8a75baf7f017de01e34 avia-iconlist-animate'>\n<li><div class='iconlist_icon av-petvc-4bc43c18581f4f030188e293a0d4d18e avia-font-entypo-fontello avia-iconfont avia-font-entypo-fontello'><span class='av-icon-char' data-av_icon='\ue8d1' data-av_iconfont='entypo-fontello' aria-hidden=\"true\"><\/span><\/div><article class=\"article-icon-entry \"  itemscope=\"itemscope\" itemtype=\"https:\/\/schema.org\/CreativeWork\" ><div class=\"iconlist_content_wrap\"><header class=\"entry-content-header\" aria-label=\"Icon: Aufnahmevoraussetzungen\"><h4 class='av_iconlist_title iconlist_title  '  itemprop=\"headline\" >Aufnahmevoraussetzungen<\/h4><\/header><div class='iconlist_content '  itemprop=\"text\" ><div style=\"margin-top: 10px;\">\n<p>Erster Schulabschluss<\/p>\n<\/div>\n<\/div><\/div><footer class=\"entry-footer\"><\/footer><\/article><div class=\"iconlist-timeline\"><\/div><\/li>\n<li><div class='iconlist_icon av-kmuig-c9b3c8120c5efe4cbe9725c74497bfda avia-font-entypo-fontello avia-iconfont avia-font-entypo-fontello'><span class='av-icon-char' data-av_icon='\ue8c9' data-av_iconfont='entypo-fontello' aria-hidden=\"true\"><\/span><\/div><article class=\"article-icon-entry \"  itemscope=\"itemscope\" itemtype=\"https:\/\/schema.org\/CreativeWork\" ><div class=\"iconlist_content_wrap\"><header class=\"entry-content-header\" aria-label=\"Icon: Abschluss\"><h4 class='av_iconlist_title iconlist_title  '  itemprop=\"headline\" >Abschluss<\/h4><\/header><div class='iconlist_content '  itemprop=\"text\" ><div style=\"margin-top: 10px;\">\n<p>Erweiterter Erster Schulabschluss<\/p>\n<\/div>\n<\/div><\/div><footer class=\"entry-footer\"><\/footer><\/article><div class=\"iconlist-timeline\"><\/div><\/li>\n<li><div class='iconlist_icon av-1d4cqf-4795625b24f58f74d592874f793357b8 avia-font-entypo-fontello avia-iconfont avia-font-entypo-fontello'><span class='av-icon-char' data-av_icon='\ue863' data-av_iconfont='entypo-fontello' aria-hidden=\"true\"><\/span><\/div><article class=\"article-icon-entry \"  itemscope=\"itemscope\" itemtype=\"https:\/\/schema.org\/CreativeWork\" ><div class=\"iconlist_content_wrap\"><header class=\"entry-content-header\" aria-label=\"Icon: Dauer\"><h4 class='av_iconlist_title iconlist_title  '  itemprop=\"headline\" >Dauer<\/h4><\/header><div class='iconlist_content '  itemprop=\"text\" ><p>ein Jahr<\/p>\n<\/div><\/div><footer class=\"entry-footer\"><\/footer><\/article><div class=\"iconlist-timeline\"><\/div><\/li>\n<li><div class='iconlist_icon av-tciy8-b707b08d903faab59464e0b4e2380320 avia-font-entypo-fontello avia-iconfont avia-font-entypo-fontello'><span class='av-icon-char' data-av_icon='\ue84f' data-av_iconfont='entypo-fontello' aria-hidden=\"true\"><\/span><\/div><article class=\"article-icon-entry \"  itemscope=\"itemscope\" itemtype=\"https:\/\/schema.org\/CreativeWork\" ><div class=\"iconlist_content_wrap\"><header class=\"entry-content-header\" aria-label=\"Icon: Unterrichtsf\u00e4cher\"><h4 class='av_iconlist_title iconlist_title  '  itemprop=\"headline\" >Unterrichtsf\u00e4cher<\/h4><\/header><div class='iconlist_content '  itemprop=\"text\" ><div style=\"margin-top: 15px;\">\n<h6>Berufsbezogener Lernbereich<\/h6>\n<ul>\n<li>Fertigungsprozesse<\/li>\n<li>Montage- und Instandhaltungsprozesse<\/li>\n<li>Mathematik<\/li>\n<li>Wirtschafts- und Betriebslehre<\/li>\n<li>Englisch<\/li>\n<\/ul>\n<\/div>\n<div style=\"margin-top: 10px;\">\n<h6>Berufs\u00fcbergreifender Lernbereich<\/h6>\n<ul>\n<li>Deutsch<\/li>\n<li>Politik\/ Gesellschaftslehre<\/li>\n<li>Sport\/ Gesundheitsf\u00f6rderung<\/li>\n<li>Religion<\/li>\n<li>Berufsorientierung<\/li>\n<\/ul>\n<\/div>\n<\/div><\/div><footer class=\"entry-footer\"><\/footer><\/article><div class=\"iconlist-timeline\"><\/div><\/li>\n<li><div class='iconlist_icon av-dh1nc-f0ca005f3e47d90ec66eba04ac521a17 avia-font-entypo-fontello avia-iconfont avia-font-entypo-fontello'><span class='av-icon-char' data-av_icon='\ue84e' data-av_iconfont='entypo-fontello' aria-hidden=\"true\"><\/span><\/div><article class=\"article-icon-entry \"  itemscope=\"itemscope\" itemtype=\"https:\/\/schema.org\/CreativeWork\" ><div class=\"iconlist_content_wrap\"><header class=\"entry-content-header\" aria-label=\"Icon: Brosch\u00fcre\"><h4 class='av_iconlist_title iconlist_title  '  itemprop=\"headline\" >Brosch\u00fcre<\/h4><\/header><div class='iconlist_content '  itemprop=\"text\" ><p>\n<style type=\"text\/css\" data-created_by=\"avia_inline_auto\" id=\"style-css-av-h4i7w-260dca7904110f0543d0802d61bda5e8\">\n#top .hr.hr-invisible.av-h4i7w-260dca7904110f0543d0802d61bda5e8{\nheight:5px;\n}\n<\/style>\n<div  class='hr av-h4i7w-260dca7904110f0543d0802d61bda5e8 hr-invisible  avia-builder-el-2  el_before_av_button  avia-builder-el-first '><span class='hr-inner '><span class=\"hr-inner-style\"><\/span><\/span><\/div><br \/>\n<a href=\"https:\/\/berufskolleg-en.de\/wp-content\/uploads\/2025\/09\/Flyer-B1-B2-Einjaehrige-Berufsfachschule-fuer-Technik.pdf\" class=\"pdfemb-viewer\" style=\"\" data-width=\"max\" data-height=\"max\" data-toolbar=\"bottom\" data-toolbar-fixed=\"off\">Flyer B1 B2 Einj\u00e4hrige Berufsfachschule f\u00fcr Technik<\/a><\/p>\n<p>Zum Bl\u00e4ttern auf die Brosch\u00fcre klicken. Sie k\u00f6nnen die Brosch\u00fcre auch <a href=\"https:\/\/berufskolleg-en.de\/wp-content\/uploads\/2025\/09\/Flyer-B1-B2-Einjaehrige-Berufsfachschule-fuer-Technik.pdf\">hier<\/a> herunterladen.<\/p>\n<\/div><\/div><footer class=\"entry-footer\"><\/footer><\/article><div class=\"iconlist-timeline\"><\/div><\/li>\n<li><div class='iconlist_icon av-dfgjs-a8f5f437d55f3dd1c3784b02a4951398 avia-font-entypo-fontello avia-iconfont avia-font-entypo-fontello'><span class='av-icon-char' data-av_icon='\ue80a' data-av_iconfont='entypo-fontello' aria-hidden=\"true\"><\/span><\/div><article class=\"article-icon-entry \"  itemscope=\"itemscope\" itemtype=\"https:\/\/schema.org\/CreativeWork\" ><div class=\"iconlist_content_wrap\"><header class=\"entry-content-header\" aria-label=\"Icon: Ansprechpartner\"><h4 class='av_iconlist_title iconlist_title  '  itemprop=\"headline\" >Ansprechpartner<\/h4><\/header><div class='iconlist_content '  itemprop=\"text\" ><p>Andreas Teuber<\/p>\n<div  class='avia-button-wrap av-jysl8h7n-5ce469d71e1af54e32bb25bf9b4c2a36-wrap avia-button-relative  avia-builder-el-3  el_after_av_hr  avia-builder-el-last '><a href='mailto:teuber@berufskolleg-en.de'  class='avia-button av-jysl8h7n-5ce469d71e1af54e32bb25bf9b4c2a36 av-link-btn avia-icon_select-yes-left-icon avia-size-small avia-position-relative avia-color-theme-color'   aria-label=\"teuber@berufskolleg-en.de\"><span class='avia_button_icon avia_button_icon_left avia-iconfont avia-font-entypo-fontello' data-av_icon='\ue805' data-av_iconfont='entypo-fontello' ><\/span><span class='avia_iconbox_title' >teuber@berufskolleg-en.de<\/span><\/a><\/div>\n<\/div><\/div><footer class=\"entry-footer\"><\/footer><\/article><div class=\"iconlist-timeline\"><\/div><\/li>\n<\/ul><\/div>\n\n<style type=\"text\/css\" data-created_by=\"avia_inline_auto\" id=\"style-css-av-jysqzau2-3-50b5902cad696429d7b4acf2e79d5134\">\n#top .avia-icon-list-container.av-jysqzau2-3-50b5902cad696429d7b4acf2e79d5134 .iconlist_icon{\nfont-size:16px;\n}\n#top .avia-icon-list-container.av-jysqzau2-3-50b5902cad696429d7b4acf2e79d5134 .iconlist_icon svg:first-child{\nheight:16px;\nwidth:16px;\n}\n#top #wrap_all .avia-icon-list-container.av-jysqzau2-3-50b5902cad696429d7b4acf2e79d5134 .av_iconlist_title{\nfont-size:16px;\n}\n\n@media only screen and (max-width: 479px){ \n#top #wrap_all .avia-icon-list-container.av-jysqzau2-3-50b5902cad696429d7b4acf2e79d5134 .av_iconlist_title{\nfont-size:13px;\n}\n}\n<\/style>\n<div  class='avia-icon-list-container av-jysqzau2-3-50b5902cad696429d7b4acf2e79d5134  avia-builder-el-4  el_after_av_iconlist  avia-builder-el-last  av-desktop-hide av-medium-hide av-small-hide'><ul class='avia-icon-list avia_animate_when_almost_visible avia-icon-list-left av-iconlist-small av-jysqzau2-3-50b5902cad696429d7b4acf2e79d5134 avia-iconlist-animate'>\n<li><div class='iconlist_icon av-gs020-31eb39e5e90f9e82436d6c471f52f361 avia-font-entypo-fontello avia-iconfont avia-font-entypo-fontello'><span class='av-icon-char' data-av_icon='\ue8d1' data-av_iconfont='entypo-fontello' aria-hidden=\"true\"><\/span><\/div><article class=\"article-icon-entry \"  itemscope=\"itemscope\" itemtype=\"https:\/\/schema.org\/CreativeWork\" ><div class=\"iconlist_content_wrap\"><header class=\"entry-content-header\" aria-label=\"Icon: Aufnahmevoraussetzungen\"><div class='av_iconlist_title iconlist_title_small  '  itemprop=\"headline\" >Aufnahmevoraussetzungen<\/div><\/header><div class='iconlist_content '  itemprop=\"text\" ><div style=\"margin-top: 10px;\">\n<p>Hauptschulabschluss nach Klasse 9<\/p>\n<\/div>\n<\/div><\/div><footer class=\"entry-footer\"><\/footer><\/article><div class=\"iconlist-timeline\"><\/div><\/li>\n<li><div class='iconlist_icon av-8xal4-69590151a6041a929dd517ea1bbc6313 avia-font-entypo-fontello avia-iconfont avia-font-entypo-fontello'><span class='av-icon-char' data-av_icon='\ue8c9' data-av_iconfont='entypo-fontello' aria-hidden=\"true\"><\/span><\/div><article class=\"article-icon-entry \"  itemscope=\"itemscope\" itemtype=\"https:\/\/schema.org\/CreativeWork\" ><div class=\"iconlist_content_wrap\"><header class=\"entry-content-header\" aria-label=\"Icon: Abschluss\"><div class='av_iconlist_title iconlist_title_small  '  itemprop=\"headline\" >Abschluss<\/div><\/header><div class='iconlist_content '  itemprop=\"text\" ><div style=\"margin-top: 10px;\">\n<p>Hauptschulabschluss nach Klasse 10<\/p>\n<\/div>\n<\/div><\/div><footer class=\"entry-footer\"><\/footer><\/article><div class=\"iconlist-timeline\"><\/div><\/li>\n<li><div class='iconlist_icon av-1d4cqf-2-fef766e3a6a9abfe520975a5bf5560ab avia-font-entypo-fontello avia-iconfont avia-font-entypo-fontello'><span class='av-icon-char' data-av_icon='\ue863' data-av_iconfont='entypo-fontello' aria-hidden=\"true\"><\/span><\/div><article class=\"article-icon-entry \"  itemscope=\"itemscope\" itemtype=\"https:\/\/schema.org\/CreativeWork\" ><div class=\"iconlist_content_wrap\"><header class=\"entry-content-header\" aria-label=\"Icon: Dauer\"><div class='av_iconlist_title iconlist_title_small  '  itemprop=\"headline\" >Dauer<\/div><\/header><div class='iconlist_content '  itemprop=\"text\" ><p>ein Jahr<\/p>\n<\/div><\/div><footer class=\"entry-footer\"><\/footer><\/article><div class=\"iconlist-timeline\"><\/div><\/li>\n<li><div class='iconlist_icon av-hcuts-a13c95dbc7ffdb382f6b60719f7f69e2 avia-font-entypo-fontello avia-iconfont avia-font-entypo-fontello'><span class='av-icon-char' data-av_icon='\ue84f' data-av_iconfont='entypo-fontello' aria-hidden=\"true\"><\/span><\/div><article class=\"article-icon-entry \"  itemscope=\"itemscope\" itemtype=\"https:\/\/schema.org\/CreativeWork\" ><div class=\"iconlist_content_wrap\"><header class=\"entry-content-header\" aria-label=\"Icon: Unterrichtsf\u00e4cher\"><div class='av_iconlist_title iconlist_title_small  '  itemprop=\"headline\" >Unterrichtsf\u00e4cher<\/div><\/header><div class='iconlist_content '  itemprop=\"text\" ><div style=\"margin-top: 15px;\">\n<p>Berufsbezogener Lernbereich<\/p>\n<ul>\n<li>Fertigungsprozesse<\/li>\n<li>Montage- und Instandhaltungsprozesse<\/li>\n<li>Mathematik<\/li>\n<li>Wirtschafts- und Betriebslehre<\/li>\n<li>Englisch<\/li>\n<\/ul>\n<\/div>\n<div style=\"margin-top: 10px;\">\n<p>Berufs\u00fcbergreifender Lernbereich<\/p>\n<ul>\n<li>Deutsch<\/li>\n<li>Politik\/ Gesellschaftslehre<\/li>\n<li>Sport\/ Gesundheitsf\u00f6rderung<\/li>\n<li>Religion<\/li>\n<li>Berufsorientierung<\/li>\n<\/ul>\n<\/div>\n<\/div><\/div><footer class=\"entry-footer\"><\/footer><\/article><div class=\"iconlist-timeline\"><\/div><\/li>\n<li><div class='iconlist_icon av-86lxs-cd5aee973c7909d856a36c0c5a171897 avia-font-entypo-fontello avia-iconfont avia-font-entypo-fontello'><span class='av-icon-char' data-av_icon='\ue84e' data-av_iconfont='entypo-fontello' aria-hidden=\"true\"><\/span><\/div><article class=\"article-icon-entry \"  itemscope=\"itemscope\" itemtype=\"https:\/\/schema.org\/CreativeWork\" ><div class=\"iconlist_content_wrap\"><header class=\"entry-content-header\" aria-label=\"Icon: Brosch\u00fcre\"><div class='av_iconlist_title iconlist_title_small  '  itemprop=\"headline\" >Brosch\u00fcre<\/div><\/header><div class='iconlist_content '  itemprop=\"text\" ><p>Die Brosch\u00fcre kann <a href=\"https:\/\/berufskolleg-en.de\/wp-content\/uploads\/2025\/09\/Flyer-B1-B2-Einjaehrige-Berufsfachschule-fuer-Technik.pdf\">hier<\/a> als pdf-Datei heruntergeladen werden.<\/p>\n<\/div><\/div><footer class=\"entry-footer\"><\/footer><\/article><div class=\"iconlist-timeline\"><\/div><\/li>\n<li><div class='iconlist_icon av-8n4ug-2657eb768b419e60fc1aca153f6c3b4d avia-font-entypo-fontello avia-iconfont avia-font-entypo-fontello'><span class='av-icon-char' data-av_icon='\ue80a' data-av_iconfont='entypo-fontello' aria-hidden=\"true\"><\/span><\/div><article class=\"article-icon-entry \"  itemscope=\"itemscope\" itemtype=\"https:\/\/schema.org\/CreativeWork\" ><div class=\"iconlist_content_wrap\"><header class=\"entry-content-header\" aria-label=\"Icon: Ansprechpartner\"><div class='av_iconlist_title iconlist_title_small  '  itemprop=\"headline\" >Ansprechpartner<\/div><\/header><div class='iconlist_content '  itemprop=\"text\" ><p>Andreas Teuber<\/p>\n<div  class='avia-button-wrap av-jysl8h7n-1-a346241ed0e8a536859dd4d93e54353f-wrap avia-button-relative  avia-builder-el-5  avia-builder-el-no-sibling '><a href='mailto:teuber@berufskolleg-en.de'  class='avia-button av-jysl8h7n-1-a346241ed0e8a536859dd4d93e54353f av-link-btn avia-icon_select-yes-left-icon avia-size-small avia-position-relative avia-color-theme-color'   aria-label=\"teuber@berufskolleg-en.de\"><span class='avia_button_icon avia_button_icon_left avia-iconfont avia-font-entypo-fontello' data-av_icon='\ue805' data-av_iconfont='entypo-fontello' ><\/span><span class='avia_iconbox_title' >teuber@berufskolleg-en.de<\/span><\/a><\/div>\n<\/div><\/div><footer class=\"entry-footer\"><\/footer><\/article><div class=\"iconlist-timeline\"><\/div><\/li>\n<\/ul><\/div>\n","protected":false},"excerpt":{"rendered":"","protected":false},"author":1,"featured_media":0,"parent":0,"menu_order":0,"comment_status":"closed","ping_status":"closed","template":"","meta":{"footnotes":""},"class_list":["post-296","page","type-page","status-publish","hentry"],"publishpress_future_action":{"enabled":false,"date":"2026-04-26 13:39:49","action":"change-status","newStatus":"draft","terms":[],"taxonomy":"","extraData":[]},"publishpress_future_workflow_manual_trigger":{"enabledWorkflows":[]},"_links":{"self":[{"href":"https:\/\/berufskolleg-en.de\/index.php?rest_route=\/wp\/v2\/pages\/296","targetHints":{"allow":["GET"]}}],"collection":[{"href":"https:\/\/berufskolleg-en.de\/index.php?rest_route=\/wp\/v2\/pages"}],"about":[{"href":"https:\/\/berufskolleg-en.de\/index.php?rest_route=\/wp\/v2\/types\/page"}],"author":[{"embeddable":true,"href":"https:\/\/berufskolleg-en.de\/index.php?rest_route=\/wp\/v2\/users\/1"}],"replies":[{"embeddable":true,"href":"https:\/\/berufskolleg-en.de\/index.php?rest_route=%2Fwp%2Fv2%2Fcomments&post=296"}],"version-history":[{"count":10,"href":"https:\/\/berufskolleg-en.de\/index.php?rest_route=\/wp\/v2\/pages\/296\/revisions"}],"predecessor-version":[{"id":14942,"href":"https:\/\/berufskolleg-en.de\/index.php?rest_route=\/wp\/v2\/pages\/296\/revisions\/14942"}],"wp:attachment":[{"href":"https:\/\/berufskolleg-en.de\/index.php?rest_route=%2Fwp%2Fv2%2Fmedia&parent=296"}],"curies":[{"name":"wp","href":"https:\/\/api.w.org\/{rel}","templated":true}]}}