{"id":298,"date":"2019-06-26T16:07:26","date_gmt":"2019-06-26T14:07:26","guid":{"rendered":"http:\/\/wp.berufskolleg-en.de\/?page_id=298"},"modified":"2023-09-14T19:27:15","modified_gmt":"2023-09-14T17:27:15","slug":"fachschule-fuer-technik","status":"publish","type":"page","link":"https:\/\/berufskolleg-en.de\/?page_id=298","title":{"rendered":"Fachschule f\u00fcr Technik"},"content":{"rendered":"<section  class='av_textblock_section av-jysqhvd4-1f86a589a038e5af6eec8c328fe815b5 '   itemscope=\"itemscope\" itemtype=\"https:\/\/schema.org\/CreativeWork\" ><div class='avia_textblock'  itemprop=\"text\" ><h3>Fachschule Technik (Fachrichtung Maschinenbautechnik)<\/h3>\n<p>Techniker*innen k\u00f6nnen sowohl \u00fcbergreifende, koordinierende als auch spezielle, technikgestaltende Aufgaben \u00fcbernehmen. Sie bauen Maschinen und Anlagen aller Art f\u00fcr unterschiedliche Anwendungszwecke. Das beinhaltet Kompetenzen in den Bereichen Fertigungs- und Konstruktionstechnik, Produktionsplanung und \u2013steuerung einschlie\u00dflich Qualit\u00e4tsmanagement und Materialwirtschaft.<\/p>\n<p>Die Weiterbildung ist kostenlos.<\/p>\n<\/div><\/section>\n\n<style type=\"text\/css\" data-created_by=\"avia_inline_auto\" id=\"style-css-av-jysqzau2-c141742892dbe8a75baf7f017de01e34\">\n#top #wrap_all .avia-icon-list-container.av-jysqzau2-c141742892dbe8a75baf7f017de01e34 .av_iconlist_title{\nfont-size:16px;\n}\n\n@media only screen and (max-width: 479px){ \n#top #wrap_all .avia-icon-list-container.av-jysqzau2-c141742892dbe8a75baf7f017de01e34 .av_iconlist_title{\nfont-size:13px;\n}\n}\n<\/style>\n<div  class='avia-icon-list-container av-jysqzau2-c141742892dbe8a75baf7f017de01e34  avia-builder-el-1  el_after_av_textblock  el_before_av_iconlist  av-mini-hide'><ul class='avia-icon-list avia_animate_when_almost_visible avia-icon-list-left av-iconlist-big av-jysqzau2-c141742892dbe8a75baf7f017de01e34 avia-iconlist-animate'>\n<li><div class='iconlist_icon av-lnwma-1cf701b422a6dd90491a0df320aa8ba7 avia-font-entypo-fontello avia-iconfont avia-font-entypo-fontello'><span class='av-icon-char' data-av_icon='\ue8d1' data-av_iconfont='entypo-fontello' aria-hidden=\"true\"><\/span><\/div><article class=\"article-icon-entry \"  itemscope=\"itemscope\" itemtype=\"https:\/\/schema.org\/CreativeWork\" ><div class=\"iconlist_content_wrap\"><header class=\"entry-content-header\" aria-label=\"Icon: Aufnahmevoraussetzungen\"><h4 class='av_iconlist_title iconlist_title  '  itemprop=\"headline\" >Aufnahmevoraussetzungen<\/h4><\/header><div class='iconlist_content '  itemprop=\"text\" ><div style=\"margin-top: 10px;\">\n<ul>\n<li>Berufliche Erstausbildung<\/li>\n<li>Berufserfahrung<\/li>\n<\/ul>\n<p>Die Anmeldung ist \u00fcber <a href=\"http:\/\/www.schueleranmeldung.de\">schueleranmeldung.de<\/a> m\u00f6glich.<\/p>\n<\/div>\n<\/div><\/div><footer class=\"entry-footer\"><\/footer><\/article><div class=\"iconlist-timeline\"><\/div><\/li>\n<li><div class='iconlist_icon av-1k7bqi-f99527e89666da48774fb27b173ab861 avia-font-entypo-fontello avia-iconfont avia-font-entypo-fontello'><span class='av-icon-char' data-av_icon='\ue8c9' data-av_iconfont='entypo-fontello' aria-hidden=\"true\"><\/span><\/div><article class=\"article-icon-entry \"  itemscope=\"itemscope\" itemtype=\"https:\/\/schema.org\/CreativeWork\" ><div class=\"iconlist_content_wrap\"><header class=\"entry-content-header\" aria-label=\"Icon: Abschluss\"><h4 class='av_iconlist_title iconlist_title  '  itemprop=\"headline\" >Abschluss<\/h4><\/header><div class='iconlist_content '  itemprop=\"text\" ><div style=\"margin-top: 10px;\">\n<p>Staatliche gepr\u00fcfte Technikerin\/Staatlich gepr\u00fcfter Techniker<\/p>\n<\/div>\n<\/div><\/div><footer class=\"entry-footer\"><\/footer><\/article><div class=\"iconlist-timeline\"><\/div><\/li>\n<li><div class='iconlist_icon av-cr73e-2f863de4595bfc91fc289ab1423e6cba avia-font-entypo-fontello avia-iconfont avia-font-entypo-fontello'><span class='av-icon-char' data-av_icon='\ue863' data-av_iconfont='entypo-fontello' aria-hidden=\"true\"><\/span><\/div><article class=\"article-icon-entry \"  itemscope=\"itemscope\" itemtype=\"https:\/\/schema.org\/CreativeWork\" ><div class=\"iconlist_content_wrap\"><header class=\"entry-content-header\" aria-label=\"Icon: Dauer\"><h4 class='av_iconlist_title iconlist_title  '  itemprop=\"headline\" >Dauer<\/h4><\/header><div class='iconlist_content '  itemprop=\"text\" ><p>Vier Jahre (Teilzeit), eine Verk\u00fcrzung ist nicht m\u00f6glich<\/p>\n<\/div><\/div><footer class=\"entry-footer\"><\/footer><\/article><div class=\"iconlist-timeline\"><\/div><\/li>\n<li><div class='iconlist_icon av-8jnui-d3d519c0c939974c55741f27802f55e5 avia-font-entypo-fontello avia-iconfont avia-font-entypo-fontello'><span class='av-icon-char' data-av_icon='\ue84f' data-av_iconfont='entypo-fontello' aria-hidden=\"true\"><\/span><\/div><article class=\"article-icon-entry \"  itemscope=\"itemscope\" itemtype=\"https:\/\/schema.org\/CreativeWork\" ><div class=\"iconlist_content_wrap\"><header class=\"entry-content-header\" aria-label=\"Icon: Unterrichtsf\u00e4cher\"><h4 class='av_iconlist_title iconlist_title  '  itemprop=\"headline\" >Unterrichtsf\u00e4cher<\/h4><\/header><div class='iconlist_content '  itemprop=\"text\" ><div style=\"margin-top: 15px;\">\n<h6>Berufsbezogener Lernbereich<\/h6>\n<ul>\n<li>Entwicklung und Konstruktion von Produkten<\/li>\n<li>Herstellen von Produkten und Betriebsmitteln<\/li>\n<li>Betriebliches Management<\/li>\n<li>Projektarbeit<\/li>\n<\/ul>\n<\/div>\n<div style=\"margin-top: 10px;\">\n<h6>Berufs\u00fcbergreifender Lernbereich<\/h6>\n<ul>\n<li>Deutsch\/Kommunikation<\/li>\n<li>Fremdspreche<\/li>\n<li>Politik\/Gesellschaftslehre<\/li>\n<li>Betriebs- und Personalwirtschaft<\/li>\n<\/ul>\n<p>Der Unterricht findet jeden Dienstag- und Donnerstagabend sowie Samstagvormittag statt. Ausgenommen sind die Ferien und Feiertage,<\/p>\n<\/div>\n<div style=\"margin-top: 10px;\"><\/div>\n<\/div><\/div><footer class=\"entry-footer\"><\/footer><\/article><div class=\"iconlist-timeline\"><\/div><\/li>\n<li><div class='iconlist_icon av-l8pju-a28d16208af74b5b6e6aee8e12b73819 avia-font-entypo-fontello avia-iconfont avia-font-entypo-fontello'><span class='av-icon-char' data-av_icon='\ue80a' data-av_iconfont='entypo-fontello' aria-hidden=\"true\"><\/span><\/div><article class=\"article-icon-entry \"  itemscope=\"itemscope\" itemtype=\"https:\/\/schema.org\/CreativeWork\" ><div class=\"iconlist_content_wrap\"><header class=\"entry-content-header\" aria-label=\"Icon: Ansprechpartner\"><h4 class='av_iconlist_title iconlist_title  '  itemprop=\"headline\" >Ansprechpartner<\/h4><\/header><div class='iconlist_content '  itemprop=\"text\" ><p>Meikel Gerhartz<\/p>\n<div  class='avia-button-wrap av-jysl8h7n-41f6b7b975010e8855a9742ae7e73250-wrap avia-button-relative  avia-builder-el-2  avia-builder-el-no-sibling '><a href='mailto:gerhartz@berufskolleg-en.de'  class='avia-button av-jysl8h7n-41f6b7b975010e8855a9742ae7e73250 av-link-btn avia-icon_select-yes-left-icon avia-size-small avia-position-relative avia-color-theme-color'   aria-label=\"gerhartz@berufskolleg-en.de\"><span class='avia_button_icon avia_button_icon_left avia-iconfont avia-font-entypo-fontello' data-av_icon='\ue805' data-av_iconfont='entypo-fontello' ><\/span><span class='avia_iconbox_title' >gerhartz@berufskolleg-en.de<\/span><\/a><\/div>\n<\/div><\/div><footer class=\"entry-footer\"><\/footer><\/article><div class=\"iconlist-timeline\"><\/div><\/li>\n<\/ul><\/div>\n\n<style type=\"text\/css\" data-created_by=\"avia_inline_auto\" id=\"style-css-av-jysqzau2-3-50b5902cad696429d7b4acf2e79d5134\">\n#top .avia-icon-list-container.av-jysqzau2-3-50b5902cad696429d7b4acf2e79d5134 .iconlist_icon{\nfont-size:16px;\n}\n#top .avia-icon-list-container.av-jysqzau2-3-50b5902cad696429d7b4acf2e79d5134 .iconlist_icon svg:first-child{\nheight:16px;\nwidth:16px;\n}\n#top #wrap_all .avia-icon-list-container.av-jysqzau2-3-50b5902cad696429d7b4acf2e79d5134 .av_iconlist_title{\nfont-size:16px;\n}\n\n@media only screen and (max-width: 479px){ \n#top #wrap_all .avia-icon-list-container.av-jysqzau2-3-50b5902cad696429d7b4acf2e79d5134 .av_iconlist_title{\nfont-size:13px;\n}\n}\n<\/style>\n<div  class='avia-icon-list-container av-jysqzau2-3-50b5902cad696429d7b4acf2e79d5134  avia-builder-el-3  el_after_av_iconlist  avia-builder-el-last  av-desktop-hide av-medium-hide av-small-hide'><ul class='avia-icon-list avia_animate_when_almost_visible avia-icon-list-left av-iconlist-small av-jysqzau2-3-50b5902cad696429d7b4acf2e79d5134 avia-iconlist-animate'>\n<li><div class='iconlist_icon av-1qi1ru-732ec40448acd0979a239741ee665a9d avia-font-entypo-fontello avia-iconfont avia-font-entypo-fontello'><span class='av-icon-char' data-av_icon='\ue8d1' data-av_iconfont='entypo-fontello' aria-hidden=\"true\"><\/span><\/div><article class=\"article-icon-entry \"  itemscope=\"itemscope\" itemtype=\"https:\/\/schema.org\/CreativeWork\" ><div class=\"iconlist_content_wrap\"><header class=\"entry-content-header\" aria-label=\"Icon: Aufnahmevoraussetzungen\"><div class='av_iconlist_title iconlist_title_small  '  itemprop=\"headline\" >Aufnahmevoraussetzungen<\/div><\/header><div class='iconlist_content '  itemprop=\"text\" ><div style=\"margin-top: 10px;\">\n<ul>\n<li>Berufliche Erstausbildung<\/li>\n<li>Berufserfahrung<\/li>\n<\/ul>\n<p>Die Anmeldung ist \u00fcber <a href=\"http:\/\/www.schueleranmeldung.de\">schueleranmeldung.de<\/a> m\u00f6glich.<\/p>\n<\/div>\n<\/div><\/div><footer class=\"entry-footer\"><\/footer><\/article><div class=\"iconlist-timeline\"><\/div><\/li>\n<li><div class='iconlist_icon av-1k7bqi-2-423e08bc579ee70cc862afec111f2545 avia-font-entypo-fontello avia-iconfont avia-font-entypo-fontello'><span class='av-icon-char' data-av_icon='\ue8c9' data-av_iconfont='entypo-fontello' aria-hidden=\"true\"><\/span><\/div><article class=\"article-icon-entry \"  itemscope=\"itemscope\" itemtype=\"https:\/\/schema.org\/CreativeWork\" ><div class=\"iconlist_content_wrap\"><header class=\"entry-content-header\" aria-label=\"Icon: Abschluss\"><div class='av_iconlist_title iconlist_title_small  '  itemprop=\"headline\" >Abschluss<\/div><\/header><div class='iconlist_content '  itemprop=\"text\" ><div style=\"margin-top: 10px;\">\n<p>Staatliche gepr\u00fcfte Technikerin\/Staatlich gepr\u00fcfter Techniker<\/p>\n<\/div>\n<\/div><\/div><footer class=\"entry-footer\"><\/footer><\/article><div class=\"iconlist-timeline\"><\/div><\/li>\n<li><div class='iconlist_icon av-55fdu-3dd8b4d59695f8a9a5027e811f617c65 avia-font-entypo-fontello avia-iconfont avia-font-entypo-fontello'><span class='av-icon-char' data-av_icon='\ue863' data-av_iconfont='entypo-fontello' aria-hidden=\"true\"><\/span><\/div><article class=\"article-icon-entry \"  itemscope=\"itemscope\" itemtype=\"https:\/\/schema.org\/CreativeWork\" ><div class=\"iconlist_content_wrap\"><header class=\"entry-content-header\" aria-label=\"Icon: Dauer\"><div class='av_iconlist_title iconlist_title_small  '  itemprop=\"headline\" >Dauer<\/div><\/header><div class='iconlist_content '  itemprop=\"text\" ><p>Vier Jahre (Teilzeit)<\/p>\n<\/div><\/div><footer class=\"entry-footer\"><\/footer><\/article><div class=\"iconlist-timeline\"><\/div><\/li>\n<li><div class='iconlist_icon av-fjz6i-6677ca5eca36288df147754da7a9bbdf avia-font-entypo-fontello avia-iconfont avia-font-entypo-fontello'><span class='av-icon-char' data-av_icon='\ue84f' data-av_iconfont='entypo-fontello' aria-hidden=\"true\"><\/span><\/div><article class=\"article-icon-entry \"  itemscope=\"itemscope\" itemtype=\"https:\/\/schema.org\/CreativeWork\" ><div class=\"iconlist_content_wrap\"><header class=\"entry-content-header\" aria-label=\"Icon: Unterrichtsf\u00e4cher\"><div class='av_iconlist_title iconlist_title_small  '  itemprop=\"headline\" >Unterrichtsf\u00e4cher<\/div><\/header><div class='iconlist_content '  itemprop=\"text\" ><div style=\"margin-top: 15px;\">\n<p>Berufsbezogener Lernbereich<\/p>\n<ul>\n<li>Entwicklung und Konstruktion von Produkten<\/li>\n<li>Herstellen von Produkten und Betriebsmitteln<\/li>\n<li>Betriebliches Management<\/li>\n<li>Projektarbeit<\/li>\n<\/ul>\n<\/div>\n<div style=\"margin-top: 10px;\">\n<p>Berufs\u00fcbergreifender Lernbereich<\/p>\n<ul>\n<li>Deutsch\/Kommunikation<\/li>\n<li>Fremdspreche<\/li>\n<li>Politik\/Gesellschaftslehre<\/li>\n<li>Betriebs- und Personalwirtschaft<\/li>\n<\/ul>\n<\/div>\n<\/div><\/div><footer class=\"entry-footer\"><\/footer><\/article><div class=\"iconlist-timeline\"><\/div><\/li>\n<li><div class='iconlist_icon av-b0nju-6f51293784abd1c1d6d64a9a810f574d avia-font-entypo-fontello avia-iconfont avia-font-entypo-fontello'><span class='av-icon-char' data-av_icon='\ue80a' data-av_iconfont='entypo-fontello' aria-hidden=\"true\"><\/span><\/div><article class=\"article-icon-entry \"  itemscope=\"itemscope\" itemtype=\"https:\/\/schema.org\/CreativeWork\" ><div class=\"iconlist_content_wrap\"><header class=\"entry-content-header\" aria-label=\"Icon: Ansprechpartner\"><div class='av_iconlist_title iconlist_title_small  '  itemprop=\"headline\" >Ansprechpartner<\/div><\/header><div class='iconlist_content '  itemprop=\"text\" ><p>Meikel Gerhartz<\/p>\n<div  class='avia-button-wrap av-jysl8h7n-1-1dc8319730ed1eba66aa84b19df7acb3-wrap avia-button-relative  avia-builder-el-4  avia-builder-el-no-sibling '><a href='mailto:gerhartz@berufskolleg-en.de'  class='avia-button av-jysl8h7n-1-1dc8319730ed1eba66aa84b19df7acb3 av-link-btn avia-icon_select-yes-left-icon avia-size-small avia-position-relative avia-color-theme-color'   aria-label=\"gerhartz@berufskolleg-en.de\"><span class='avia_button_icon avia_button_icon_left avia-iconfont avia-font-entypo-fontello' data-av_icon='\ue805' data-av_iconfont='entypo-fontello' ><\/span><span class='avia_iconbox_title' >gerhartz@berufskolleg-en.de<\/span><\/a><\/div>\n<\/div><\/div><footer class=\"entry-footer\"><\/footer><\/article><div class=\"iconlist-timeline\"><\/div><\/li>\n<\/ul><\/div>\n","protected":false},"excerpt":{"rendered":"","protected":false},"author":1,"featured_media":0,"parent":0,"menu_order":0,"comment_status":"closed","ping_status":"closed","template":"","meta":{"footnotes":""},"class_list":["post-298","page","type-page","status-publish","hentry"],"publishpress_future_action":{"enabled":false,"date":"2026-04-30 15:41:13","action":"change-status","newStatus":"draft","terms":[],"taxonomy":"","extraData":[]},"publishpress_future_workflow_manual_trigger":{"enabledWorkflows":[]},"_links":{"self":[{"href":"https:\/\/berufskolleg-en.de\/index.php?rest_route=\/wp\/v2\/pages\/298","targetHints":{"allow":["GET"]}}],"collection":[{"href":"https:\/\/berufskolleg-en.de\/index.php?rest_route=\/wp\/v2\/pages"}],"about":[{"href":"https:\/\/berufskolleg-en.de\/index.php?rest_route=\/wp\/v2\/types\/page"}],"author":[{"embeddable":true,"href":"https:\/\/berufskolleg-en.de\/index.php?rest_route=\/wp\/v2\/users\/1"}],"replies":[{"embeddable":true,"href":"https:\/\/berufskolleg-en.de\/index.php?rest_route=%2Fwp%2Fv2%2Fcomments&post=298"}],"version-history":[{"count":9,"href":"https:\/\/berufskolleg-en.de\/index.php?rest_route=\/wp\/v2\/pages\/298\/revisions"}],"predecessor-version":[{"id":12745,"href":"https:\/\/berufskolleg-en.de\/index.php?rest_route=\/wp\/v2\/pages\/298\/revisions\/12745"}],"wp:attachment":[{"href":"https:\/\/berufskolleg-en.de\/index.php?rest_route=%2Fwp%2Fv2%2Fmedia&parent=298"}],"curies":[{"name":"wp","href":"https:\/\/api.w.org\/{rel}","templated":true}]}}