{"id":307,"date":"2019-06-26T16:21:51","date_gmt":"2019-06-26T14:21:51","guid":{"rendered":"http:\/\/wp.berufskolleg-en.de\/?page_id=307"},"modified":"2025-09-11T15:31:22","modified_gmt":"2025-09-11T13:31:22","slug":"berufliches-gymnasium-kaufmaennische-assistenten","status":"publish","type":"page","link":"https:\/\/berufskolleg-en.de\/?page_id=307","title":{"rendered":"Berufliches Gymnasium (Kaufm\u00e4nnische Assistenten)"},"content":{"rendered":"<section  class='av_textblock_section av-jysqhvd4-0ea64e4734f9426e27540259aec27d16 '   itemscope=\"itemscope\" itemtype=\"https:\/\/schema.org\/CreativeWork\" ><div class='avia_textblock'  itemprop=\"text\" ><h3>Allgemeine Hochschulreife (Kaufm\u00e4nnische Assistentin \/ Kaufm\u00e4nnischer Assistent)<\/h3>\n<p>Der Bildungsgang vermittelt die Allgemeine Hochschulreife in Verbindung mit einem Berufsabschluss nach Landesrecht. Im Anschluss an die Pr\u00fcfung zur Allgemeinen Hochschulreife am Ende der 13. Klasse besteht die M\u00f6glichkeit, ein schulisch begleitetes Betriebspraktikum von zw\u00f6lf Wochen zu absolvieren, um zus\u00e4tzlich den Berufsabschluss \u201eStaatlich gepr\u00fcfte Kaufm\u00e4nnische Assistentin\/ Staatlich gepr\u00fcfter Kaufm\u00e4nnischer Assistent\u201c zu erwerben. \u00a0Ein weiteres Praktikum erfolgt bereits in der 12. Klasse.\u00a0 Der Einsatz von iPads dient dem \u00fcbergeordneten Ziel\u00a0 des Bildungsgangs, die Jugendlichen unter Nutzung ad\u00e4quater Medien zur beruflichen Handlungskompetenz zu bef\u00e4higen. Dies bedeutet, dass die Sch\u00fclerinnen und Sch\u00fcler auf Anforderungen vorbereitet werden, die sich in Wirtschaft und Verwaltung unter dem Einfluss zunehmender Europ\u00e4isierung und Globalisierung ergeben.<\/p>\n<\/div><\/section>\n\n<style type=\"text\/css\" data-created_by=\"avia_inline_auto\" id=\"style-css-av-jysqzau2-cffbd08bc9bf64687053491b1433fe76\">\n#top #wrap_all .avia-icon-list-container.av-jysqzau2-cffbd08bc9bf64687053491b1433fe76 .av_iconlist_title{\nfont-size:16px;\n}\n\n@media only screen and (max-width: 479px){ \n#top #wrap_all .avia-icon-list-container.av-jysqzau2-cffbd08bc9bf64687053491b1433fe76 .av_iconlist_title{\nfont-size:13px;\n}\n}\n<\/style>\n<div  class='avia-icon-list-container av-jysqzau2-cffbd08bc9bf64687053491b1433fe76  avia-builder-el-1  el_after_av_textblock  el_before_av_iconlist  av-mini-hide'><ul class='avia-icon-list avia_animate_when_almost_visible avia-icon-list-left av-iconlist-big av-jysqzau2-cffbd08bc9bf64687053491b1433fe76 avia-iconlist-animate'>\n<li><div class='iconlist_icon av-d5skb-af3a1cfccbe4665a1e69287d92c4e937 avia-font-entypo-fontello avia-iconfont avia-font-entypo-fontello'><span class='av-icon-char' data-av_icon='\ue8d1' data-av_iconfont='entypo-fontello' aria-hidden=\"true\"><\/span><\/div><article class=\"article-icon-entry \"  itemscope=\"itemscope\" itemtype=\"https:\/\/schema.org\/CreativeWork\" ><div class=\"iconlist_content_wrap\"><header class=\"entry-content-header\" aria-label=\"Icon: Aufnahmevoraussetzungen\"><h4 class='av_iconlist_title iconlist_title  '  itemprop=\"headline\" >Aufnahmevoraussetzungen<\/h4><\/header><div class='iconlist_content '  itemprop=\"text\" ><div style=\"margin-top: 10px;\">\n<ul>\n<li>Berechtigung zum Besuch der Gymnasialen Oberstufe oder<\/li>\n<li>\u00dcbergang vom Gymnasium nach Versetzung in die\u00a0Einf\u00fchrungsphase<\/li>\n<li>Ein Wechsel nach Schuljahresbeginn in den Bildungsgang ist jeweils bis zu den Herbstferien im laufenden Schuljahr m\u00f6glich.<\/li>\n<\/ul>\n<\/div>\n<\/div><\/div><footer class=\"entry-footer\"><\/footer><\/article><div class=\"iconlist-timeline\"><\/div><\/li>\n<li><div class='iconlist_icon av-datw3-b4aec3819f3e260e7a4e2289b7618a1a avia-font-entypo-fontello avia-iconfont avia-font-entypo-fontello'><span class='av-icon-char' data-av_icon='\ue8c9' data-av_iconfont='entypo-fontello' aria-hidden=\"true\"><\/span><\/div><article class=\"article-icon-entry \"  itemscope=\"itemscope\" itemtype=\"https:\/\/schema.org\/CreativeWork\" ><div class=\"iconlist_content_wrap\"><header class=\"entry-content-header\" aria-label=\"Icon: Abschluss\"><h4 class='av_iconlist_title iconlist_title  '  itemprop=\"headline\" >Abschluss<\/h4><\/header><div class='iconlist_content '  itemprop=\"text\" ><div style=\"margin-top: 10px;\">\n<ul>\n<li>Allgemeine Hochschulreife (Abitur)<\/li>\n<li>Berufsabschlusspr\u00fcfung zum\/zur\u00a0 \u201eKaufm\u00e4nnischen Assistenten\/Kaufm\u00e4nnischen Assistentin\u201c<\/li>\n<\/ul>\n<\/div>\n<\/div><\/div><footer class=\"entry-footer\"><\/footer><\/article><div class=\"iconlist-timeline\"><\/div><\/li>\n<li><div class='iconlist_icon av-1g93df-6617630b6fcb65730fc6eb4edc021bf7 avia-font-entypo-fontello avia-iconfont avia-font-entypo-fontello'><span class='av-icon-char' data-av_icon='\ue863' data-av_iconfont='entypo-fontello' aria-hidden=\"true\"><\/span><\/div><article class=\"article-icon-entry \"  itemscope=\"itemscope\" itemtype=\"https:\/\/schema.org\/CreativeWork\" ><div class=\"iconlist_content_wrap\"><header class=\"entry-content-header\" aria-label=\"Icon: Dauer\"><h4 class='av_iconlist_title iconlist_title  '  itemprop=\"headline\" >Dauer<\/h4><\/header><div class='iconlist_content '  itemprop=\"text\" ><p>drei Jahre mit integriertem vierw\u00f6chigem Praktikum<\/p>\n<\/div><\/div><footer class=\"entry-footer\"><\/footer><\/article><div class=\"iconlist-timeline\"><\/div><\/li>\n<li><div class='iconlist_icon av-dg1e3-01f28056e6bdcee0bd64e7414ca42c83 avia-font-entypo-fontello avia-iconfont avia-font-entypo-fontello'><span class='av-icon-char' data-av_icon='\ue84f' data-av_iconfont='entypo-fontello' aria-hidden=\"true\"><\/span><\/div><article class=\"article-icon-entry \"  itemscope=\"itemscope\" itemtype=\"https:\/\/schema.org\/CreativeWork\" ><div class=\"iconlist_content_wrap\"><header class=\"entry-content-header\" aria-label=\"Icon: Unterrichtsf\u00e4cher\"><h4 class='av_iconlist_title iconlist_title  '  itemprop=\"headline\" >Unterrichtsf\u00e4cher<\/h4><\/header><div class='iconlist_content '  itemprop=\"text\" ><div style=\"margin-top: 15px;\">\n<h6>Berufsbezogener Lernbereich<\/h6>\n<ul>\n<li>Betriebswirtschaftslehre (Leistungskurs)<\/li>\n<li>Mathematik<\/li>\n<li>Englisch (Leistungskurs)<\/li>\n<li>Betriebswirtschaftslehre (Schwerpunkt Europa)<\/li>\n<li>Volkswirtschaftslehre<\/li>\n<li>Wirtschaftsinformatik<\/li>\n<li>Biologie oder Chemie oder Physik<\/li>\n<li>Zweite Fremdsprache (Spanisch)<\/li>\n<li>Korrespondenz\/\u00dcbersetzung<\/li>\n<\/ul>\n<\/div>\n<div style=\"margin-top: 10px;\">\n<h6>Berufs\u00fcbergreifender Lernbereich<\/h6>\n<ul>\n<li>Deutsch<\/li>\n<li>Gesellschaftslehre mit Geschichte<\/li>\n<li>Religionslehre<\/li>\n<li>Sport<\/li>\n<\/ul>\n<\/div>\n<\/div><\/div><footer class=\"entry-footer\"><\/footer><\/article><div class=\"iconlist-timeline\"><\/div><\/li>\n<li><div class='iconlist_icon av-n1fsz-bd2427bedb02dd7f4afe8409c8873bb5 avia-font-entypo-fontello avia-iconfont avia-font-entypo-fontello'><span class='av-icon-char' data-av_icon='\ue84e' data-av_iconfont='entypo-fontello' aria-hidden=\"true\"><\/span><\/div><article class=\"article-icon-entry \"  itemscope=\"itemscope\" itemtype=\"https:\/\/schema.org\/CreativeWork\" ><div class=\"iconlist_content_wrap\"><header class=\"entry-content-header\" aria-label=\"Icon: Brosch\u00fcre\"><h4 class='av_iconlist_title iconlist_title  '  itemprop=\"headline\" >Brosch\u00fcre<\/h4><\/header><div class='iconlist_content '  itemprop=\"text\" ><p>\n<style type=\"text\/css\" data-created_by=\"avia_inline_auto\" id=\"style-css-av-ggsij-ef1b9d6eb6e2185ce85b66855ab0f55e\">\n#top .hr.hr-invisible.av-ggsij-ef1b9d6eb6e2185ce85b66855ab0f55e{\nheight:5px;\n}\n<\/style>\n<div  class='hr av-ggsij-ef1b9d6eb6e2185ce85b66855ab0f55e hr-invisible  avia-builder-el-2  el_before_av_button  avia-builder-el-first '><span class='hr-inner '><span class=\"hr-inner-style\"><\/span><\/span><\/div><br \/>\n<a href=\"https:\/\/berufskolleg-en.de\/wp-content\/uploads\/2025\/09\/Flyer-D12-Berufliches-Gymnasium-fuer-Wirtschaft-und-Verwaltung.pdf\" class=\"pdfemb-viewer\" style=\"\" data-width=\"max\" data-height=\"max\" data-toolbar=\"bottom\" data-toolbar-fixed=\"off\">Flyer D12 Berufliches Gymnasium f\u00fcr Wirtschaft und Verwaltung<\/a><\/p>\n<p>Zum Bl\u00e4ttern auf die Brosch\u00fcre klicken. Sie k\u00f6nnen die Brosch\u00fcre auch <a href=\"https:\/\/berufskolleg-en.de\/wp-content\/uploads\/2025\/09\/Flyer-D12-Berufliches-Gymnasium-fuer-Wirtschaft-und-Verwaltung.pdf\">hier<\/a> herunterladen.<\/p>\n<\/div><\/div><footer class=\"entry-footer\"><\/footer><\/article><div class=\"iconlist-timeline\"><\/div><\/li>\n<li><div class='iconlist_icon av-e5s37-b46a08e704e991a4c7e130f4e196584a avia-font-entypo-fontello avia-iconfont avia-font-entypo-fontello'><span class='av-icon-char' data-av_icon='\ue80a' data-av_iconfont='entypo-fontello' aria-hidden=\"true\"><\/span><\/div><article class=\"article-icon-entry \"  itemscope=\"itemscope\" itemtype=\"https:\/\/schema.org\/CreativeWork\" ><div class=\"iconlist_content_wrap\"><header class=\"entry-content-header\" aria-label=\"Icon: Ansprechpartner\"><h4 class='av_iconlist_title iconlist_title  '  itemprop=\"headline\" >Ansprechpartner<\/h4><\/header><div class='iconlist_content '  itemprop=\"text\" ><p>Bernhard Schepers<\/p>\n<div  class='avia-button-wrap av-jysl8h7n-693e95cbd9f35825d24038486881d258-wrap avia-button-relative  avia-builder-el-3  el_after_av_hr  avia-builder-el-last '><a href='mailto:schepers@berufskolleg-en.de'  class='avia-button av-jysl8h7n-693e95cbd9f35825d24038486881d258 av-link-btn avia-icon_select-yes-left-icon avia-size-small avia-position-relative avia-color-theme-color'   aria-label=\"schepers@berufskolleg-en.de\"><span class='avia_button_icon avia_button_icon_left avia-iconfont avia-font-entypo-fontello' data-av_icon='\ue805' data-av_iconfont='entypo-fontello' ><\/span><span class='avia_iconbox_title' >schepers@berufskolleg-en.de<\/span><\/a><\/div>\n<\/div><\/div><footer class=\"entry-footer\"><\/footer><\/article><div class=\"iconlist-timeline\"><\/div><\/li>\n<\/ul><\/div>\n\n<style type=\"text\/css\" data-created_by=\"avia_inline_auto\" id=\"style-css-av-jysqzau2-2-8d8d16655a66f93904d2f0ae0a9da57c\">\n#top .avia-icon-list-container.av-jysqzau2-2-8d8d16655a66f93904d2f0ae0a9da57c .iconlist_icon{\nfont-size:16px;\n}\n#top .avia-icon-list-container.av-jysqzau2-2-8d8d16655a66f93904d2f0ae0a9da57c .iconlist_icon svg:first-child{\nheight:16px;\nwidth:16px;\n}\n#top #wrap_all .avia-icon-list-container.av-jysqzau2-2-8d8d16655a66f93904d2f0ae0a9da57c .av_iconlist_title{\nfont-size:16px;\n}\n\n@media only screen and (max-width: 479px){ \n#top #wrap_all .avia-icon-list-container.av-jysqzau2-2-8d8d16655a66f93904d2f0ae0a9da57c .av_iconlist_title{\nfont-size:13px;\n}\n}\n<\/style>\n<div  class='avia-icon-list-container av-jysqzau2-2-8d8d16655a66f93904d2f0ae0a9da57c  avia-builder-el-4  el_after_av_iconlist  avia-builder-el-last  av-desktop-hide av-medium-hide av-small-hide'><ul class='avia-icon-list avia_animate_when_almost_visible avia-icon-list-left av-iconlist-small av-jysqzau2-2-8d8d16655a66f93904d2f0ae0a9da57c avia-iconlist-animate'>\n<li><div class='iconlist_icon av-74vx7-65c863d097c17dd3880abeeee8b32678 avia-font-entypo-fontello avia-iconfont avia-font-entypo-fontello'><span class='av-icon-char' data-av_icon='\ue8d1' data-av_iconfont='entypo-fontello' aria-hidden=\"true\"><\/span><\/div><article class=\"article-icon-entry \"  itemscope=\"itemscope\" itemtype=\"https:\/\/schema.org\/CreativeWork\" ><div class=\"iconlist_content_wrap\"><header class=\"entry-content-header\" aria-label=\"Icon: Aufnahmevoraussetzungen\"><div class='av_iconlist_title iconlist_title_small  '  itemprop=\"headline\" >Aufnahmevoraussetzungen<\/div><\/header><div class='iconlist_content '  itemprop=\"text\" ><div style=\"margin-top: 10px;\">\n<ul>\n<li>Berechtigung zum Besuch der Gymnasialen Oberstufe oder<\/li>\n<li>\u00dcbergang vom Gymnasium nach Versetzung in die Einf\u00fchrungsphase<\/li>\n<li>Ein Wechsel nach Schuljahresbeginn in den Bildungsgang ist jeweils bis zu den Herbstferien im laufenden Schuljahr m\u00f6glich.<\/li>\n<\/ul>\n<\/div>\n<\/div><\/div><footer class=\"entry-footer\"><\/footer><\/article><div class=\"iconlist-timeline\"><\/div><\/li>\n<li><div class='iconlist_icon av-95v8j-a272a0c407a8f5d25be8ea840ec8edef avia-font-entypo-fontello avia-iconfont avia-font-entypo-fontello'><span class='av-icon-char' data-av_icon='\ue8c9' data-av_iconfont='entypo-fontello' aria-hidden=\"true\"><\/span><\/div><article class=\"article-icon-entry \"  itemscope=\"itemscope\" itemtype=\"https:\/\/schema.org\/CreativeWork\" ><div class=\"iconlist_content_wrap\"><header class=\"entry-content-header\" aria-label=\"Icon: Abschluss\"><div class='av_iconlist_title iconlist_title_small  '  itemprop=\"headline\" >Abschluss<\/div><\/header><div class='iconlist_content '  itemprop=\"text\" ><div style=\"margin-top: 10px;\">\n<ul>\n<li>Allgemeine Hochschulreife (Abitur)<\/li>\n<li>Berufsabschlusspr\u00fcfung zum\/zur\u00a0 \u201eKaufm\u00e4nnischen Assistenten\/Kaufm\u00e4nnischen Assistentin\u201c<\/li>\n<\/ul>\n<\/div>\n<\/div><\/div><footer class=\"entry-footer\"><\/footer><\/article><div class=\"iconlist-timeline\"><\/div><\/li>\n<li><div class='iconlist_icon av-mwrlf-431cd6d941cd251a9a6616284b936544 avia-font-entypo-fontello avia-iconfont avia-font-entypo-fontello'><span class='av-icon-char' data-av_icon='\ue863' data-av_iconfont='entypo-fontello' aria-hidden=\"true\"><\/span><\/div><article class=\"article-icon-entry \"  itemscope=\"itemscope\" itemtype=\"https:\/\/schema.org\/CreativeWork\" ><div class=\"iconlist_content_wrap\"><header class=\"entry-content-header\" aria-label=\"Icon: Dauer\"><div class='av_iconlist_title iconlist_title_small  '  itemprop=\"headline\" >Dauer<\/div><\/header><div class='iconlist_content '  itemprop=\"text\" ><p>drei Jahre mit integriertem vierw\u00f6chigem Praktikum<\/p>\n<\/div><\/div><footer class=\"entry-footer\"><\/footer><\/article><div class=\"iconlist-timeline\"><\/div><\/li>\n<li><div class='iconlist_icon av-b49yj-3ffdecf2a6cc1d5bd782241e5419612b avia-font-entypo-fontello avia-iconfont avia-font-entypo-fontello'><span class='av-icon-char' data-av_icon='\ue84f' data-av_iconfont='entypo-fontello' aria-hidden=\"true\"><\/span><\/div><article class=\"article-icon-entry \"  itemscope=\"itemscope\" itemtype=\"https:\/\/schema.org\/CreativeWork\" ><div class=\"iconlist_content_wrap\"><header class=\"entry-content-header\" aria-label=\"Icon: Unterrichtsf\u00e4cher\"><div class='av_iconlist_title iconlist_title_small  '  itemprop=\"headline\" >Unterrichtsf\u00e4cher<\/div><\/header><div class='iconlist_content '  itemprop=\"text\" ><div style=\"margin-top: 15px;\">\n<p>Berufsbezogener Lernbereich<\/p>\n<ul>\n<li>Betriebswirtschaftslehre (Leistungskurs)<\/li>\n<li>Mathematik<\/li>\n<li>Englisch (Leistungskurs)<\/li>\n<li>Betriebswirtschaftslehre (Schwerpunkt Europa)<\/li>\n<li>Volkswirtschaftslehre<\/li>\n<li>Wirtschaftsinformatik<\/li>\n<li>Biologie oder Chemie oder Physik<\/li>\n<li>Zweite Fremdsprache (Spanisch)<\/li>\n<li>Korrespondenz\/\u00dcbersetzung<\/li>\n<\/ul>\n<\/div>\n<div style=\"margin-top: 10px;\">\n<p>Berufs\u00fcbergreifender Lernbereich<\/p>\n<ul>\n<li>Deutsch<\/li>\n<li>Gesellschaftslehre mit Geschichte<\/li>\n<li>Religionslehre<\/li>\n<li>Sport<\/li>\n<\/ul>\n<\/div>\n<\/div><\/div><footer class=\"entry-footer\"><\/footer><\/article><div class=\"iconlist-timeline\"><\/div><\/li>\n<li><div class='iconlist_icon av-8shr7-f911d84f5c8939cafcc7d1433d0011f5 avia-font-entypo-fontello avia-iconfont avia-font-entypo-fontello'><span class='av-icon-char' data-av_icon='\ue84e' data-av_iconfont='entypo-fontello' aria-hidden=\"true\"><\/span><\/div><article class=\"article-icon-entry \"  itemscope=\"itemscope\" itemtype=\"https:\/\/schema.org\/CreativeWork\" ><div class=\"iconlist_content_wrap\"><header class=\"entry-content-header\" aria-label=\"Icon: Brosch\u00fcre\"><div class='av_iconlist_title iconlist_title_small  '  itemprop=\"headline\" >Brosch\u00fcre<\/div><\/header><div class='iconlist_content '  itemprop=\"text\" ><p>Die Brosch\u00fcre kann <a href=\"https:\/\/berufskolleg-en.de\/wp-content\/uploads\/2025\/09\/Flyer-D12-Berufliches-Gymnasium-fuer-Wirtschaft-und-Verwaltung.pdf\">hier<\/a> als pdf-Datei heruntergeladen werden.<\/p>\n<\/div><\/div><footer class=\"entry-footer\"><\/footer><\/article><div class=\"iconlist-timeline\"><\/div><\/li>\n<li><div class='iconlist_icon av-a5rob-ebcf0d7e397465d90501d044ace706b0 avia-font-entypo-fontello avia-iconfont avia-font-entypo-fontello'><span class='av-icon-char' data-av_icon='\ue80a' data-av_iconfont='entypo-fontello' aria-hidden=\"true\"><\/span><\/div><article class=\"article-icon-entry \"  itemscope=\"itemscope\" itemtype=\"https:\/\/schema.org\/CreativeWork\" ><div class=\"iconlist_content_wrap\"><header class=\"entry-content-header\" aria-label=\"Icon: Ansprechpartner\"><div class='av_iconlist_title iconlist_title_small  '  itemprop=\"headline\" >Ansprechpartner<\/div><\/header><div class='iconlist_content '  itemprop=\"text\" ><p>Bernhard Schepers<\/p>\n<div  class='avia-button-wrap av-jysl8h7n-1-55a4eaf706a1b3c112511e2d2aee3d04-wrap avia-button-relative  avia-builder-el-5  avia-builder-el-no-sibling '><a href='mailto:schepers@berufskolleg-en.de'  class='avia-button av-jysl8h7n-1-55a4eaf706a1b3c112511e2d2aee3d04 av-link-btn avia-icon_select-yes-left-icon avia-size-small avia-position-relative avia-color-theme-color'   aria-label=\"schepers@berufskolleg-en.de\"><span class='avia_button_icon avia_button_icon_left avia-iconfont avia-font-entypo-fontello' data-av_icon='\ue805' data-av_iconfont='entypo-fontello' ><\/span><span class='avia_iconbox_title' >schepers@berufskolleg-en.de<\/span><\/a><\/div>\n<\/div><\/div><footer class=\"entry-footer\"><\/footer><\/article><div class=\"iconlist-timeline\"><\/div><\/li>\n<\/ul><\/div>\n","protected":false},"excerpt":{"rendered":"","protected":false},"author":1,"featured_media":0,"parent":0,"menu_order":0,"comment_status":"closed","ping_status":"closed","template":"","meta":{"footnotes":""},"class_list":["post-307","page","type-page","status-publish","hentry"],"publishpress_future_action":{"enabled":false,"date":"2026-04-28 10:21:34","action":"change-status","newStatus":"draft","terms":[],"taxonomy":"","extraData":[]},"publishpress_future_workflow_manual_trigger":{"enabledWorkflows":[]},"_links":{"self":[{"href":"https:\/\/berufskolleg-en.de\/index.php?rest_route=\/wp\/v2\/pages\/307","targetHints":{"allow":["GET"]}}],"collection":[{"href":"https:\/\/berufskolleg-en.de\/index.php?rest_route=\/wp\/v2\/pages"}],"about":[{"href":"https:\/\/berufskolleg-en.de\/index.php?rest_route=\/wp\/v2\/types\/page"}],"author":[{"embeddable":true,"href":"https:\/\/berufskolleg-en.de\/index.php?rest_route=\/wp\/v2\/users\/1"}],"replies":[{"embeddable":true,"href":"https:\/\/berufskolleg-en.de\/index.php?rest_route=%2Fwp%2Fv2%2Fcomments&post=307"}],"version-history":[{"count":15,"href":"https:\/\/berufskolleg-en.de\/index.php?rest_route=\/wp\/v2\/pages\/307\/revisions"}],"predecessor-version":[{"id":14940,"href":"https:\/\/berufskolleg-en.de\/index.php?rest_route=\/wp\/v2\/pages\/307\/revisions\/14940"}],"wp:attachment":[{"href":"https:\/\/berufskolleg-en.de\/index.php?rest_route=%2Fwp%2Fv2%2Fmedia&parent=307"}],"curies":[{"name":"wp","href":"https:\/\/api.w.org\/{rel}","templated":true}]}}