{"id":309,"date":"2019-06-26T16:22:20","date_gmt":"2019-06-26T14:22:20","guid":{"rendered":"http:\/\/wp.berufskolleg-en.de\/?page_id=309"},"modified":"2025-09-11T15:43:44","modified_gmt":"2025-09-11T13:43:44","slug":"zweijaehrige-berufsfachschule-fuer-wirtschaft-und-verwaltung","status":"publish","type":"page","link":"https:\/\/berufskolleg-en.de\/?page_id=309","title":{"rendered":"Zweij\u00e4hrige Berufsfachschule f\u00fcr Wirtschaft und Verwaltung"},"content":{"rendered":"<section  class='av_textblock_section av-jysqhvd4-0ea64e4734f9426e27540259aec27d16 '   itemscope=\"itemscope\" itemtype=\"https:\/\/schema.org\/CreativeWork\" ><div class='avia_textblock'  itemprop=\"text\" ><h3>Zweij\u00e4hrige Berufsfachschule Wirtschaft und Verwaltung (APO-BK, Anlage C2)<\/h3>\n<p>Bekannt als H\u00f6here Handelsschule befasst sich der Bildungsgang mit den Abl\u00e4ufen in Unternehmen und Wirtschaft. Der Bildungsgang stellt eine gute Vorbereitung f\u00fcr eine kaufm\u00e4nnische Ausbildung und\/oder ein Studium an einer Fachhochschule dar.<\/p>\n<\/div><\/section>\n\n<style type=\"text\/css\" data-created_by=\"avia_inline_auto\" id=\"style-css-av-jysqzau2-c141742892dbe8a75baf7f017de01e34\">\n#top #wrap_all .avia-icon-list-container.av-jysqzau2-c141742892dbe8a75baf7f017de01e34 .av_iconlist_title{\nfont-size:16px;\n}\n\n@media only screen and (max-width: 479px){ \n#top #wrap_all .avia-icon-list-container.av-jysqzau2-c141742892dbe8a75baf7f017de01e34 .av_iconlist_title{\nfont-size:13px;\n}\n}\n<\/style>\n<div  class='avia-icon-list-container av-jysqzau2-c141742892dbe8a75baf7f017de01e34  avia-builder-el-1  el_after_av_textblock  el_before_av_iconlist  av-mini-hide'><ul class='avia-icon-list avia_animate_when_almost_visible avia-icon-list-left av-iconlist-big av-jysqzau2-c141742892dbe8a75baf7f017de01e34 avia-iconlist-animate'>\n<li><div class='iconlist_icon av-e2fpx-73cfffe9b05c5be274d00cb09a9f3747 avia-font-entypo-fontello avia-iconfont avia-font-entypo-fontello'><span class='av-icon-char' data-av_icon='\ue8d1' data-av_iconfont='entypo-fontello' aria-hidden=\"true\"><\/span><\/div><article class=\"article-icon-entry \"  itemscope=\"itemscope\" itemtype=\"https:\/\/schema.org\/CreativeWork\" ><div class=\"iconlist_content_wrap\"><header class=\"entry-content-header\" aria-label=\"Icon: Aufnahmevoraussetzungen\"><h4 class='av_iconlist_title iconlist_title  '  itemprop=\"headline\" >Aufnahmevoraussetzungen<\/h4><\/header><div class='iconlist_content '  itemprop=\"text\" ><div style=\"margin-top: 10px;\">\n<ul>\n<li>Mittlerer Schulabschluss (Fachoberschulreife) mit oder ohne Berechtigung zum Besuch der gymnasialen Oberstufe oder<\/li>\n<li>Berechtigung zum Besuch der gymnasialen Oberstufe nach Klasse 10 des Gymnasiums<\/li>\n<\/ul>\n<\/div>\n<\/div><\/div><footer class=\"entry-footer\"><\/footer><\/article><div class=\"iconlist-timeline\"><\/div><\/li>\n<li><div class='iconlist_icon av-1iap2d-a11a65472a5b3aeff55b2c49e4160520 avia-font-entypo-fontello avia-iconfont avia-font-entypo-fontello'><span class='av-icon-char' data-av_icon='\ue8c9' data-av_iconfont='entypo-fontello' aria-hidden=\"true\"><\/span><\/div><article class=\"article-icon-entry \"  itemscope=\"itemscope\" itemtype=\"https:\/\/schema.org\/CreativeWork\" ><div class=\"iconlist_content_wrap\"><header class=\"entry-content-header\" aria-label=\"Icon: Abschluss\"><h4 class='av_iconlist_title iconlist_title  '  itemprop=\"headline\" >Abschluss<\/h4><\/header><div class='iconlist_content '  itemprop=\"text\" ><div style=\"margin-top: 10px;\">\n<ul>\n<li>Fachhochschulreife (schulischer Teil)<\/li>\n<li>Berufliche Kenntnisse, F\u00e4higkeiten und Fertigkeiten<\/li>\n<\/ul>\n<\/div>\n<\/div><\/div><footer class=\"entry-footer\"><\/footer><\/article><div class=\"iconlist-timeline\"><\/div><\/li>\n<li><div class='iconlist_icon av-1f3zfp-eb4f5263d004484bc53d50aceed251a6 avia-font-entypo-fontello avia-iconfont avia-font-entypo-fontello'><span class='av-icon-char' data-av_icon='\ue863' data-av_iconfont='entypo-fontello' aria-hidden=\"true\"><\/span><\/div><article class=\"article-icon-entry \"  itemscope=\"itemscope\" itemtype=\"https:\/\/schema.org\/CreativeWork\" ><div class=\"iconlist_content_wrap\"><header class=\"entry-content-header\" aria-label=\"Icon: Dauer\"><h4 class='av_iconlist_title iconlist_title  '  itemprop=\"headline\" >Dauer<\/h4><\/header><div class='iconlist_content '  itemprop=\"text\" ><p>Zwei Jahre<\/p>\n<\/div><\/div><footer class=\"entry-footer\"><\/footer><\/article><div class=\"iconlist-timeline\"><\/div><\/li>\n<li><div class='iconlist_icon av-pxdbh-f3ef6addfd238306c87e612133b72b6d avia-font-entypo-fontello avia-iconfont avia-font-entypo-fontello'><span class='av-icon-char' data-av_icon='\ue84f' data-av_iconfont='entypo-fontello' aria-hidden=\"true\"><\/span><\/div><article class=\"article-icon-entry \"  itemscope=\"itemscope\" itemtype=\"https:\/\/schema.org\/CreativeWork\" ><div class=\"iconlist_content_wrap\"><header class=\"entry-content-header\" aria-label=\"Icon: Unterrichtsf\u00e4cher\"><h4 class='av_iconlist_title iconlist_title  '  itemprop=\"headline\" >Unterrichtsf\u00e4cher<\/h4><\/header><div class='iconlist_content '  itemprop=\"text\" ><div style=\"margin-top: 15px;\">\n<h6>Berufsbezogener Lernbereich<\/h6>\n<ul>\n<li>Betriebswirtschaftslehre mit Rechnungswesen<\/li>\n<li>Volkswirtschaftslehre<\/li>\n<li>Informationswirtschaft<\/li>\n<li>Mathematik<\/li>\n<li>Physik \/ Chemie \/ Biologie<\/li>\n<li>Englisch<\/li>\n<li>Spanisch<\/li>\n<\/ul>\n<\/div>\n<div style=\"margin-top: 10px;\">\n<h6>Berufs\u00fcbergreifender Lernbereich<\/h6>\n<ul>\n<li>Deutsch\/Kommunikation<\/li>\n<li>Religionslehre<\/li>\n<li>Sport\/Gesundheitsf\u00f6rderung<\/li>\n<li>Politik\/Gesellschaftslehre<\/li>\n<\/ul>\n<h6>Differenzierungsbereich<\/h6>\n<ul>\n<li>Wirtschaftsinformatik<\/li>\n<li>Wirtschaftsgeografie<\/li>\n<li>Biochemie<\/li>\n<\/ul>\n<\/div>\n<\/div><\/div><footer class=\"entry-footer\"><\/footer><\/article><div class=\"iconlist-timeline\"><\/div><\/li>\n<li><div class='iconlist_icon av-xpxml-17f2166a74baef6fae7c579c5210b7f3 avia-font-entypo-fontello avia-iconfont avia-font-entypo-fontello'><span class='av-icon-char' data-av_icon='\ue84e' data-av_iconfont='entypo-fontello' aria-hidden=\"true\"><\/span><\/div><article class=\"article-icon-entry \"  itemscope=\"itemscope\" itemtype=\"https:\/\/schema.org\/CreativeWork\" ><div class=\"iconlist_content_wrap\"><header class=\"entry-content-header\" aria-label=\"Icon: Brosch\u00fcre\"><h4 class='av_iconlist_title iconlist_title  '  itemprop=\"headline\" >Brosch\u00fcre<\/h4><\/header><div class='iconlist_content '  itemprop=\"text\" ><p>\n<style type=\"text\/css\" data-created_by=\"avia_inline_auto\" id=\"style-css-av-tbpn1-36d7006994bff6f8d8e029c1736da430\">\n#top .hr.hr-invisible.av-tbpn1-36d7006994bff6f8d8e029c1736da430{\nheight:5px;\n}\n<\/style>\n<div  class='hr av-tbpn1-36d7006994bff6f8d8e029c1736da430 hr-invisible  avia-builder-el-2  el_before_av_button  avia-builder-el-first '><span class='hr-inner '><span class=\"hr-inner-style\"><\/span><\/span><\/div><br \/>\n<a href=\"https:\/\/berufskolleg-en.de\/wp-content\/uploads\/2025\/09\/Flyer-C2-Wirtschaft.pdf\" class=\"pdfemb-viewer\" style=\"\" data-width=\"max\" data-height=\"max\" data-toolbar=\"bottom\" data-toolbar-fixed=\"off\">Flyer C2 Wirtschaft<\/a><\/p>\n<p>Zum Bl\u00e4ttern auf die Brosch\u00fcre klicken. Sie k\u00f6nnen die Brosch\u00fcre auch <a href=\"https:\/\/berufskolleg-en.de\/wp-content\/uploads\/2025\/09\/Flyer-C2-Wirtschaft.pdf\">hier<\/a> herunterladen.<\/p>\n<\/div><\/div><footer class=\"entry-footer\"><\/footer><\/article><div class=\"iconlist-timeline\"><\/div><\/li>\n<li><div class='iconlist_icon av-2593p-bdd9ae89e8ed0618698a7ff89e5c05f0 avia-font-entypo-fontello avia-iconfont avia-font-entypo-fontello'><span class='av-icon-char' data-av_icon='\ue80a' data-av_iconfont='entypo-fontello' aria-hidden=\"true\"><\/span><\/div><article class=\"article-icon-entry \"  itemscope=\"itemscope\" itemtype=\"https:\/\/schema.org\/CreativeWork\" ><div class=\"iconlist_content_wrap\"><header class=\"entry-content-header\" aria-label=\"Icon: Ansprechpartner\"><h4 class='av_iconlist_title iconlist_title  '  itemprop=\"headline\" >Ansprechpartner<\/h4><\/header><div class='iconlist_content '  itemprop=\"text\" ><p>Thomas Aehling<\/p>\n<div  class='avia-button-wrap av-jysl8h7n-5c29b656ec513193a657fb367f603ba6-wrap avia-button-relative  avia-builder-el-3  el_after_av_hr  avia-builder-el-last '><a href='mailto:aehling@berufskolleg-en.de'  class='avia-button av-jysl8h7n-5c29b656ec513193a657fb367f603ba6 av-link-btn avia-icon_select-yes-left-icon avia-size-small avia-position-relative avia-color-theme-color'   aria-label=\"aehling@berufskolleg-en.de\"><span class='avia_button_icon avia_button_icon_left avia-iconfont avia-font-entypo-fontello' data-av_icon='\ue805' data-av_iconfont='entypo-fontello' ><\/span><span class='avia_iconbox_title' >aehling@berufskolleg-en.de<\/span><\/a><\/div>\n<\/div><\/div><footer class=\"entry-footer\"><\/footer><\/article><div class=\"iconlist-timeline\"><\/div><\/li>\n<\/ul><\/div>\n\n<style type=\"text\/css\" data-created_by=\"avia_inline_auto\" id=\"style-css-av-jysqzau2-5-4d9b020bb7f981d0d3e84ba19c96dc51\">\n#top .avia-icon-list-container.av-jysqzau2-5-4d9b020bb7f981d0d3e84ba19c96dc51 .iconlist_icon{\nfont-size:16px;\n}\n#top .avia-icon-list-container.av-jysqzau2-5-4d9b020bb7f981d0d3e84ba19c96dc51 .iconlist_icon svg:first-child{\nheight:16px;\nwidth:16px;\n}\n#top #wrap_all .avia-icon-list-container.av-jysqzau2-5-4d9b020bb7f981d0d3e84ba19c96dc51 .av_iconlist_title{\nfont-size:16px;\n}\n\n@media only screen and (max-width: 479px){ \n#top #wrap_all .avia-icon-list-container.av-jysqzau2-5-4d9b020bb7f981d0d3e84ba19c96dc51 .av_iconlist_title{\nfont-size:13px;\n}\n}\n<\/style>\n<div  class='avia-icon-list-container av-jysqzau2-5-4d9b020bb7f981d0d3e84ba19c96dc51  avia-builder-el-4  el_after_av_iconlist  avia-builder-el-last  av-desktop-hide av-medium-hide av-small-hide'><ul class='avia-icon-list avia_animate_when_almost_visible avia-icon-list-left av-iconlist-small av-jysqzau2-5-4d9b020bb7f981d0d3e84ba19c96dc51 avia-iconlist-animate'>\n<li><div class='iconlist_icon av-e2fpx-4-f0041a9f3ba72acd59e927fc1d5e49fe avia-font-entypo-fontello avia-iconfont avia-font-entypo-fontello'><span class='av-icon-char' data-av_icon='\ue8d1' data-av_iconfont='entypo-fontello' aria-hidden=\"true\"><\/span><\/div><article class=\"article-icon-entry \"  itemscope=\"itemscope\" itemtype=\"https:\/\/schema.org\/CreativeWork\" ><div class=\"iconlist_content_wrap\"><header class=\"entry-content-header\" aria-label=\"Icon: Aufnahmevoraussetzungen\"><div class='av_iconlist_title iconlist_title_small  '  itemprop=\"headline\" >Aufnahmevoraussetzungen<\/div><\/header><div class='iconlist_content '  itemprop=\"text\" ><div style=\"margin-top: 10px;\">\n<ul>\n<li>Mittlerer Schulabschluss (Fachoberschulreife) mit oder ohne Berechtigung zum Besuch der gymnasialen Oberstufe oder<\/li>\n<li>Berechtigung zum Besuch der gymnasialen Oberstufe nach Klasse 10 des Gymnasiums<\/li>\n<\/ul>\n<\/div>\n<\/div><\/div><footer class=\"entry-footer\"><\/footer><\/article><div class=\"iconlist-timeline\"><\/div><\/li>\n<li><div class='iconlist_icon av-1iap2d-3-ee932a016bb2db25fadd1eea21f01650 avia-font-entypo-fontello avia-iconfont avia-font-entypo-fontello'><span class='av-icon-char' data-av_icon='\ue8c9' data-av_iconfont='entypo-fontello' aria-hidden=\"true\"><\/span><\/div><article class=\"article-icon-entry \"  itemscope=\"itemscope\" itemtype=\"https:\/\/schema.org\/CreativeWork\" ><div class=\"iconlist_content_wrap\"><header class=\"entry-content-header\" aria-label=\"Icon: Abschluss\"><div class='av_iconlist_title iconlist_title_small  '  itemprop=\"headline\" >Abschluss<\/div><\/header><div class='iconlist_content '  itemprop=\"text\" ><div style=\"margin-top: 10px;\">\n<ul>\n<li>Fachhochschulreife (schulischer Teil)<\/li>\n<li>Berufliche Kenntnisse, F\u00e4higkeiten und Fertigkeiten<\/li>\n<\/ul>\n<\/div>\n<\/div><\/div><footer class=\"entry-footer\"><\/footer><\/article><div class=\"iconlist-timeline\"><\/div><\/li>\n<li><div class='iconlist_icon av-1f3zfp-2-9ed2732de10166ce7e2b7230ea16cadb avia-font-entypo-fontello avia-iconfont avia-font-entypo-fontello'><span class='av-icon-char' data-av_icon='\ue863' data-av_iconfont='entypo-fontello' aria-hidden=\"true\"><\/span><\/div><article class=\"article-icon-entry \"  itemscope=\"itemscope\" itemtype=\"https:\/\/schema.org\/CreativeWork\" ><div class=\"iconlist_content_wrap\"><header class=\"entry-content-header\" aria-label=\"Icon: Dauer\"><div class='av_iconlist_title iconlist_title_small  '  itemprop=\"headline\" >Dauer<\/div><\/header><div class='iconlist_content '  itemprop=\"text\" ><p>Zwei Jahre<\/p>\n<\/div><\/div><footer class=\"entry-footer\"><\/footer><\/article><div class=\"iconlist-timeline\"><\/div><\/li>\n<li><div class='iconlist_icon av-ghv3h-a80318f50cd045225a28f0b670161e3a avia-font-entypo-fontello avia-iconfont avia-font-entypo-fontello'><span class='av-icon-char' data-av_icon='\ue84f' data-av_iconfont='entypo-fontello' aria-hidden=\"true\"><\/span><\/div><article class=\"article-icon-entry \"  itemscope=\"itemscope\" itemtype=\"https:\/\/schema.org\/CreativeWork\" ><div class=\"iconlist_content_wrap\"><header class=\"entry-content-header\" aria-label=\"Icon: Unterrichtsf\u00e4cher\"><div class='av_iconlist_title iconlist_title_small  '  itemprop=\"headline\" >Unterrichtsf\u00e4cher<\/div><\/header><div class='iconlist_content '  itemprop=\"text\" ><div style=\"margin-top: 15px;\">\n<p>Berufsbezogener Lernbereich<\/p>\n<ul>\n<li>Betriebswirtschaftslehre mit Rechnungswesen<\/li>\n<li>Volkswirtschaftslehre<\/li>\n<li>Informationswirtschaft<\/li>\n<li>Mathematik<\/li>\n<li>Physik \/ Chemie \/ Biologie<\/li>\n<li>Englisch<\/li>\n<li>Spanisch<\/li>\n<\/ul>\n<\/div>\n<div style=\"margin-top: 10px;\">\n<p>Berufs\u00fcbergreifender Lernbereich<\/p>\n<ul>\n<li>Deutsch\/Kommunikation<\/li>\n<li>Religionslehre<\/li>\n<li>Sport\/Gesundheitsf\u00f6rderung<\/li>\n<li>Politik\/Gesellschaftslehre<\/li>\n<\/ul>\n<p>Differenzierungsbereich<\/p>\n<ul>\n<li>Wirtschaftsinformatik<\/li>\n<li>Wirtschaftsgeografie<\/li>\n<li>Biochemie<\/li>\n<\/ul>\n<\/div>\n<\/div><\/div><footer class=\"entry-footer\"><\/footer><\/article><div class=\"iconlist-timeline\"><\/div><\/li>\n<li><div class='iconlist_icon av-d0v3h-b18c73ede64f2ddb2d9f4106e8c661f9 avia-font-entypo-fontello avia-iconfont avia-font-entypo-fontello'><span class='av-icon-char' data-av_icon='\ue84e' data-av_iconfont='entypo-fontello' aria-hidden=\"true\"><\/span><\/div><article class=\"article-icon-entry \"  itemscope=\"itemscope\" itemtype=\"https:\/\/schema.org\/CreativeWork\" ><div class=\"iconlist_content_wrap\"><header class=\"entry-content-header\" aria-label=\"Icon: Brosch\u00fcre\"><div class='av_iconlist_title iconlist_title_small  '  itemprop=\"headline\" >Brosch\u00fcre<\/div><\/header><div class='iconlist_content '  itemprop=\"text\" ><p>Die Brosch\u00fcre kann <a href=\"https:\/\/berufskolleg-en.de\/wp-content\/uploads\/2025\/09\/Flyer-C2-Wirtschaft.pdf\">hier<\/a> als pdf-Datei heruntergeladen werden.<\/p>\n<\/div><\/div><footer class=\"entry-footer\"><\/footer><\/article><div class=\"iconlist-timeline\"><\/div><\/li>\n<li><div class='iconlist_icon av-8auq5-3c87c4e4cdd7ad2446902035e50c2cfd avia-font-entypo-fontello avia-iconfont avia-font-entypo-fontello'><span class='av-icon-char' data-av_icon='\ue80a' data-av_iconfont='entypo-fontello' aria-hidden=\"true\"><\/span><\/div><article class=\"article-icon-entry \"  itemscope=\"itemscope\" itemtype=\"https:\/\/schema.org\/CreativeWork\" ><div class=\"iconlist_content_wrap\"><header class=\"entry-content-header\" aria-label=\"Icon: Ansprechpartner\"><div class='av_iconlist_title iconlist_title_small  '  itemprop=\"headline\" >Ansprechpartner<\/div><\/header><div class='iconlist_content '  itemprop=\"text\" ><p>Thomas Aehling<\/p>\n<div  class='avia-button-wrap av-jysl8h7n-1-85a90ef216d0f020773dd6c33dbcfcf3-wrap avia-button-relative  avia-builder-el-5  avia-builder-el-no-sibling '><a href='mailto:aehling@berufskolleg-en.de'  class='avia-button av-jysl8h7n-1-85a90ef216d0f020773dd6c33dbcfcf3 av-link-btn avia-icon_select-yes-left-icon avia-size-small avia-position-relative avia-color-theme-color'   aria-label=\"aehling@berufskolleg-en.de\"><span class='avia_button_icon avia_button_icon_left avia-iconfont avia-font-entypo-fontello' data-av_icon='\ue805' data-av_iconfont='entypo-fontello' ><\/span><span class='avia_iconbox_title' >aehling@berufskolleg-en.de<\/span><\/a><\/div>\n<\/div><\/div><footer class=\"entry-footer\"><\/footer><\/article><div class=\"iconlist-timeline\"><\/div><\/li>\n<\/ul><\/div>\n","protected":false},"excerpt":{"rendered":"","protected":false},"author":1,"featured_media":0,"parent":0,"menu_order":0,"comment_status":"closed","ping_status":"closed","template":"","meta":{"footnotes":""},"class_list":["post-309","page","type-page","status-publish","hentry"],"publishpress_future_action":{"enabled":false,"date":"2026-04-21 21:30:03","action":"change-status","newStatus":"draft","terms":[],"taxonomy":"","extraData":[]},"publishpress_future_workflow_manual_trigger":{"enabledWorkflows":[]},"_links":{"self":[{"href":"https:\/\/berufskolleg-en.de\/index.php?rest_route=\/wp\/v2\/pages\/309","targetHints":{"allow":["GET"]}}],"collection":[{"href":"https:\/\/berufskolleg-en.de\/index.php?rest_route=\/wp\/v2\/pages"}],"about":[{"href":"https:\/\/berufskolleg-en.de\/index.php?rest_route=\/wp\/v2\/types\/page"}],"author":[{"embeddable":true,"href":"https:\/\/berufskolleg-en.de\/index.php?rest_route=\/wp\/v2\/users\/1"}],"replies":[{"embeddable":true,"href":"https:\/\/berufskolleg-en.de\/index.php?rest_route=%2Fwp%2Fv2%2Fcomments&post=309"}],"version-history":[{"count":11,"href":"https:\/\/berufskolleg-en.de\/index.php?rest_route=\/wp\/v2\/pages\/309\/revisions"}],"predecessor-version":[{"id":14955,"href":"https:\/\/berufskolleg-en.de\/index.php?rest_route=\/wp\/v2\/pages\/309\/revisions\/14955"}],"wp:attachment":[{"href":"https:\/\/berufskolleg-en.de\/index.php?rest_route=%2Fwp%2Fv2%2Fmedia&parent=309"}],"curies":[{"name":"wp","href":"https:\/\/api.w.org\/{rel}","templated":true}]}}