{"id":321,"date":"2019-06-26T17:09:18","date_gmt":"2019-06-26T15:09:18","guid":{"rendered":"http:\/\/wp.berufskolleg-en.de\/?page_id=321"},"modified":"2024-01-24T16:47:06","modified_gmt":"2024-01-24T15:47:06","slug":"berufsberatung","status":"publish","type":"page","link":"https:\/\/berufskolleg-en.de\/?page_id=321","title":{"rendered":"Berufsberatung"},"content":{"rendered":"<section  class='av_textblock_section av-k16exap2-a53d89dd492788d65956e25b363b9d41 '   itemscope=\"itemscope\" itemtype=\"https:\/\/schema.org\/CreativeWork\" ><div class='avia_textblock'  itemprop=\"text\" ><div class=\"csc-header csc-header-n1\">\n<h3>Berufsberatung vor dem Erwerbsleben der Agentur f\u00fcr Arbeit Schwelm<\/h3>\n<\/div>\n<p class=\"bodytext\">Im Rahmen der Kooperation mit dem Berufskolleg Ennepetal bieten die Berufsberater*innen der Agentur f\u00fcr Arbeit regelm\u00e4\u00dfige Beratungstermine w\u00e4hrend der Schulzeit in unserer Schule an. Die Liste mit den aktuellen Terminen finden Sie weiter unten auf dieser Seite oder im <a href=\"https:\/\/berufskolleg-en.de\/?page_id=102\">Kalender<\/a>. Die Terminliste wird zus\u00e4tzlich auch in den Pausenhallen aufgeh\u00e4ngt. Die Anmeldelisten f\u00fcr die Sprechstunden befinden sich jeweils an den T\u00fcren der Beratungsr\u00e4ume.<\/p>\n<p class=\"bodytext\">Die Berufsberater*innen beraten in allen Fragen der beruflichen Orientierung, vermitteln in geeignete Ausbildungsstellen und informieren \u00fcber alle F\u00f6rderm\u00f6glichkeiten der Agentur f\u00fcr Arbeit.<\/p>\n<p class=\"bodytext\">Dar\u00fcber hinaus k\u00f6nnen auch gerne folgende Themen angesprochen werden:<\/p>\n<ul>\n<li>Ausbildungsmarkt in der Region<\/li>\n<li>Tipps zu Praktika<\/li>\n<li>Fragen zur Eignung und Einsch\u00e4tzung der individuellen Chancen<\/li>\n<li>Studienfragen<\/li>\n<li>\u00dcberbr\u00fcckungsm\u00f6glichkeiten zwischen Schule und Beruf<\/li>\n<li>Suche nach passenden schulischen M\u00f6glichkeiten<\/li>\n<\/ul>\n<\/div><\/section>\n<section  class='av_textblock_section av-ki8po7t7-757462a9cdb3052f34c82982b6528864 '   itemscope=\"itemscope\" itemtype=\"https:\/\/schema.org\/CreativeWork\" ><div class='avia_textblock'  itemprop=\"text\" ><h3>Aktuelle Beratungstermine<\/h3>\n\n\n<\/div><\/section>\n<section  class='av_textblock_section av-ki8mn409-3c857dfb86d64ffb86c480ad58a446b0 '   itemscope=\"itemscope\" itemtype=\"https:\/\/schema.org\/CreativeWork\" ><div class='avia_textblock'  itemprop=\"text\" ><h3>Berufsberatung \u2013 f\u00fcr Dich da!<\/h3>\n<p><strong>Wenn Du \u2026<\/strong><\/p>\n<p>\u2026 noch eine <strong>Ausbildungsstelle<\/strong> suchst, \u2026<\/p>\n<p>\u2026 Unterst\u00fctzung bei der <strong>Studienwahl<\/strong> brauchst, \u2026<\/p>\n<p>\u2026 oder einfach noch <strong>keinen Plan<\/strong> hast, wie es nach der Schule f\u00fcr Dich weitergeht, \u2026<\/p>\n<p><strong>\u2026 dann sind wir f\u00fcr Dich da!<\/strong><\/p>\n<p>Wenn Du ein Gespr\u00e4ch au\u00dferhalb von unserem Beratungsangebot an Deiner Schule w\u00fcnschst:<\/p>\n<p>telefonisch unter <strong>0 800 4 5555 00<\/strong> oder per E-Mail:<\/p>\n<div  class='avia-button-wrap av-jysl8h7n-70c5a9ebc02941ac7abf71dfaef41f9d-wrap avia-button-relative  avia-builder-el-3  avia-builder-el-no-sibling '><a href='mailto:Schwelm.252-BBvE@arbeitsagentur.de'  class='avia-button av-jysl8h7n-70c5a9ebc02941ac7abf71dfaef41f9d av-link-btn avia-icon_select-yes-left-icon avia-size-small avia-position-relative avia-color-theme-color'   aria-label=\"Schwelm.252-BBvE@arbeitsagentur.de\"><span class='avia_button_icon avia_button_icon_left avia-iconfont avia-font-entypo-fontello' data-av_icon='\ue805' data-av_iconfont='entypo-fontello' ><\/span><span class='avia_iconbox_title' >Schwelm.252-BBvE@arbeitsagentur.de<\/span><\/a><\/div>\n<p>Deine Berufsberaterinnen und Berufsberater<\/p>\n<div id=\"attachment_5366\" style=\"width: 610px\" class=\"wp-caption alignleft\"><img loading=\"lazy\" decoding=\"async\" aria-describedby=\"caption-attachment-5366\" class=\"wp-image-5366 size-medium\" src=\"https:\/\/berufskolleg-en.de\/wp-content\/uploads\/2020\/12\/Berufsberatung-1-600x484.png\" alt=\"\" width=\"600\" height=\"484\" srcset=\"https:\/\/berufskolleg-en.de\/wp-content\/uploads\/2020\/12\/Berufsberatung-1-600x484.png 600w, https:\/\/berufskolleg-en.de\/wp-content\/uploads\/2020\/12\/Berufsberatung-1-495x400.png 495w, https:\/\/berufskolleg-en.de\/wp-content\/uploads\/2020\/12\/Berufsberatung-1.png 652w\" sizes=\"auto, (max-width: 600px) 100vw, 600px\" \/><p id=\"caption-attachment-5366\" class=\"wp-caption-text\">Jasmina Schnotale (zweij\u00e4hrige BFS, Sozialassistenten) und Gudrun Malik (berufliches Gymnasium)<\/p><\/div>\n<div id=\"attachment_13406\" style=\"width: 460px\" class=\"wp-caption alignleft\"><img loading=\"lazy\" decoding=\"async\" aria-describedby=\"caption-attachment-13406\" class=\"wp-image-13406 size-medium\" src=\"https:\/\/berufskolleg-en.de\/wp-content\/uploads\/2024\/01\/IMG_5773-450x600.jpg\" alt=\"\" width=\"450\" height=\"600\" srcset=\"https:\/\/berufskolleg-en.de\/wp-content\/uploads\/2024\/01\/IMG_5773-450x600.jpg 450w, https:\/\/berufskolleg-en.de\/wp-content\/uploads\/2024\/01\/IMG_5773-rotated.jpg 480w\" sizes=\"auto, (max-width: 450px) 100vw, 450px\" \/><p id=\"caption-attachment-13406\" class=\"wp-caption-text\">Andrea Kurth (BFT 1, BFW 1, AV)<\/p><\/div>\n<div id=\"attachment_11274\" style=\"width: 610px\" class=\"wp-caption alignleft\"><img loading=\"lazy\" decoding=\"async\" aria-describedby=\"caption-attachment-11274\" class=\"wp-image-11274 size-medium\" src=\"https:\/\/berufskolleg-en.de\/wp-content\/uploads\/2022\/10\/Siepe-600x336.jpg\" alt=\"\" width=\"600\" height=\"336\" srcset=\"https:\/\/berufskolleg-en.de\/wp-content\/uploads\/2022\/10\/Siepe-600x336.jpg 600w, https:\/\/berufskolleg-en.de\/wp-content\/uploads\/2022\/10\/Siepe-1030x577.jpg 1030w, https:\/\/berufskolleg-en.de\/wp-content\/uploads\/2022\/10\/Siepe-768x430.jpg 768w, https:\/\/berufskolleg-en.de\/wp-content\/uploads\/2022\/10\/Siepe-705x395.jpg 705w, https:\/\/berufskolleg-en.de\/wp-content\/uploads\/2022\/10\/Siepe.jpg 1280w\" sizes=\"auto, (max-width: 600px) 100vw, 600px\" \/><p id=\"caption-attachment-11274\" class=\"wp-caption-text\">Christian Siepe (IFK)<\/p><\/div>\n<\/div><\/section>\n","protected":false},"excerpt":{"rendered":"","protected":false},"author":1,"featured_media":0,"parent":0,"menu_order":0,"comment_status":"closed","ping_status":"closed","template":"","meta":{"footnotes":""},"class_list":["post-321","page","type-page","status-publish","hentry"],"publishpress_future_action":{"enabled":false,"date":"2026-05-24 10:17:17","action":"change-status","newStatus":"draft","terms":[],"taxonomy":"","extraData":[]},"publishpress_future_workflow_manual_trigger":{"enabledWorkflows":[]},"_links":{"self":[{"href":"https:\/\/berufskolleg-en.de\/index.php?rest_route=\/wp\/v2\/pages\/321","targetHints":{"allow":["GET"]}}],"collection":[{"href":"https:\/\/berufskolleg-en.de\/index.php?rest_route=\/wp\/v2\/pages"}],"about":[{"href":"https:\/\/berufskolleg-en.de\/index.php?rest_route=\/wp\/v2\/types\/page"}],"author":[{"embeddable":true,"href":"https:\/\/berufskolleg-en.de\/index.php?rest_route=\/wp\/v2\/users\/1"}],"replies":[{"embeddable":true,"href":"https:\/\/berufskolleg-en.de\/index.php?rest_route=%2Fwp%2Fv2%2Fcomments&post=321"}],"version-history":[{"count":21,"href":"https:\/\/berufskolleg-en.de\/index.php?rest_route=\/wp\/v2\/pages\/321\/revisions"}],"predecessor-version":[{"id":13416,"href":"https:\/\/berufskolleg-en.de\/index.php?rest_route=\/wp\/v2\/pages\/321\/revisions\/13416"}],"wp:attachment":[{"href":"https:\/\/berufskolleg-en.de\/index.php?rest_route=%2Fwp%2Fv2%2Fmedia&parent=321"}],"curies":[{"name":"wp","href":"https:\/\/api.w.org\/{rel}","templated":true}]}}