{"id":50,"date":"2019-06-18T08:33:19","date_gmt":"2019-06-18T06:33:19","guid":{"rendered":"http:\/\/wp.berufskolleg-en.de\/?page_id=50"},"modified":"2019-06-19T12:27:57","modified_gmt":"2019-06-19T10:27:57","slug":"berufskolleg","status":"publish","type":"page","link":"https:\/\/berufskolleg-en.de\/?page_id=50","title":{"rendered":"Leitbild"},"content":{"rendered":"<section  class='av_textblock_section av-jx0cotca-3f36a3ec753c8faff528d7753fe8958c '   itemscope=\"itemscope\" itemtype=\"https:\/\/schema.org\/CreativeWork\" ><div class='avia_textblock'  itemprop=\"text\" ><div>\n<h3>Leitbild: Wert sch\u00e4tzen und Vielfalt leben!<\/h3>\n<p class=\"bodytext\">\u201eUnser Berufskolleg mit den Fachrichtungen Wirtschaft und Verwaltung, Technik und Sozial- und Gesundheitswesen ist ein Ort der Vielfalt, an dem wir Wertsch\u00e4tzung leben. Ein respektvolles Miteinander, gegenseitiges Vertrauen und Transparenz bilden die Basis unserer Schulgemeinschaft.<\/p>\n<\/div>\n<div>\n<p class=\"bodytext\">In unserer Schule stehen die berufliche Qualifizierung und die Begleitung unserer Sch\u00fclerinnen und Sch\u00fcler auf ihren individuellen Lern- und Lebenswegen unter Ber\u00fccksichtigung \u00f6konomischer, \u00f6kologischer und gesellschaftlicher Erfordernisse im Mittelpunkt allen Handelns.<\/p>\n<\/div>\n<div>\n<p class=\"bodytext\">Kooperation und Durchl\u00e4ssigkeit zwischen den verschiedenen Fachbereichen sorgen daf\u00fcr, dass die pers\u00f6nlichen St\u00e4rken und Interessen der Sch\u00fclerinnen und Sch\u00fcler optimal gef\u00f6rdert werden k\u00f6nnen.\u201d<\/p>\n<\/div>\n<\/div><\/section>\n","protected":false},"excerpt":{"rendered":"","protected":false},"author":1,"featured_media":0,"parent":0,"menu_order":0,"comment_status":"closed","ping_status":"closed","template":"","meta":{"footnotes":""},"class_list":["post-50","page","type-page","status-publish","hentry"],"publishpress_future_action":{"enabled":false,"date":"2026-05-03 22:48:09","action":"change-status","newStatus":"draft","terms":[],"taxonomy":"","extraData":[]},"publishpress_future_workflow_manual_trigger":{"enabledWorkflows":[]},"_links":{"self":[{"href":"https:\/\/berufskolleg-en.de\/index.php?rest_route=\/wp\/v2\/pages\/50","targetHints":{"allow":["GET"]}}],"collection":[{"href":"https:\/\/berufskolleg-en.de\/index.php?rest_route=\/wp\/v2\/pages"}],"about":[{"href":"https:\/\/berufskolleg-en.de\/index.php?rest_route=\/wp\/v2\/types\/page"}],"author":[{"embeddable":true,"href":"https:\/\/berufskolleg-en.de\/index.php?rest_route=\/wp\/v2\/users\/1"}],"replies":[{"embeddable":true,"href":"https:\/\/berufskolleg-en.de\/index.php?rest_route=%2Fwp%2Fv2%2Fcomments&post=50"}],"version-history":[{"count":11,"href":"https:\/\/berufskolleg-en.de\/index.php?rest_route=\/wp\/v2\/pages\/50\/revisions"}],"predecessor-version":[{"id":146,"href":"https:\/\/berufskolleg-en.de\/index.php?rest_route=\/wp\/v2\/pages\/50\/revisions\/146"}],"wp:attachment":[{"href":"https:\/\/berufskolleg-en.de\/index.php?rest_route=%2Fwp%2Fv2%2Fmedia&parent=50"}],"curies":[{"name":"wp","href":"https:\/\/api.w.org\/{rel}","templated":true}]}}