{"id":745,"date":"2019-10-20T21:44:06","date_gmt":"2019-10-20T19:44:06","guid":{"rendered":"http:\/\/wp.berufskolleg-en.de\/?page_id=745"},"modified":"2021-08-11T14:59:10","modified_gmt":"2021-08-11T12:59:10","slug":"kauffrau-kaufmann-fuer-bueromanagement","status":"publish","type":"page","link":"https:\/\/berufskolleg-en.de\/?page_id=745","title":{"rendered":"Kauffrau \/ Kaufmann f\u00fcr B\u00fcromanagement"},"content":{"rendered":"<section  class='av_textblock_section av-jysqhvd4-0ea64e4734f9426e27540259aec27d16 '   itemscope=\"itemscope\" itemtype=\"https:\/\/schema.org\/CreativeWork\" ><div class='avia_textblock'  itemprop=\"text\" ><h3>Kauffrau\/ Kaufmann f\u00fcr B\u00fcromanagement<\/h3>\n<p>Der Ausbildungsberuf Kaufmann\/Kauffrau f\u00fcr B\u00fcromanagement fasst die bisherigen Berufsbilder der B\u00fcrokaufleute, der Kaufleute und Fachangestellten f\u00fcr B\u00fcrokommunikation zusammen und schafft eine gemeinsame Ausbildungsgrundlage f\u00fcr Industrie, Handel, Dienstleistung, Handwerk und \u00f6ffentlichem Dienst.<\/p>\n<p>Kaufleute f\u00fcr B\u00fcromanagement sind Fachleute f\u00fcr die kaufm\u00e4nnisch-verwaltenden Aufgaben eines Betriebes. Sie arbeiten im Verwaltungsbereich von Unternehmen aller Wirtschaftsbereiche, aber auch in Beh\u00f6rden oder Verb\u00e4nden. Sie erledigen hier alle b\u00fcrotypischen T\u00e4tigkeiten, wobei das Aufgabenspektrum je nach Stellung und Einsatzgebiet im Betrieb unterschiedlich sein kann. Das reibungslose Funktionieren des betrieblichen Informations- und Kommunikationsflusses ist eine besondere Aufgabe.<\/p>\n<p>Das Berufsprofil ist gekennzeichnet durch B\u00fcro- und Gesch\u00e4ftsprozesse, die kaufm\u00e4nnische und b\u00fcrowirtschaftliche Pflichtqualifikationen abdecken. Durch die Auswahl von zwei der zehn m\u00f6glichen Wahlqualifikationen werden diese erg\u00e4nzt. Wahlqualifikationen mit einer Dauer von jeweils f\u00fcnf Monaten sind in folgenden Bereichen m\u00f6glich: Auftragssteuerung und -koordination; kaufm\u00e4nnische Steuerung und Kontrolle; kaufm\u00e4nnische Abl\u00e4ufe in kleinen und mittleren Unternehmen; Einkauf und Logistik; Marketing und Vertrieb; Personalwirtschaft; Assistenz und Sekretariat; \u00d6ffentlichkeitsarbeit und Veranstaltungsmanagement; Verwaltung und Recht sowie \u00f6ffentliche Finanzwirtschaft. Vor allem die beiden Letzteren richten sich spezifisch an Ausbildungsbetriebe im \u00d6ffentlichen Dienst. Ein besonderes Angebot f\u00fcr leistungsstarke Auszubildende ist, eine noch nicht gew\u00e4hlte Wahlqualifikation als Zusatzqualifikation zu vermitteln und zu pr\u00fcfen.<\/p>\n<p>(Vgl. SIHK zu Hagen, 2019)<\/p>\n<p><strong>Verlauf des schulischen Teils der Ausbildung<\/strong><\/p>\n<\/div><\/section>\n\n<style type=\"text\/css\" data-created_by=\"avia_inline_auto\" id=\"style-css-av-k294ztxi-1c0590a7e6e61d122fe08b347172bfca\">\n.avia-image-container.av-k294ztxi-1c0590a7e6e61d122fe08b347172bfca img.avia_image{\nbox-shadow:none;\n}\n.avia-image-container.av-k294ztxi-1c0590a7e6e61d122fe08b347172bfca .av-image-caption-overlay-center{\ncolor:#ffffff;\n}\n<\/style>\n<div  class='avia-image-container av-k294ztxi-1c0590a7e6e61d122fe08b347172bfca av-styling- avia-align-center  avia-builder-el-1  el_after_av_textblock  el_before_av_hr '   itemprop=\"image\" itemscope=\"itemscope\" itemtype=\"https:\/\/schema.org\/ImageObject\" ><div class=\"avia-image-container-inner\"><div class=\"avia-image-overlay-wrap\"><img decoding=\"async\" fetchpriority=\"high\" class='wp-image-888 avia-img-lazy-loading-not-888 avia_image ' src=\"https:\/\/berufskolleg-en.de\/wp-content\/uploads\/2019\/10\/Lernfelder-B\u00fcromanagement.png\" alt='' title='Lernfelder B\u00fcromanagement'  height=\"1550\" width=\"1140\"  itemprop=\"thumbnailUrl\" srcset=\"https:\/\/berufskolleg-en.de\/wp-content\/uploads\/2019\/10\/Lernfelder-B\u00fcromanagement.png 1140w, https:\/\/berufskolleg-en.de\/wp-content\/uploads\/2019\/10\/Lernfelder-B\u00fcromanagement-221x300.png 221w, https:\/\/berufskolleg-en.de\/wp-content\/uploads\/2019\/10\/Lernfelder-B\u00fcromanagement-768x1044.png 768w, https:\/\/berufskolleg-en.de\/wp-content\/uploads\/2019\/10\/Lernfelder-B\u00fcromanagement-758x1030.png 758w, https:\/\/berufskolleg-en.de\/wp-content\/uploads\/2019\/10\/Lernfelder-B\u00fcromanagement-1103x1500.png 1103w, https:\/\/berufskolleg-en.de\/wp-content\/uploads\/2019\/10\/Lernfelder-B\u00fcromanagement-519x705.png 519w\" sizes=\"(max-width: 1140px) 100vw, 1140px\" \/><\/div><\/div><\/div>\n\n<style type=\"text\/css\" data-created_by=\"avia_inline_auto\" id=\"style-css-av-k29504ww-dbd79e32f2f6455f7597a75e4dcfa691\">\n#top .hr.hr-invisible.av-k29504ww-dbd79e32f2f6455f7597a75e4dcfa691{\nheight:20px;\n}\n<\/style>\n<div  class='hr av-k29504ww-dbd79e32f2f6455f7597a75e4dcfa691 hr-invisible  avia-builder-el-2  el_after_av_image  el_before_av_iconlist '><span class='hr-inner '><span class=\"hr-inner-style\"><\/span><\/span><\/div>\n\n<style type=\"text\/css\" data-created_by=\"avia_inline_auto\" id=\"style-css-av-jysqzau2-74bd3abac540bf262121fb430026b1c3\">\n#top #wrap_all .avia-icon-list-container.av-jysqzau2-74bd3abac540bf262121fb430026b1c3 .av_iconlist_title{\nfont-size:16px;\n}\n\n@media only screen and (max-width: 479px){ \n#top #wrap_all .avia-icon-list-container.av-jysqzau2-74bd3abac540bf262121fb430026b1c3 .av_iconlist_title{\nfont-size:13px;\n}\n}\n<\/style>\n<div  class='avia-icon-list-container av-jysqzau2-74bd3abac540bf262121fb430026b1c3  avia-builder-el-3  el_after_av_hr  el_before_av_iconlist  av-mini-hide'><ul class='avia-icon-list avia_animate_when_almost_visible avia-icon-list-left av-iconlist-big av-jysqzau2-74bd3abac540bf262121fb430026b1c3 avia-iconlist-animate'>\n<li><div class='iconlist_icon av-wtbkx-1e6a0eba02baa505acc32c7f1ddcc1ff avia-font-entypo-fontello avia-iconfont avia-font-entypo-fontello'><span class='av-icon-char' data-av_icon='\ue8d1' data-av_iconfont='entypo-fontello' aria-hidden=\"true\"><\/span><\/div><article class=\"article-icon-entry \"  itemscope=\"itemscope\" itemtype=\"https:\/\/schema.org\/CreativeWork\" ><div class=\"iconlist_content_wrap\"><header class=\"entry-content-header\" aria-label=\"Icon: Aufnahmevoraussetzungen\"><h4 class='av_iconlist_title iconlist_title  '  itemprop=\"headline\" >Aufnahmevoraussetzungen<\/h4><\/header><div class='iconlist_content '  itemprop=\"text\" ><div style=\"margin-top: 10px;\">Ausbildungsvertrag (IHK, HWK)<\/div>\n<\/div><\/div><footer class=\"entry-footer\"><\/footer><\/article><div class=\"iconlist-timeline\"><\/div><\/li>\n<li><div class='iconlist_icon av-qlgxt-c9a22e891e4bcd5bf163351bb603dd5e avia-font-entypo-fontello avia-iconfont avia-font-entypo-fontello'><span class='av-icon-char' data-av_icon='\ue8c9' data-av_iconfont='entypo-fontello' aria-hidden=\"true\"><\/span><\/div><article class=\"article-icon-entry \"  itemscope=\"itemscope\" itemtype=\"https:\/\/schema.org\/CreativeWork\" ><div class=\"iconlist_content_wrap\"><header class=\"entry-content-header\" aria-label=\"Icon: Abschluss\"><h4 class='av_iconlist_title iconlist_title  '  itemprop=\"headline\" >Abschluss<\/h4><\/header><div class='iconlist_content '  itemprop=\"text\" ><div style=\"margin-top: 10px;\">\n<p>Der schulische Teil der Berufsausbildung endet mit einem erfolgreichen Berufsschulabschluss, welcher i. d. R. nach drei Ausbildungsjahren erworben wird. Die Berufseignung und damit der erfolgreiche Abschluss der Ausbildung wird mit der Abschlusspr\u00fcfung erreicht, welche durch die jeweils zust\u00e4ndige Kammer gestellt wird.<\/p>\n<\/div>\n<\/div><\/div><footer class=\"entry-footer\"><\/footer><\/article><div class=\"iconlist-timeline\"><\/div><\/li>\n<li><div class='iconlist_icon av-m3y4h-ab835e701bdc6c513fdb4e14ddc1c078 avia-font-entypo-fontello avia-iconfont avia-font-entypo-fontello'><span class='av-icon-char' data-av_icon='\ue863' data-av_iconfont='entypo-fontello' aria-hidden=\"true\"><\/span><\/div><article class=\"article-icon-entry \"  itemscope=\"itemscope\" itemtype=\"https:\/\/schema.org\/CreativeWork\" ><div class=\"iconlist_content_wrap\"><header class=\"entry-content-header\" aria-label=\"Icon: Dauer\"><h4 class='av_iconlist_title iconlist_title  '  itemprop=\"headline\" >Dauer<\/h4><\/header><div class='iconlist_content '  itemprop=\"text\" ><p>Die Ausbildung endet mit dem Berufsschulabschluss und der Abschlusspr\u00fcfung der zust\u00e4ndigen Kammer (IHK oder HWK) nach drei Jahren. Eine Verk\u00fcrzung der Ausbildung kann auf 2,5 oder auf 2 Ausbildungsjahre vorgenommen werden.<\/p>\n<\/div><\/div><footer class=\"entry-footer\"><\/footer><\/article><div class=\"iconlist-timeline\"><\/div><\/li>\n<li><div class='iconlist_icon av-h40i1-c64db725c89672351fd61302d16c9def avia-font-entypo-fontello avia-iconfont avia-font-entypo-fontello'><span class='av-icon-char' data-av_icon='\ue84f' data-av_iconfont='entypo-fontello' aria-hidden=\"true\"><\/span><\/div><article class=\"article-icon-entry \"  itemscope=\"itemscope\" itemtype=\"https:\/\/schema.org\/CreativeWork\" ><div class=\"iconlist_content_wrap\"><header class=\"entry-content-header\" aria-label=\"Icon: Unterrichtsf\u00e4cher\"><h4 class='av_iconlist_title iconlist_title  '  itemprop=\"headline\" >Unterrichtsf\u00e4cher<\/h4><\/header><div class='iconlist_content '  itemprop=\"text\" ><div style=\"margin-top: 15px;\">\n<h6>Berufsbezogener Lernbereich<\/h6>\n<ul>\n<li>B\u00fcroprozesse<\/li>\n<li>Gesch\u00e4ftsprozesse<\/li>\n<li>Kaufm\u00e4nnische Steuerung und Kontrolle<\/li>\n<li>Datenverarbeitung<\/li>\n<\/ul>\n<\/div>\n<div style=\"margin-top: 10px;\">\n<h6>Berufs\u00fcbergreifender Lernbereich<\/h6>\n<ul>\n<li>Politik\/Gesellschaftslehre<\/li>\n<li>Deutsch\/Kommunikation<\/li>\n<li>Sport\/Gesundheitsf\u00f6rderung<\/li>\n<li>Religion<\/li>\n<li>Fremdsprachliche Kommunikation\/Englisch<\/li>\n<\/ul>\n<\/div>\n<\/div><\/div><footer class=\"entry-footer\"><\/footer><\/article><div class=\"iconlist-timeline\"><\/div><\/li>\n<li><div class='iconlist_icon av-ho84h-fc2e67ba210b1d7e3bdf675ae472fd7d avia-font-entypo-fontello avia-iconfont avia-font-entypo-fontello'><span class='av-icon-char' data-av_icon='\ue80a' data-av_iconfont='entypo-fontello' aria-hidden=\"true\"><\/span><\/div><article class=\"article-icon-entry \"  itemscope=\"itemscope\" itemtype=\"https:\/\/schema.org\/CreativeWork\" ><div class=\"iconlist_content_wrap\"><header class=\"entry-content-header\" aria-label=\"Icon: Ansprechpartner\"><h4 class='av_iconlist_title iconlist_title  '  itemprop=\"headline\" >Ansprechpartner<\/h4><\/header><div class='iconlist_content '  itemprop=\"text\" ><p>Christoph Dreier<\/p>\n<div  class='avia-button-wrap av-jysl8h7n-bc8d4a7eb7bdd39d3b3c548e6362c084-wrap avia-button-relative  avia-builder-el-4  avia-builder-el-no-sibling '><a href='mailto:dreier@berufskolleg-en.de'  class='avia-button av-jysl8h7n-bc8d4a7eb7bdd39d3b3c548e6362c084 av-link-btn avia-icon_select-yes-left-icon avia-size-small avia-position-relative avia-color-theme-color'   aria-label=\"dreier@berufskolleg-en.de\"><span class='avia_button_icon avia_button_icon_left avia-iconfont avia-font-entypo-fontello' data-av_icon='\ue805' data-av_iconfont='entypo-fontello' ><\/span><span class='avia_iconbox_title' >dreier@berufskolleg-en.de<\/span><\/a><\/div>\n<\/div><\/div><footer class=\"entry-footer\"><\/footer><\/article><div class=\"iconlist-timeline\"><\/div><\/li>\n<\/ul><\/div>\n\n<style type=\"text\/css\" data-created_by=\"avia_inline_auto\" id=\"style-css-av-jysqzau2-ce1b2721652d47a0f4e9e0492285d733\">\n#top .avia-icon-list-container.av-jysqzau2-ce1b2721652d47a0f4e9e0492285d733 .iconlist_icon{\nfont-size:16px;\n}\n#top .avia-icon-list-container.av-jysqzau2-ce1b2721652d47a0f4e9e0492285d733 .iconlist_icon svg:first-child{\nheight:16px;\nwidth:16px;\n}\n#top #wrap_all .avia-icon-list-container.av-jysqzau2-ce1b2721652d47a0f4e9e0492285d733 .av_iconlist_title{\nfont-size:16px;\n}\n\n@media only screen and (max-width: 479px){ \n#top #wrap_all .avia-icon-list-container.av-jysqzau2-ce1b2721652d47a0f4e9e0492285d733 .av_iconlist_title{\nfont-size:13px;\n}\n}\n<\/style>\n<div  class='avia-icon-list-container av-jysqzau2-ce1b2721652d47a0f4e9e0492285d733  avia-builder-el-5  el_after_av_iconlist  avia-builder-el-last  av-desktop-hide av-medium-hide av-small-hide'><ul class='avia-icon-list avia_animate_when_almost_visible avia-icon-list-left av-iconlist-small av-jysqzau2-ce1b2721652d47a0f4e9e0492285d733 avia-iconlist-animate'>\n<li><div class='iconlist_icon av-wtbkx-1e6a0eba02baa505acc32c7f1ddcc1ff avia-font-entypo-fontello avia-iconfont avia-font-entypo-fontello'><span class='av-icon-char' data-av_icon='\ue8d1' data-av_iconfont='entypo-fontello' aria-hidden=\"true\"><\/span><\/div><article class=\"article-icon-entry \"  itemscope=\"itemscope\" itemtype=\"https:\/\/schema.org\/CreativeWork\" ><div class=\"iconlist_content_wrap\"><header class=\"entry-content-header\" aria-label=\"Icon: Aufnahmevoraussetzungen\"><div class='av_iconlist_title iconlist_title_small  '  itemprop=\"headline\" >Aufnahmevoraussetzungen<\/div><\/header><div class='iconlist_content '  itemprop=\"text\" ><div style=\"margin-top: 10px;\">Ausbildungsvertrag (IHK, HWK)<\/div>\n<\/div><\/div><footer class=\"entry-footer\"><\/footer><\/article><div class=\"iconlist-timeline\"><\/div><\/li>\n<li><div class='iconlist_icon av-qlgxt-c9a22e891e4bcd5bf163351bb603dd5e avia-font-entypo-fontello avia-iconfont avia-font-entypo-fontello'><span class='av-icon-char' data-av_icon='\ue8c9' data-av_iconfont='entypo-fontello' aria-hidden=\"true\"><\/span><\/div><article class=\"article-icon-entry \"  itemscope=\"itemscope\" itemtype=\"https:\/\/schema.org\/CreativeWork\" ><div class=\"iconlist_content_wrap\"><header class=\"entry-content-header\" aria-label=\"Icon: Abschluss\"><div class='av_iconlist_title iconlist_title_small  '  itemprop=\"headline\" >Abschluss<\/div><\/header><div class='iconlist_content '  itemprop=\"text\" ><div style=\"margin-top: 10px;\">\n<p>Der schulische Teil der Berufsausbildung endet mit einem erfolgreichen Berufsschulabschluss, welcher i. d. R. nach drei Ausbildungsjahren erworben wird. Die Berufseignung und damit der erfolgreiche Abschluss der Ausbildung wird mit der Abschlusspr\u00fcfung erreicht, welche durch die jeweils zust\u00e4ndige Kammer gestellt wird.<\/p>\n<\/div>\n<\/div><\/div><footer class=\"entry-footer\"><\/footer><\/article><div class=\"iconlist-timeline\"><\/div><\/li>\n<li><div class='iconlist_icon av-m3y4h-ab835e701bdc6c513fdb4e14ddc1c078 avia-font-entypo-fontello avia-iconfont avia-font-entypo-fontello'><span class='av-icon-char' data-av_icon='\ue863' data-av_iconfont='entypo-fontello' aria-hidden=\"true\"><\/span><\/div><article class=\"article-icon-entry \"  itemscope=\"itemscope\" itemtype=\"https:\/\/schema.org\/CreativeWork\" ><div class=\"iconlist_content_wrap\"><header class=\"entry-content-header\" aria-label=\"Icon: Dauer\"><div class='av_iconlist_title iconlist_title_small  '  itemprop=\"headline\" >Dauer<\/div><\/header><div class='iconlist_content '  itemprop=\"text\" ><p>Die Ausbildung endet mit dem Berufsschulabschluss und der Abschlusspr\u00fcfung der zust\u00e4ndigen Kammer (IHK oder HWK) nach drei Jahren. Eine Verk\u00fcrzung der Ausbildung kann auf 2,5 oder auf 2 Ausbildungsjahre vorgenommen werden.<\/p>\n<\/div><\/div><footer class=\"entry-footer\"><\/footer><\/article><div class=\"iconlist-timeline\"><\/div><\/li>\n<li><div class='iconlist_icon av-9styp-9df8fc269e7d27846aaed350f15c108a avia-font-entypo-fontello avia-iconfont avia-font-entypo-fontello'><span class='av-icon-char' data-av_icon='\ue84f' data-av_iconfont='entypo-fontello' aria-hidden=\"true\"><\/span><\/div><article class=\"article-icon-entry \"  itemscope=\"itemscope\" itemtype=\"https:\/\/schema.org\/CreativeWork\" ><div class=\"iconlist_content_wrap\"><header class=\"entry-content-header\" aria-label=\"Icon: Unterrichtsf\u00e4cher\"><div class='av_iconlist_title iconlist_title_small  '  itemprop=\"headline\" >Unterrichtsf\u00e4cher<\/div><\/header><div class='iconlist_content '  itemprop=\"text\" ><div style=\"margin-top: 15px;\">\n<p>Berufsbezogener Lernbereich<\/p>\n<ul>\n<li>B\u00fcroprozesse<\/li>\n<li>Gesch\u00e4ftsprozesse<\/li>\n<li>Kaufm\u00e4nnische Steuerung und Kontrolle<\/li>\n<li>Datenverarbeitung<\/li>\n<\/ul>\n<\/div>\n<div style=\"margin-top: 10px;\">\n<p>Berufs\u00fcbergreifender Lernbereich<\/p>\n<ul>\n<li>Politik\/Gesellschaftslehre<\/li>\n<li>Deutsch\/Kommunikation<\/li>\n<li>Sport\/Gesundheitsf\u00f6rderung<\/li>\n<li>Religion<\/li>\n<li>Fremdsprachliche Kommunikation\/Englisch<\/li>\n<\/ul>\n<\/div>\n<\/div><\/div><footer class=\"entry-footer\"><\/footer><\/article><div class=\"iconlist-timeline\"><\/div><\/li>\n<li><div class='iconlist_icon av-as4sp-91bd2fb425ced314a3cbea8a5c3bddaa avia-font-entypo-fontello avia-iconfont avia-font-entypo-fontello'><span class='av-icon-char' data-av_icon='\ue80a' data-av_iconfont='entypo-fontello' aria-hidden=\"true\"><\/span><\/div><article class=\"article-icon-entry \"  itemscope=\"itemscope\" itemtype=\"https:\/\/schema.org\/CreativeWork\" ><div class=\"iconlist_content_wrap\"><header class=\"entry-content-header\" aria-label=\"Icon: Ansprechpartner\"><div class='av_iconlist_title iconlist_title_small  '  itemprop=\"headline\" >Ansprechpartner<\/div><\/header><div class='iconlist_content '  itemprop=\"text\" ><p>Christoph Dreier<\/p>\n<div  class='avia-button-wrap av-jysl8h7n-bc8d4a7eb7bdd39d3b3c548e6362c084-wrap avia-button-relative  avia-builder-el-6  avia-builder-el-no-sibling '><a href='mailto:dreier@berufskolleg-en.de'  class='avia-button av-jysl8h7n-bc8d4a7eb7bdd39d3b3c548e6362c084 av-link-btn avia-icon_select-yes-left-icon avia-size-small avia-position-relative avia-color-theme-color'   aria-label=\"dreier@berufskolleg-en.de\"><span class='avia_button_icon avia_button_icon_left avia-iconfont avia-font-entypo-fontello' data-av_icon='\ue805' data-av_iconfont='entypo-fontello' ><\/span><span class='avia_iconbox_title' >dreier@berufskolleg-en.de<\/span><\/a><\/div>\n<\/div><\/div><footer class=\"entry-footer\"><\/footer><\/article><div class=\"iconlist-timeline\"><\/div><\/li>\n<\/ul><\/div>\n","protected":false},"excerpt":{"rendered":"","protected":false},"author":1,"featured_media":0,"parent":0,"menu_order":0,"comment_status":"closed","ping_status":"closed","template":"","meta":{"footnotes":""},"class_list":["post-745","page","type-page","status-publish","hentry"],"publishpress_future_action":{"enabled":false,"date":"2026-05-09 18:16:05","action":"change-status","newStatus":"draft","terms":[],"taxonomy":"","extraData":[]},"publishpress_future_workflow_manual_trigger":{"enabledWorkflows":[]},"_links":{"self":[{"href":"https:\/\/berufskolleg-en.de\/index.php?rest_route=\/wp\/v2\/pages\/745","targetHints":{"allow":["GET"]}}],"collection":[{"href":"https:\/\/berufskolleg-en.de\/index.php?rest_route=\/wp\/v2\/pages"}],"about":[{"href":"https:\/\/berufskolleg-en.de\/index.php?rest_route=\/wp\/v2\/types\/page"}],"author":[{"embeddable":true,"href":"https:\/\/berufskolleg-en.de\/index.php?rest_route=\/wp\/v2\/users\/1"}],"replies":[{"embeddable":true,"href":"https:\/\/berufskolleg-en.de\/index.php?rest_route=%2Fwp%2Fv2%2Fcomments&post=745"}],"version-history":[{"count":8,"href":"https:\/\/berufskolleg-en.de\/index.php?rest_route=\/wp\/v2\/pages\/745\/revisions"}],"predecessor-version":[{"id":7040,"href":"https:\/\/berufskolleg-en.de\/index.php?rest_route=\/wp\/v2\/pages\/745\/revisions\/7040"}],"wp:attachment":[{"href":"https:\/\/berufskolleg-en.de\/index.php?rest_route=%2Fwp%2Fv2%2Fmedia&parent=745"}],"curies":[{"name":"wp","href":"https:\/\/api.w.org\/{rel}","templated":true}]}}