{"id":804,"date":"2019-10-22T13:46:57","date_gmt":"2019-10-22T11:46:57","guid":{"rendered":"http:\/\/wp.berufskolleg-en.de\/?page_id=804"},"modified":"2024-02-07T19:25:29","modified_gmt":"2024-02-07T18:25:29","slug":"fachbereich-gesundheit-und-soziales","status":"publish","type":"page","link":"https:\/\/berufskolleg-en.de\/?page_id=804","title":{"rendered":"Fachbereich Gesundheit und Soziales"},"content":{"rendered":"<section  class='av_textblock_section av-k21s3s5f-3dc1fb5f4164e36be72bcdbb8fbdbb33 '   itemscope=\"itemscope\" itemtype=\"https:\/\/schema.org\/CreativeWork\" ><div class='avia_textblock'  itemprop=\"text\" ><h3>Fachbereich Gesundheit und Soziales<\/h3>\n<p class=\"bodytext\">Der Fachbereich Gesundheit und Soziales vermittelt durch sein Angebot im vollzeitschulischen Bereich jungen Menschen Qualifikationen im medizinisch\u2013pflegerischen und sozialen Bereich. Dieses Angebot orientiert sich einerseits an den Anforderungen des Arbeitsmarktes. Andererseits ist das Unterrichtsangebot so ausgerichtet, dass die vorhandene Fach\u2013 und Sozialkompetenz der Sch\u00fclerinnen und Sch\u00fcler weiter geformt und gest\u00e4rkt werden kann. Die Lehrinhalte verbinden in hohem Ma\u00df Theorie und Praxis, um die Sch\u00fclerinnen und Sch\u00fcler zu einem selbstst\u00e4ndigen und probleml\u00f6sungsorientierten Arbeiten zu f\u00fchren.<\/p>\n<p class=\"bodytext\">Hier erhalten Sie weitere Informationen zu den einzelnen Bildungsg\u00e4ngen:<\/p>\n<p><a href=\"https:\/\/berufskolleg-en.de\/?page_id=279\">Berufliches Gymnasium (Freizeitsportleiter)<\/a><\/p>\n<p><a href=\"https:\/\/berufskolleg-en.de\/?page_id=287\">Zweij\u00e4hrige Berufsfachschule f\u00fcr Gesundheit und Soziales<\/a><\/p>\n<p><a href=\"https:\/\/berufskolleg-en.de\/?page_id=285\">Staatlich gepr\u00fcfte Sozialassistentin \/ Staatlich gepr\u00fcfter Sozialassistent<\/a><\/p>\n<p><a href=\"https:\/\/berufskolleg-en.de\/?page_id=13417\">Fachschule des Sozialwesens &#8211; Fachrichtung Sozialp\u00e4dagogik (Erzieher*innen\/PiA)<\/a><\/p>\n<\/div><\/section>\n","protected":false},"excerpt":{"rendered":"","protected":false},"author":1,"featured_media":0,"parent":0,"menu_order":0,"comment_status":"closed","ping_status":"closed","template":"","meta":{"footnotes":""},"class_list":["post-804","page","type-page","status-publish","hentry"],"publishpress_future_action":{"enabled":false,"date":"2026-04-26 19:38:34","action":"change-status","newStatus":"draft","terms":[],"taxonomy":"","extraData":[]},"publishpress_future_workflow_manual_trigger":{"enabledWorkflows":[]},"_links":{"self":[{"href":"https:\/\/berufskolleg-en.de\/index.php?rest_route=\/wp\/v2\/pages\/804","targetHints":{"allow":["GET"]}}],"collection":[{"href":"https:\/\/berufskolleg-en.de\/index.php?rest_route=\/wp\/v2\/pages"}],"about":[{"href":"https:\/\/berufskolleg-en.de\/index.php?rest_route=\/wp\/v2\/types\/page"}],"author":[{"embeddable":true,"href":"https:\/\/berufskolleg-en.de\/index.php?rest_route=\/wp\/v2\/users\/1"}],"replies":[{"embeddable":true,"href":"https:\/\/berufskolleg-en.de\/index.php?rest_route=%2Fwp%2Fv2%2Fcomments&post=804"}],"version-history":[{"count":3,"href":"https:\/\/berufskolleg-en.de\/index.php?rest_route=\/wp\/v2\/pages\/804\/revisions"}],"predecessor-version":[{"id":13451,"href":"https:\/\/berufskolleg-en.de\/index.php?rest_route=\/wp\/v2\/pages\/804\/revisions\/13451"}],"wp:attachment":[{"href":"https:\/\/berufskolleg-en.de\/index.php?rest_route=%2Fwp%2Fv2%2Fmedia&parent=804"}],"curies":[{"name":"wp","href":"https:\/\/api.w.org\/{rel}","templated":true}]}}