{"id":946,"date":"2019-11-02T14:28:31","date_gmt":"2019-11-02T13:28:31","guid":{"rendered":"http:\/\/wp.berufskolleg-en.de\/?page_id=946"},"modified":"2019-11-02T14:30:18","modified_gmt":"2019-11-02T13:30:18","slug":"kfz-mechatroniker","status":"publish","type":"page","link":"https:\/\/berufskolleg-en.de\/?page_id=946","title":{"rendered":"KFZ-Mechatroniker\/in"},"content":{"rendered":"<section  class='av_textblock_section av-jysqhvd4-0ea64e4734f9426e27540259aec27d16 '   itemscope=\"itemscope\" itemtype=\"https:\/\/schema.org\/CreativeWork\" ><div class='avia_textblock'  itemprop=\"text\" ><h3>Berufsschule: KFZ-Mechatroniker\/in<\/h3>\n<p>Kraftfahrzeugmechatroniker\/innen halten mechani\u00adsche, elektronische, hydraulische und pneumatische Systeme bzw. Anlagen von Autos instand. Mithilfe elektronischer bzw. computergest\u00fctzter Mess- und Diagnoseger\u00e4te testen und analysieren sie z.B. Antriebsaggregate, D\u00e4mpfungs-, Niveauregelungs- und Fahrerassistenzsysteme. Sie schmieren Teile, tauschen defekte Bauteile aus, reparieren Antriebskomponenten oder wechseln Schmierstoffe, Brems- bzw. Hydraulikfl\u00fcssigkeiten. Zudem kontrollieren sie, ob die stra\u00dfenverkehrsrechtlichen Vorschriften eingehalten werden, f\u00fchren Probefahrten und Abgasmessungen durch. Auf Wunsch bauen sie Zusatzeinrichtungen wie Navigationsger\u00e4te oder Freisprechanlagen ein. Kraftfahrzeugmechatroniker\/innen k\u00f6nnen zudem im Bereich Elektromobilit\u00e4t t\u00e4tig werden.<\/p>\n<\/div><\/section>\n\n<style type=\"text\/css\" data-created_by=\"avia_inline_auto\" id=\"style-css-av-jysqzau2-20083c039340c28b9871a358a17d65e8\">\n#top #wrap_all .avia-icon-list-container.av-jysqzau2-20083c039340c28b9871a358a17d65e8 .av_iconlist_title{\nfont-size:16px;\n}\n\n@media only screen and (max-width: 479px){ \n#top #wrap_all .avia-icon-list-container.av-jysqzau2-20083c039340c28b9871a358a17d65e8 .av_iconlist_title{\nfont-size:13px;\n}\n}\n<\/style>\n<div  class='avia-icon-list-container av-jysqzau2-20083c039340c28b9871a358a17d65e8  avia-builder-el-1  el_after_av_textblock  el_before_av_iconlist  av-mini-hide'><ul class='avia-icon-list avia_animate_when_almost_visible avia-icon-list-left av-iconlist-big av-jysqzau2-20083c039340c28b9871a358a17d65e8 avia-iconlist-animate'>\n<li><div class='iconlist_icon av-1qfhoi-61881cae347883081007134edb354a0c avia-font-entypo-fontello avia-iconfont avia-font-entypo-fontello'><span class='av-icon-char' data-av_icon='\ue8d1' data-av_iconfont='entypo-fontello' aria-hidden=\"true\"><\/span><\/div><article class=\"article-icon-entry \"  itemscope=\"itemscope\" itemtype=\"https:\/\/schema.org\/CreativeWork\" ><div class=\"iconlist_content_wrap\"><header class=\"entry-content-header\" aria-label=\"Icon: Aufnahmevoraussetzungen\"><h4 class='av_iconlist_title iconlist_title  '  itemprop=\"headline\" >Aufnahmevoraussetzungen<\/h4><\/header><div class='iconlist_content '  itemprop=\"text\" ><div style=\"margin-top: 10px;\">F\u00fcr die Aufnahme ist ein Ausbildungsvertrag mit einem Ausbildungsbetrieb notwendig. Die Ausbildungsbetriebe melden ihre Auszubildenden nach Abschluss der Ausbildungsvertr\u00e4ge am Berufskolleg Ennepetal an.<\/div>\n<\/div><\/div><footer class=\"entry-footer\"><\/footer><\/article><div class=\"iconlist-timeline\"><\/div><\/li>\n<li><div class='iconlist_icon av-1ide0a-71a69d9059c06635d51da3a801c1d7ba avia-font-entypo-fontello avia-iconfont avia-font-entypo-fontello'><span class='av-icon-char' data-av_icon='\ue8c9' data-av_iconfont='entypo-fontello' aria-hidden=\"true\"><\/span><\/div><article class=\"article-icon-entry \"  itemscope=\"itemscope\" itemtype=\"https:\/\/schema.org\/CreativeWork\" ><div class=\"iconlist_content_wrap\"><header class=\"entry-content-header\" aria-label=\"Icon: Abschluss\"><h4 class='av_iconlist_title iconlist_title  '  itemprop=\"headline\" >Abschluss<\/h4><\/header><div class='iconlist_content '  itemprop=\"text\" ><div style=\"margin-top: 10px;\">\n<p>Die Berufsausbildung endet mit dem Berufsschulabschluss und einer Abschlusspr\u00fcfung vor der HWK. Der Berufsschulabschluss ist unter Einhaltung bestimmter Voraussetzungen mit dem mittleren Schulabschluss gleichwertig und mit einem bestimmten Notendurchschnitt kann die Berechtigung zum Besuch der gymnasialen Oberstufe erworben werden.<\/p>\n<\/div>\n<\/div><\/div><footer class=\"entry-footer\"><\/footer><\/article><div class=\"iconlist-timeline\"><\/div><\/li>\n<li><div class='iconlist_icon av-1hb5gq-12c6434d0161ba59f5969066887cbddb avia-font-entypo-fontello avia-iconfont avia-font-entypo-fontello'><span class='av-icon-char' data-av_icon='\ue863' data-av_iconfont='entypo-fontello' aria-hidden=\"true\"><\/span><\/div><article class=\"article-icon-entry \"  itemscope=\"itemscope\" itemtype=\"https:\/\/schema.org\/CreativeWork\" ><div class=\"iconlist_content_wrap\"><header class=\"entry-content-header\" aria-label=\"Icon: Dauer\"><h4 class='av_iconlist_title iconlist_title  '  itemprop=\"headline\" >Dauer<\/h4><\/header><div class='iconlist_content '  itemprop=\"text\" ><p>3,5 Jahre<\/p>\n<\/div><\/div><footer class=\"entry-footer\"><\/footer><\/article><div class=\"iconlist-timeline\"><\/div><\/li>\n<li><div class='iconlist_icon av-4liai-9c8063047bdec2068e1e76a070e84a37 avia-font-entypo-fontello avia-iconfont avia-font-entypo-fontello'><span class='av-icon-char' data-av_icon='\ue84f' data-av_iconfont='entypo-fontello' aria-hidden=\"true\"><\/span><\/div><article class=\"article-icon-entry \"  itemscope=\"itemscope\" itemtype=\"https:\/\/schema.org\/CreativeWork\" ><div class=\"iconlist_content_wrap\"><header class=\"entry-content-header\" aria-label=\"Icon: Unterrichtsf\u00e4cher\"><h4 class='av_iconlist_title iconlist_title  '  itemprop=\"headline\" >Unterrichtsf\u00e4cher<\/h4><\/header><div class='iconlist_content '  itemprop=\"text\" ><div style=\"margin-top: 15px;\">\n<h6>Berufsbezogener Lernbereich<\/h6>\n<ul>\n<li>Service<\/li>\n<li>Diagnose<\/li>\n<li>Reparatur<\/li>\n<li>Um- und Nachr\u00fcstung<\/li>\n<li>Englisch<\/li>\n<li>Wirtschafts- und Betriebslehre<\/li>\n<\/ul>\n<\/div>\n<div style=\"margin-top: 10px;\">\n<h6>Berufs\u00fcbergreifender Lernbereich<\/h6>\n<ul>\n<li>Deutsch\/Kommunikation<\/li>\n<li>Religionslehre<\/li>\n<li>Sport\/Gesundheitsf\u00f6rderung<\/li>\n<li>Politik\/Gesellschaftlehre<\/li>\n<\/ul>\n<\/div>\n<\/div><\/div><footer class=\"entry-footer\"><\/footer><\/article><div class=\"iconlist-timeline\"><\/div><\/li>\n<li><div class='iconlist_icon av-14xhhe-3aa41fe37c6a12c194fa933fbef47431 avia-font-entypo-fontello avia-iconfont avia-font-entypo-fontello'><span class='av-icon-char' data-av_icon='\ue80a' data-av_iconfont='entypo-fontello' aria-hidden=\"true\"><\/span><\/div><article class=\"article-icon-entry \"  itemscope=\"itemscope\" itemtype=\"https:\/\/schema.org\/CreativeWork\" ><div class=\"iconlist_content_wrap\"><header class=\"entry-content-header\" aria-label=\"Icon: Ansprechpartner\"><h4 class='av_iconlist_title iconlist_title  '  itemprop=\"headline\" >Ansprechpartner<\/h4><\/header><div class='iconlist_content '  itemprop=\"text\" ><p>Herr Schmitt<\/p>\n<div  class='avia-button-wrap av-jysl8h7n-451d0dea45df83f9ee2b07d567bcb956-wrap avia-button-relative  avia-builder-el-2  el_before_av_button  avia-builder-el-first '><a href='mailto:schmitt@berufskolleg-en.de'  class='avia-button av-jysl8h7n-451d0dea45df83f9ee2b07d567bcb956 av-link-btn avia-icon_select-yes-left-icon avia-size-small avia-position-relative avia-color-theme-color'   aria-label=\"schmitt@berufskolleg-en.de\"><span class='avia_button_icon avia_button_icon_left avia-iconfont avia-font-entypo-fontello' data-av_icon='\ue805' data-av_iconfont='entypo-fontello' ><\/span><span class='avia_iconbox_title' >schmitt@berufskolleg-en.de<\/span><\/a><\/div>\n<p>Herr Neubauer<\/p>\n<div  class='avia-button-wrap av-jysl8h7n-64b83f6af1293aa109fbd6d2519733ad-wrap avia-button-relative  avia-builder-el-3  el_after_av_button  avia-builder-el-last '><a href='mailto:neubauer@berufskolleg-en.de'  class='avia-button av-jysl8h7n-64b83f6af1293aa109fbd6d2519733ad av-link-btn avia-icon_select-yes-left-icon avia-size-small avia-position-relative avia-color-theme-color'   aria-label=\"neubauer@berufskolleg-en.de\"><span class='avia_button_icon avia_button_icon_left avia-iconfont avia-font-entypo-fontello' data-av_icon='\ue805' data-av_iconfont='entypo-fontello' ><\/span><span class='avia_iconbox_title' >neubauer@berufskolleg-en.de<\/span><\/a><\/div>\n<\/div><\/div><footer class=\"entry-footer\"><\/footer><\/article><div class=\"iconlist-timeline\"><\/div><\/li>\n<\/ul><\/div>\n\n<style type=\"text\/css\" data-created_by=\"avia_inline_auto\" id=\"style-css-av-jysqzau2-bb9bc972e4f71698abb408ed1f935fb5\">\n#top .avia-icon-list-container.av-jysqzau2-bb9bc972e4f71698abb408ed1f935fb5 .iconlist_icon{\nfont-size:16px;\n}\n#top .avia-icon-list-container.av-jysqzau2-bb9bc972e4f71698abb408ed1f935fb5 .iconlist_icon svg:first-child{\nheight:16px;\nwidth:16px;\n}\n#top #wrap_all .avia-icon-list-container.av-jysqzau2-bb9bc972e4f71698abb408ed1f935fb5 .av_iconlist_title{\nfont-size:16px;\n}\n\n@media only screen and (max-width: 479px){ \n#top #wrap_all .avia-icon-list-container.av-jysqzau2-bb9bc972e4f71698abb408ed1f935fb5 .av_iconlist_title{\nfont-size:13px;\n}\n}\n<\/style>\n<div  class='avia-icon-list-container av-jysqzau2-bb9bc972e4f71698abb408ed1f935fb5  avia-builder-el-4  el_after_av_iconlist  avia-builder-el-last  av-desktop-hide av-medium-hide av-small-hide'><ul class='avia-icon-list avia_animate_when_almost_visible avia-icon-list-left av-iconlist-small av-jysqzau2-bb9bc972e4f71698abb408ed1f935fb5 avia-iconlist-animate'>\n<li><div class='iconlist_icon av-w08o2-852e902c0ca65225536c01218050a40f avia-font-entypo-fontello avia-iconfont avia-font-entypo-fontello'><span class='av-icon-char' data-av_icon='\ue8d1' data-av_iconfont='entypo-fontello' aria-hidden=\"true\"><\/span><\/div><article class=\"article-icon-entry \"  itemscope=\"itemscope\" itemtype=\"https:\/\/schema.org\/CreativeWork\" ><div class=\"iconlist_content_wrap\"><header class=\"entry-content-header\" aria-label=\"Icon: Aufnahmevoraussetzungen\"><div class='av_iconlist_title iconlist_title_small  '  itemprop=\"headline\" >Aufnahmevoraussetzungen<\/div><\/header><div class='iconlist_content '  itemprop=\"text\" ><div style=\"margin-top: 10px;\">F\u00fcr die Aufnahme ist ein Ausbildungsvertrag mit einem Ausbildungsbetrieb notwendig. Die Ausbildungsbetriebe melden ihre Auszubildenden nach Abschluss der Ausbildungsvertr\u00e4ge am Berufskolleg Ennepetal an.<\/div>\n<\/div><\/div><footer class=\"entry-footer\"><\/footer><\/article><div class=\"iconlist-timeline\"><\/div><\/li>\n<li><div class='iconlist_icon av-p1pdm-aa43403cf253ac6f4b65a225b2fec8c6 avia-font-entypo-fontello avia-iconfont avia-font-entypo-fontello'><span class='av-icon-char' data-av_icon='\ue8c9' data-av_iconfont='entypo-fontello' aria-hidden=\"true\"><\/span><\/div><article class=\"article-icon-entry \"  itemscope=\"itemscope\" itemtype=\"https:\/\/schema.org\/CreativeWork\" ><div class=\"iconlist_content_wrap\"><header class=\"entry-content-header\" aria-label=\"Icon: Abschluss\"><div class='av_iconlist_title iconlist_title_small  '  itemprop=\"headline\" >Abschluss<\/div><\/header><div class='iconlist_content '  itemprop=\"text\" ><div style=\"margin-top: 10px;\">\n<p>Die Berufsausbildung endet mit dem Berufsschulabschluss und einer Abschlusspr\u00fcfung vor der HWK. Der Berufsschulabschluss ist unter Einhaltung bestimmter Voraussetzungen mit dem mittleren Schulabschluss gleichwertig und mit einem bestimmten Notendurchschnitt kann die Berechtigung zum Besuch der gymnasialen Oberstufe erworben werden.<\/p>\n<\/div>\n<\/div><\/div><footer class=\"entry-footer\"><\/footer><\/article><div class=\"iconlist-timeline\"><\/div><\/li>\n<li><div class='iconlist_icon av-lcwii-6d5b04baeefc0c738439a8f31fe1b06d avia-font-entypo-fontello avia-iconfont avia-font-entypo-fontello'><span class='av-icon-char' data-av_icon='\ue863' data-av_iconfont='entypo-fontello' aria-hidden=\"true\"><\/span><\/div><article class=\"article-icon-entry \"  itemscope=\"itemscope\" itemtype=\"https:\/\/schema.org\/CreativeWork\" ><div class=\"iconlist_content_wrap\"><header class=\"entry-content-header\" aria-label=\"Icon: Dauer\"><div class='av_iconlist_title iconlist_title_small  '  itemprop=\"headline\" >Dauer<\/div><\/header><div class='iconlist_content '  itemprop=\"text\" ><p>3,5 Jahre<\/p>\n<\/div><\/div><footer class=\"entry-footer\"><\/footer><\/article><div class=\"iconlist-timeline\"><\/div><\/li>\n<li><div class='iconlist_icon av-d4b1m-9e0f814308b724fdc5aeae44f0ba1bfd avia-font-entypo-fontello avia-iconfont avia-font-entypo-fontello'><span class='av-icon-char' data-av_icon='\ue84f' data-av_iconfont='entypo-fontello' aria-hidden=\"true\"><\/span><\/div><article class=\"article-icon-entry \"  itemscope=\"itemscope\" itemtype=\"https:\/\/schema.org\/CreativeWork\" ><div class=\"iconlist_content_wrap\"><header class=\"entry-content-header\" aria-label=\"Icon: Unterrichtsf\u00e4cher\"><div class='av_iconlist_title iconlist_title_small  '  itemprop=\"headline\" >Unterrichtsf\u00e4cher<\/div><\/header><div class='iconlist_content '  itemprop=\"text\" ><div style=\"margin-top: 15px;\">\n<p>Berufsbezogener Lernbereich<\/p>\n<ul>\n<li>Service<\/li>\n<li>Diagnose<\/li>\n<li>Reparatur<\/li>\n<li>Um- und Nachr\u00fcstung<\/li>\n<li>Englisch<\/li>\n<li>Wirtschafts- und Betriebslehre<\/li>\n<\/ul>\n<\/div>\n<div style=\"margin-top: 10px;\">\n<p>Berufs\u00fcbergreifender Lernbereich<\/p>\n<ul>\n<li>Deutsch\/Kommunikation<\/li>\n<li>Religionslehre<\/li>\n<li>Sport\/Gesundheitsf\u00f6rderung<\/li>\n<li>Politik\/Gesellschaftlehre<\/li>\n<\/ul>\n<\/div>\n<\/div><\/div><footer class=\"entry-footer\"><\/footer><\/article><div class=\"iconlist-timeline\"><\/div><\/li>\n<li><div class='iconlist_icon av-asy9u-98be99ad8b7df85d20ba59e0b9c6ed69 avia-font-entypo-fontello avia-iconfont avia-font-entypo-fontello'><span class='av-icon-char' data-av_icon='\ue80a' data-av_iconfont='entypo-fontello' aria-hidden=\"true\"><\/span><\/div><article class=\"article-icon-entry \"  itemscope=\"itemscope\" itemtype=\"https:\/\/schema.org\/CreativeWork\" ><div class=\"iconlist_content_wrap\"><header class=\"entry-content-header\" aria-label=\"Icon: Ansprechpartner\"><div class='av_iconlist_title iconlist_title_small  '  itemprop=\"headline\" >Ansprechpartner<\/div><\/header><div class='iconlist_content '  itemprop=\"text\" ><p>Herr Schmitt<\/p>\n<div  class='avia-button-wrap av-jysl8h7n-451d0dea45df83f9ee2b07d567bcb956-wrap avia-button-relative  avia-builder-el-5  el_before_av_button  avia-builder-el-first '><a href='mailto:schmitt@berufskolleg-en.de'  class='avia-button av-jysl8h7n-451d0dea45df83f9ee2b07d567bcb956 av-link-btn avia-icon_select-yes-left-icon avia-size-small avia-position-relative avia-color-theme-color'   aria-label=\"schmitt@berufskolleg-en.de\"><span class='avia_button_icon avia_button_icon_left avia-iconfont avia-font-entypo-fontello' data-av_icon='\ue805' data-av_iconfont='entypo-fontello' ><\/span><span class='avia_iconbox_title' >schmitt@berufskolleg-en.de<\/span><\/a><\/div>\n<p>Herr Neubauer<\/p>\n<div  class='avia-button-wrap av-jysl8h7n-64b83f6af1293aa109fbd6d2519733ad-wrap avia-button-relative  avia-builder-el-6  el_after_av_button  avia-builder-el-last '><a href='mailto:neubauer@berufskolleg-en.de'  class='avia-button av-jysl8h7n-64b83f6af1293aa109fbd6d2519733ad av-link-btn avia-icon_select-yes-left-icon avia-size-small avia-position-relative avia-color-theme-color'   aria-label=\"neubauer@berufskolleg-en.de\"><span class='avia_button_icon avia_button_icon_left avia-iconfont avia-font-entypo-fontello' data-av_icon='\ue805' data-av_iconfont='entypo-fontello' ><\/span><span class='avia_iconbox_title' >neubauer@berufskolleg-en.de<\/span><\/a><\/div>\n<\/div><\/div><footer class=\"entry-footer\"><\/footer><\/article><div class=\"iconlist-timeline\"><\/div><\/li>\n<\/ul><\/div>\n","protected":false},"excerpt":{"rendered":"","protected":false},"author":1,"featured_media":0,"parent":0,"menu_order":0,"comment_status":"closed","ping_status":"closed","template":"","meta":{"footnotes":""},"class_list":["post-946","page","type-page","status-publish","hentry"],"publishpress_future_action":{"enabled":false,"date":"2026-05-23 10:21:47","action":"change-status","newStatus":"draft","terms":[],"taxonomy":"","extraData":[]},"publishpress_future_workflow_manual_trigger":{"enabledWorkflows":[]},"_links":{"self":[{"href":"https:\/\/berufskolleg-en.de\/index.php?rest_route=\/wp\/v2\/pages\/946","targetHints":{"allow":["GET"]}}],"collection":[{"href":"https:\/\/berufskolleg-en.de\/index.php?rest_route=\/wp\/v2\/pages"}],"about":[{"href":"https:\/\/berufskolleg-en.de\/index.php?rest_route=\/wp\/v2\/types\/page"}],"author":[{"embeddable":true,"href":"https:\/\/berufskolleg-en.de\/index.php?rest_route=\/wp\/v2\/users\/1"}],"replies":[{"embeddable":true,"href":"https:\/\/berufskolleg-en.de\/index.php?rest_route=%2Fwp%2Fv2%2Fcomments&post=946"}],"version-history":[{"count":2,"href":"https:\/\/berufskolleg-en.de\/index.php?rest_route=\/wp\/v2\/pages\/946\/revisions"}],"predecessor-version":[{"id":949,"href":"https:\/\/berufskolleg-en.de\/index.php?rest_route=\/wp\/v2\/pages\/946\/revisions\/949"}],"wp:attachment":[{"href":"https:\/\/berufskolleg-en.de\/index.php?rest_route=%2Fwp%2Fv2%2Fmedia&parent=946"}],"curies":[{"name":"wp","href":"https:\/\/api.w.org\/{rel}","templated":true}]}}