{"id":951,"date":"2019-11-02T14:36:26","date_gmt":"2019-11-02T13:36:26","guid":{"rendered":"http:\/\/wp.berufskolleg-en.de\/?page_id=951"},"modified":"2020-11-20T15:52:32","modified_gmt":"2020-11-20T14:52:32","slug":"mechatroniker-in","status":"publish","type":"page","link":"https:\/\/berufskolleg-en.de\/?page_id=951","title":{"rendered":"Mechatroniker\/in"},"content":{"rendered":"<section  class='av_textblock_section av-jysqhvd4-1f86a589a038e5af6eec8c328fe815b5 '   itemscope=\"itemscope\" itemtype=\"https:\/\/schema.org\/CreativeWork\" ><div class='avia_textblock'  itemprop=\"text\" ><h3>Berufsschule: Mechatroniker\/in<\/h3>\n<p>Mechatroniker\/innen bauen aus mechanischen, elektrischen und elektronischen Baugruppen und Komponenten komplexe mechatronische Systeme, z.B. Roboter f\u00fcr die industrielle Produktion. Sie pr\u00fcfen die einzelnen Bauteile und montieren sie zu Systemen und Anlagen. Die fertigen Anlagen nehmen sie in Betrieb, programmieren sie oder installieren zugeh\u00f6rige Software. Dabei richten sie sich nach Schaltpl\u00e4nen und Konstruktionszeichnungen und pr\u00fcfen die Anlagen sorgf\u00e4ltig, bevor sie diese an ihre Kunden \u00fcbergeben. Au\u00dferdem halten sie mechatronische Systeme instand und reparieren sie.<\/p>\n<p>(Quelle: BERUFENET)<\/p>\n<p>Die Beschulung der Mechatroniker\/innen findet bei uns im ersten Ausbildungsjahr in Teilzeitform (1 Unterrichtstag pro Woche) und danach als Blockunterricht statt. Die Blockzeiten finden Sie <a href=\"https:\/\/berufskolleg-en.de\/?page_id=5355\">hier<\/a>.<\/p>\n<\/div><\/section>\n\n<style type=\"text\/css\" data-created_by=\"avia_inline_auto\" id=\"style-css-av-jysqzau2-20083c039340c28b9871a358a17d65e8\">\n#top #wrap_all .avia-icon-list-container.av-jysqzau2-20083c039340c28b9871a358a17d65e8 .av_iconlist_title{\nfont-size:16px;\n}\n\n@media only screen and (max-width: 479px){ \n#top #wrap_all .avia-icon-list-container.av-jysqzau2-20083c039340c28b9871a358a17d65e8 .av_iconlist_title{\nfont-size:13px;\n}\n}\n<\/style>\n<div  class='avia-icon-list-container av-jysqzau2-20083c039340c28b9871a358a17d65e8  avia-builder-el-1  el_after_av_textblock  el_before_av_iconlist  av-mini-hide'><ul class='avia-icon-list avia_animate_when_almost_visible avia-icon-list-left av-iconlist-big av-jysqzau2-20083c039340c28b9871a358a17d65e8 avia-iconlist-animate'>\n<li><div class='iconlist_icon av-1ob6rr-3dad877eb27ebff145823db535ae0e0e avia-font-entypo-fontello avia-iconfont avia-font-entypo-fontello'><span class='av-icon-char' data-av_icon='\ue8d1' data-av_iconfont='entypo-fontello' aria-hidden=\"true\"><\/span><\/div><article class=\"article-icon-entry \"  itemscope=\"itemscope\" itemtype=\"https:\/\/schema.org\/CreativeWork\" ><div class=\"iconlist_content_wrap\"><header class=\"entry-content-header\" aria-label=\"Icon: Aufnahmevoraussetzungen\"><h4 class='av_iconlist_title iconlist_title  '  itemprop=\"headline\" >Aufnahmevoraussetzungen<\/h4><\/header><div class='iconlist_content '  itemprop=\"text\" ><div style=\"margin-top: 10px;\">F\u00fcr die Aufnahme ist ein Ausbildungsvertrag mit einem Ausbildungsbetrieb notwendig.<br \/>\nDie Ausbildungsbetriebe werben in der Regel ab etwa einem Jahr vor Ausbildungsbeginn um Auszubildende. Die Ausbildungsbetriebe melden ihre Auszubildenden nach Abschluss der Ausbildungsvertr\u00e4ge am Berufskolleg Ennepetal an.<br \/>\nRechtlich ist keine bestimmte Schulbildung vorgeschrieben. In der Praxis stellen Betriebe \u00fcberwiegend Auszubildende mit mittlerem Bildungsabschluss ein.<\/div>\n<\/div><\/div><footer class=\"entry-footer\"><\/footer><\/article><div class=\"iconlist-timeline\"><\/div><\/li>\n<li><div class='iconlist_icon av-1iq0hj-68306e697adb8a7b2c53dd17c484ecbb avia-font-entypo-fontello avia-iconfont avia-font-entypo-fontello'><span class='av-icon-char' data-av_icon='\ue8c9' data-av_iconfont='entypo-fontello' aria-hidden=\"true\"><\/span><\/div><article class=\"article-icon-entry \"  itemscope=\"itemscope\" itemtype=\"https:\/\/schema.org\/CreativeWork\" ><div class=\"iconlist_content_wrap\"><header class=\"entry-content-header\" aria-label=\"Icon: Abschluss\"><h4 class='av_iconlist_title iconlist_title  '  itemprop=\"headline\" >Abschluss<\/h4><\/header><div class='iconlist_content '  itemprop=\"text\" ><div style=\"margin-top: 10px;\">\n<p>Die Berufsausbildung endet mit dem Berufsschulabschluss und einer Abschlusspr\u00fcfung vor der IHK. Der Berufsschulabschluss ist unter Einhaltung bestimmten Voraussetzungen mit dem mittleren Schulabschluss gleichwertig und mit einem bestimmten Notendurchschnitt kann\u00a0 die Berechtigung zum Besuch der gymnasialen Oberstufe erworben werden.<\/p>\n<\/div>\n<\/div><\/div><footer class=\"entry-footer\"><\/footer><\/article><div class=\"iconlist-timeline\"><\/div><\/li>\n<li><div class='iconlist_icon av-1gllpr-a67f58d735f4630765b71426e0370efe avia-font-entypo-fontello avia-iconfont avia-font-entypo-fontello'><span class='av-icon-char' data-av_icon='\ue863' data-av_iconfont='entypo-fontello' aria-hidden=\"true\"><\/span><\/div><article class=\"article-icon-entry \"  itemscope=\"itemscope\" itemtype=\"https:\/\/schema.org\/CreativeWork\" ><div class=\"iconlist_content_wrap\"><header class=\"entry-content-header\" aria-label=\"Icon: Dauer\"><h4 class='av_iconlist_title iconlist_title  '  itemprop=\"headline\" >Dauer<\/h4><\/header><div class='iconlist_content '  itemprop=\"text\" ><p>3,5 Jahre<\/p>\n<\/div><\/div><footer class=\"entry-footer\"><\/footer><\/article><div class=\"iconlist-timeline\"><\/div><\/li>\n<li><div class='iconlist_icon av-1ajcgn-315ebe63f3cf6dc0d379e8228c956cbb avia-font-entypo-fontello avia-iconfont avia-font-entypo-fontello'><span class='av-icon-char' data-av_icon='\ue84f' data-av_iconfont='entypo-fontello' aria-hidden=\"true\"><\/span><\/div><article class=\"article-icon-entry \"  itemscope=\"itemscope\" itemtype=\"https:\/\/schema.org\/CreativeWork\" ><div class=\"iconlist_content_wrap\"><header class=\"entry-content-header\" aria-label=\"Icon: Unterrichtsf\u00e4cher\"><h4 class='av_iconlist_title iconlist_title  '  itemprop=\"headline\" >Unterrichtsf\u00e4cher<\/h4><\/header><div class='iconlist_content '  itemprop=\"text\" ><div style=\"margin-top: 15px;\">\n<h6>Berufsbezogener Lernbereich<\/h6>\n<ul>\n<li>Mechatronische Prozesse<\/li>\n<li>Mechatronische Systeme<\/li>\n<li>Arbeitsorganisation<\/li>\n<li>Englisch<\/li>\n<li>Wirtschafts- und Betriebslehre<\/li>\n<\/ul>\n<\/div>\n<div style=\"margin-top: 10px;\">\n<h6>Berufs\u00fcbergreifender Lernbereich<\/h6>\n<ul>\n<li>Deutsch\/Kommunikation<\/li>\n<li>Religionslehre<\/li>\n<li>Sport\/Gesundheitsf\u00f6rderung<\/li>\n<li>Politik\/Gesellschaftlehre<\/li>\n<\/ul>\n<\/div>\n<\/div><\/div><footer class=\"entry-footer\"><\/footer><\/article><div class=\"iconlist-timeline\"><\/div><\/li>\n<li><div class='iconlist_icon av-14yr0f-9a4505069112dc6ee51471439e1661b0 avia-font-entypo-fontello avia-iconfont avia-font-entypo-fontello'><span class='av-icon-char' data-av_icon='\ue80a' data-av_iconfont='entypo-fontello' aria-hidden=\"true\"><\/span><\/div><article class=\"article-icon-entry \"  itemscope=\"itemscope\" itemtype=\"https:\/\/schema.org\/CreativeWork\" ><div class=\"iconlist_content_wrap\"><header class=\"entry-content-header\" aria-label=\"Icon: Ansprechpartner\"><h4 class='av_iconlist_title iconlist_title  '  itemprop=\"headline\" >Ansprechpartner<\/h4><\/header><div class='iconlist_content '  itemprop=\"text\" ><p>Herr Topp<\/p>\n<div  class='avia-button-wrap av-jysl8h7n-a4c1f74db8cc227c775e5455a29d6c28-wrap avia-button-relative  avia-builder-el-2  avia-builder-el-no-sibling '><a href='mailto:topp@berufskolleg-en.de'  class='avia-button av-jysl8h7n-a4c1f74db8cc227c775e5455a29d6c28 av-link-btn avia-icon_select-yes-left-icon avia-size-small avia-position-relative avia-color-theme-color'   aria-label=\"topp@berufskolleg-en.de\"><span class='avia_button_icon avia_button_icon_left avia-iconfont avia-font-entypo-fontello' data-av_icon='\ue805' data-av_iconfont='entypo-fontello' ><\/span><span class='avia_iconbox_title' >topp@berufskolleg-en.de<\/span><\/a><\/div>\n<\/div><\/div><footer class=\"entry-footer\"><\/footer><\/article><div class=\"iconlist-timeline\"><\/div><\/li>\n<\/ul><\/div>\n\n<style type=\"text\/css\" data-created_by=\"avia_inline_auto\" id=\"style-css-av-jysqzau2-bb9bc972e4f71698abb408ed1f935fb5\">\n#top .avia-icon-list-container.av-jysqzau2-bb9bc972e4f71698abb408ed1f935fb5 .iconlist_icon{\nfont-size:16px;\n}\n#top .avia-icon-list-container.av-jysqzau2-bb9bc972e4f71698abb408ed1f935fb5 .iconlist_icon svg:first-child{\nheight:16px;\nwidth:16px;\n}\n#top #wrap_all .avia-icon-list-container.av-jysqzau2-bb9bc972e4f71698abb408ed1f935fb5 .av_iconlist_title{\nfont-size:16px;\n}\n\n@media only screen and (max-width: 479px){ \n#top #wrap_all .avia-icon-list-container.av-jysqzau2-bb9bc972e4f71698abb408ed1f935fb5 .av_iconlist_title{\nfont-size:13px;\n}\n}\n<\/style>\n<div  class='avia-icon-list-container av-jysqzau2-bb9bc972e4f71698abb408ed1f935fb5  avia-builder-el-3  el_after_av_iconlist  avia-builder-el-last  av-desktop-hide av-medium-hide av-small-hide'><ul class='avia-icon-list avia_animate_when_almost_visible avia-icon-list-left av-iconlist-small av-jysqzau2-bb9bc972e4f71698abb408ed1f935fb5 avia-iconlist-animate'>\n<li><div class='iconlist_icon av-y2xpr-6c718a52701e8237f757dc8c831cd33e avia-font-entypo-fontello avia-iconfont avia-font-entypo-fontello'><span class='av-icon-char' data-av_icon='\ue8d1' data-av_iconfont='entypo-fontello' aria-hidden=\"true\"><\/span><\/div><article class=\"article-icon-entry \"  itemscope=\"itemscope\" itemtype=\"https:\/\/schema.org\/CreativeWork\" ><div class=\"iconlist_content_wrap\"><header class=\"entry-content-header\" aria-label=\"Icon: Aufnahmevoraussetzungen\"><div class='av_iconlist_title iconlist_title_small  '  itemprop=\"headline\" >Aufnahmevoraussetzungen<\/div><\/header><div class='iconlist_content '  itemprop=\"text\" ><div style=\"margin-top: 10px;\">F\u00fcr die Aufnahme ist ein Ausbildungsvertrag mit einem Ausbildungsbetrieb notwendig.<br \/>\nDie Ausbildungsbetriebe werben in der Regel ab etwa einem Jahr vor Ausbildungsbeginn um Auszubildende. Die Ausbildungsbetriebe melden ihre Auszubildenden nach Abschluss der Ausbildungsvertr\u00e4ge am Berufskolleg Ennepetal an.<br \/>\nRechtlich ist keine bestimmte Schulbildung vorgeschrieben. In der Praxis stellen Betriebe \u00fcberwiegend Auszubildende mit mittlerem Bildungsabschluss ein.<\/div>\n<\/div><\/div><footer class=\"entry-footer\"><\/footer><\/article><div class=\"iconlist-timeline\"><\/div><\/li>\n<li><div class='iconlist_icon av-ovidz-30d3bcdad528ccc12fc072e71adbae38 avia-font-entypo-fontello avia-iconfont avia-font-entypo-fontello'><span class='av-icon-char' data-av_icon='\ue8c9' data-av_iconfont='entypo-fontello' aria-hidden=\"true\"><\/span><\/div><article class=\"article-icon-entry \"  itemscope=\"itemscope\" itemtype=\"https:\/\/schema.org\/CreativeWork\" ><div class=\"iconlist_content_wrap\"><header class=\"entry-content-header\" aria-label=\"Icon: Abschluss\"><div class='av_iconlist_title iconlist_title_small  '  itemprop=\"headline\" >Abschluss<\/div><\/header><div class='iconlist_content '  itemprop=\"text\" ><div style=\"margin-top: 10px;\">\n<p>Die Berufsausbildung endet mit dem Berufsschulabschluss und einer Abschlusspr\u00fcfung vor der IHK. Der Berufsschulabschluss ist unter Einhaltung bestimmten Voraussetzungen mit dem mittleren Schulabschluss gleichwertig und mit einem bestimmten Notendurchschnitt kann\u00a0 die Berechtigung zum Besuch der gymnasialen Oberstufe erworben werden.<\/p>\n<\/div>\n<\/div><\/div><footer class=\"entry-footer\"><\/footer><\/article><div class=\"iconlist-timeline\"><\/div><\/li>\n<li><div class='iconlist_icon av-magun-1b00dd3a595f2eddf9b709b23388156b avia-font-entypo-fontello avia-iconfont avia-font-entypo-fontello'><span class='av-icon-char' data-av_icon='\ue863' data-av_iconfont='entypo-fontello' aria-hidden=\"true\"><\/span><\/div><article class=\"article-icon-entry \"  itemscope=\"itemscope\" itemtype=\"https:\/\/schema.org\/CreativeWork\" ><div class=\"iconlist_content_wrap\"><header class=\"entry-content-header\" aria-label=\"Icon: Dauer\"><div class='av_iconlist_title iconlist_title_small  '  itemprop=\"headline\" >Dauer<\/div><\/header><div class='iconlist_content '  itemprop=\"text\" ><p>3,5 Jahre<\/p>\n<\/div><\/div><footer class=\"entry-footer\"><\/footer><\/article><div class=\"iconlist-timeline\"><\/div><\/li>\n<li><div class='iconlist_icon av-dsp4v-d7d61679996b4b4ac02f90c4ef37cd86 avia-font-entypo-fontello avia-iconfont avia-font-entypo-fontello'><span class='av-icon-char' data-av_icon='\ue84f' data-av_iconfont='entypo-fontello' aria-hidden=\"true\"><\/span><\/div><article class=\"article-icon-entry \"  itemscope=\"itemscope\" itemtype=\"https:\/\/schema.org\/CreativeWork\" ><div class=\"iconlist_content_wrap\"><header class=\"entry-content-header\" aria-label=\"Icon: Unterrichtsf\u00e4cher\"><div class='av_iconlist_title iconlist_title_small  '  itemprop=\"headline\" >Unterrichtsf\u00e4cher<\/div><\/header><div class='iconlist_content '  itemprop=\"text\" ><div style=\"margin-top: 15px;\">\n<p>Berufsbezogener Lernbereich<\/p>\n<ul>\n<li>Mechatronische Prozesse<\/li>\n<li>Mechatronische Systeme<\/li>\n<li>Arbeitsorganisation<\/li>\n<li>Englisch<\/li>\n<li>Wirtschafts- und Betriebslehre<\/li>\n<\/ul>\n<\/div>\n<div style=\"margin-top: 10px;\">\n<p>Berufs\u00fcbergreifender Lernbereich<\/p>\n<ul>\n<li>Deutsch\/Kommunikation<\/li>\n<li>Religionslehre<\/li>\n<li>Sport\/Gesundheitsf\u00f6rderung<\/li>\n<li>Politik\/Gesellschaftlehre<\/li>\n<\/ul>\n<\/div>\n<\/div><\/div><footer class=\"entry-footer\"><\/footer><\/article><div class=\"iconlist-timeline\"><\/div><\/li>\n<li><div class='iconlist_icon av-9k1rj-5ce8d1e30777a92f7ec44c0bbe88178b avia-font-entypo-fontello avia-iconfont avia-font-entypo-fontello'><span class='av-icon-char' data-av_icon='\ue80a' data-av_iconfont='entypo-fontello' aria-hidden=\"true\"><\/span><\/div><article class=\"article-icon-entry \"  itemscope=\"itemscope\" itemtype=\"https:\/\/schema.org\/CreativeWork\" ><div class=\"iconlist_content_wrap\"><header class=\"entry-content-header\" aria-label=\"Icon: Ansprechpartner\"><div class='av_iconlist_title iconlist_title_small  '  itemprop=\"headline\" >Ansprechpartner<\/div><\/header><div class='iconlist_content '  itemprop=\"text\" ><p>Herr Topp<\/p>\n<div  class='avia-button-wrap av-jysl8h7n-a4c1f74db8cc227c775e5455a29d6c28-wrap avia-button-relative  avia-builder-el-4  avia-builder-el-no-sibling '><a href='mailto:topp@berufskolleg-en.de'  class='avia-button av-jysl8h7n-a4c1f74db8cc227c775e5455a29d6c28 av-link-btn avia-icon_select-yes-left-icon avia-size-small avia-position-relative avia-color-theme-color'   aria-label=\"topp@berufskolleg-en.de\"><span class='avia_button_icon avia_button_icon_left avia-iconfont avia-font-entypo-fontello' data-av_icon='\ue805' data-av_iconfont='entypo-fontello' ><\/span><span class='avia_iconbox_title' >topp@berufskolleg-en.de<\/span><\/a><\/div>\n<\/div><\/div><footer class=\"entry-footer\"><\/footer><\/article><div class=\"iconlist-timeline\"><\/div><\/li>\n<\/ul><\/div>\n","protected":false},"excerpt":{"rendered":"","protected":false},"author":1,"featured_media":0,"parent":0,"menu_order":0,"comment_status":"closed","ping_status":"closed","template":"","meta":{"footnotes":""},"class_list":["post-951","page","type-page","status-publish","hentry"],"publishpress_future_action":{"enabled":false,"date":"2026-05-23 10:22:07","action":"change-status","newStatus":"draft","terms":[],"taxonomy":"","extraData":[]},"publishpress_future_workflow_manual_trigger":{"enabledWorkflows":[]},"_links":{"self":[{"href":"https:\/\/berufskolleg-en.de\/index.php?rest_route=\/wp\/v2\/pages\/951","targetHints":{"allow":["GET"]}}],"collection":[{"href":"https:\/\/berufskolleg-en.de\/index.php?rest_route=\/wp\/v2\/pages"}],"about":[{"href":"https:\/\/berufskolleg-en.de\/index.php?rest_route=\/wp\/v2\/types\/page"}],"author":[{"embeddable":true,"href":"https:\/\/berufskolleg-en.de\/index.php?rest_route=\/wp\/v2\/users\/1"}],"replies":[{"embeddable":true,"href":"https:\/\/berufskolleg-en.de\/index.php?rest_route=%2Fwp%2Fv2%2Fcomments&post=951"}],"version-history":[{"count":6,"href":"https:\/\/berufskolleg-en.de\/index.php?rest_route=\/wp\/v2\/pages\/951\/revisions"}],"predecessor-version":[{"id":5358,"href":"https:\/\/berufskolleg-en.de\/index.php?rest_route=\/wp\/v2\/pages\/951\/revisions\/5358"}],"wp:attachment":[{"href":"https:\/\/berufskolleg-en.de\/index.php?rest_route=%2Fwp%2Fv2%2Fmedia&parent=951"}],"curies":[{"name":"wp","href":"https:\/\/api.w.org\/{rel}","templated":true}]}}