{"id":955,"date":"2019-11-02T14:41:13","date_gmt":"2019-11-02T13:41:13","guid":{"rendered":"http:\/\/wp.berufskolleg-en.de\/?page_id=955"},"modified":"2019-11-02T14:41:13","modified_gmt":"2019-11-02T13:41:13","slug":"zerspanungsmechaniker-in","status":"publish","type":"page","link":"https:\/\/berufskolleg-en.de\/?page_id=955","title":{"rendered":"Zerspanungsmechaniker\/in"},"content":{"rendered":"<section  class='av_textblock_section av-jysqhvd4-0ea64e4734f9426e27540259aec27d16 '   itemscope=\"itemscope\" itemtype=\"https:\/\/schema.org\/CreativeWork\" ><div class='avia_textblock'  itemprop=\"text\" ><h3>Berufsschule Metall: Zerspanungsmechaniker\/in<\/h3>\n<p>Zerspanungsmechaniker\/innen fertigen Bauteile z.B. f\u00fcr Maschinen, Motoren oder Turbinen. Hierf\u00fcr arbeiten sie in der Regel mit CNC-Dreh-, Fr\u00e4s- und Schleifmaschinen. Sie geben die Fertigungsparameter in die Maschinen ein oder rufen Programme aus dem Maschinenspeicher ab und modifizieren sie ggf. Dann w\u00e4hlen sie die Werkzeuge aus, spannen Metallrohlinge ein, richten sie aus und fahren die Maschinen an. Sie \u00fcberwachen die Bearbeitungsprozesse, entnehmen die fertigen Werkst\u00fccke, pr\u00fcfen, ob Ma\u00dfe und Oberfl\u00e4chenqualit\u00e4t den Vorgaben entsprechen. Bei St\u00f6rungen suchen sie nach festgelegten Pr\u00fcfverfahren nach dem Grund und beseitigen das Problem. Auch die regelm\u00e4\u00dfige Inspektion und Wartung der Maschinen geh\u00f6rt zu ihren Aufgaben.<\/p>\n<p>(Quelle: BERUFENET)<\/p>\n<\/div><\/section>\n\n<style type=\"text\/css\" data-created_by=\"avia_inline_auto\" id=\"style-css-av-jysqzau2-20083c039340c28b9871a358a17d65e8\">\n#top #wrap_all .avia-icon-list-container.av-jysqzau2-20083c039340c28b9871a358a17d65e8 .av_iconlist_title{\nfont-size:16px;\n}\n\n@media only screen and (max-width: 479px){ \n#top #wrap_all .avia-icon-list-container.av-jysqzau2-20083c039340c28b9871a358a17d65e8 .av_iconlist_title{\nfont-size:13px;\n}\n}\n<\/style>\n<div  class='avia-icon-list-container av-jysqzau2-20083c039340c28b9871a358a17d65e8  avia-builder-el-1  el_after_av_textblock  el_before_av_iconlist  av-mini-hide'><ul class='avia-icon-list avia_animate_when_almost_visible avia-icon-list-left av-iconlist-big av-jysqzau2-20083c039340c28b9871a358a17d65e8 avia-iconlist-animate'>\n<li><div class='iconlist_icon av-av_iconlist_item-a86bd7bb6d131867cb0821e4040a9575 avia-font-entypo-fontello avia-iconfont avia-font-entypo-fontello'><span class='av-icon-char' data-av_icon='\ue8d1' data-av_iconfont='entypo-fontello' aria-hidden=\"true\"><\/span><\/div><article class=\"article-icon-entry \"  itemscope=\"itemscope\" itemtype=\"https:\/\/schema.org\/CreativeWork\" ><div class=\"iconlist_content_wrap\"><header class=\"entry-content-header\" aria-label=\"Icon: Aufnahmevoraussetzungen\"><h4 class='av_iconlist_title iconlist_title  '  itemprop=\"headline\" >Aufnahmevoraussetzungen<\/h4><\/header><div class='iconlist_content '  itemprop=\"text\" ><div style=\"margin-top: 10px;\">F\u00fcr die Aufnahme ist ein Ausbildungsvertrag mit einem Ausbildungsbetrieb notwendig. Die Ausbildungsbetriebe melden ihre Auszubildenden nach Abschluss der Ausbildungsvertr\u00e4ge am Berufskolleg Ennepetal an.<\/div>\n<\/div><\/div><footer class=\"entry-footer\"><\/footer><\/article><div class=\"iconlist-timeline\"><\/div><\/li>\n<li><div class='iconlist_icon av-av_iconlist_item-cf2dd6319acaa0650ef58d443cd88721 avia-font-entypo-fontello avia-iconfont avia-font-entypo-fontello'><span class='av-icon-char' data-av_icon='\ue8c9' data-av_iconfont='entypo-fontello' aria-hidden=\"true\"><\/span><\/div><article class=\"article-icon-entry \"  itemscope=\"itemscope\" itemtype=\"https:\/\/schema.org\/CreativeWork\" ><div class=\"iconlist_content_wrap\"><header class=\"entry-content-header\" aria-label=\"Icon: Abschluss\"><h4 class='av_iconlist_title iconlist_title  '  itemprop=\"headline\" >Abschluss<\/h4><\/header><div class='iconlist_content '  itemprop=\"text\" ><div style=\"margin-top: 10px;\">\n<p>Die Berufsausbildung endet mit dem Berufsschulabschluss und einer Abschlusspr\u00fcfung vor der SIHK. Der Berufsschulabschluss ist unter Einhaltung bestimmter Voraussetzungen mit dem mittleren Schulabschluss gleichwertig und mit einem bestimmten Notendurchschnitt kann die Berechtigung zum Besuch der gymnasialen Oberstufe erworben werden.<\/p>\n<\/div>\n<\/div><\/div><footer class=\"entry-footer\"><\/footer><\/article><div class=\"iconlist-timeline\"><\/div><\/li>\n<li><div class='iconlist_icon av-av_iconlist_item-5800b78a81c8799036d84575cbac482a avia-font-entypo-fontello avia-iconfont avia-font-entypo-fontello'><span class='av-icon-char' data-av_icon='\ue863' data-av_iconfont='entypo-fontello' aria-hidden=\"true\"><\/span><\/div><article class=\"article-icon-entry \"  itemscope=\"itemscope\" itemtype=\"https:\/\/schema.org\/CreativeWork\" ><div class=\"iconlist_content_wrap\"><header class=\"entry-content-header\" aria-label=\"Icon: Dauer\"><h4 class='av_iconlist_title iconlist_title  '  itemprop=\"headline\" >Dauer<\/h4><\/header><div class='iconlist_content '  itemprop=\"text\" ><p>3,5 Jahre<\/p>\n<\/div><\/div><footer class=\"entry-footer\"><\/footer><\/article><div class=\"iconlist-timeline\"><\/div><\/li>\n<li><div class='iconlist_icon av-av_iconlist_item-dd9d1b5d9362144c1fae6af9e9286a8b avia-font-entypo-fontello avia-iconfont avia-font-entypo-fontello'><span class='av-icon-char' data-av_icon='\ue84f' data-av_iconfont='entypo-fontello' aria-hidden=\"true\"><\/span><\/div><article class=\"article-icon-entry \"  itemscope=\"itemscope\" itemtype=\"https:\/\/schema.org\/CreativeWork\" ><div class=\"iconlist_content_wrap\"><header class=\"entry-content-header\" aria-label=\"Icon: Unterrichtsf\u00e4cher\"><h4 class='av_iconlist_title iconlist_title  '  itemprop=\"headline\" >Unterrichtsf\u00e4cher<\/h4><\/header><div class='iconlist_content '  itemprop=\"text\" ><div style=\"margin-top: 15px;\">\n<h6>Berufsbezogener Lernbereich<\/h6>\n<ul>\n<li>Fertigungsprozesse<\/li>\n<li>Instandhaltungsprozesse<\/li>\n<li>Montageprozesse<\/li>\n<li>Automatisierungsprozesse<\/li>\n<li>Englisch<\/li>\n<li>Wirtschafts- und Betriebslehre<\/li>\n<\/ul>\n<\/div>\n<div style=\"margin-top: 10px;\">\n<h6>Berufs\u00fcbergreifender Lernbereich<\/h6>\n<ul>\n<li>Deutsch\/Kommunikation<\/li>\n<li>Religionslehre<\/li>\n<li>Sport\/Gesundheitsf\u00f6rderung<\/li>\n<li>Politik\/Gesellschaftlehre<\/li>\n<\/ul>\n<\/div>\n<\/div><\/div><footer class=\"entry-footer\"><\/footer><\/article><div class=\"iconlist-timeline\"><\/div><\/li>\n<li><div class='iconlist_icon av-av_iconlist_item-d0920be1059842d214af6cf23f76fe7e avia-font-entypo-fontello avia-iconfont avia-font-entypo-fontello'><span class='av-icon-char' data-av_icon='\ue80a' data-av_iconfont='entypo-fontello' aria-hidden=\"true\"><\/span><\/div><article class=\"article-icon-entry \"  itemscope=\"itemscope\" itemtype=\"https:\/\/schema.org\/CreativeWork\" ><div class=\"iconlist_content_wrap\"><header class=\"entry-content-header\" aria-label=\"Icon: Ansprechpartner\"><h4 class='av_iconlist_title iconlist_title  '  itemprop=\"headline\" >Ansprechpartner<\/h4><\/header><div class='iconlist_content '  itemprop=\"text\" ><p>Herr Lahusen<\/p>\n<div  class='avia-button-wrap av-jysl8h7n-e4ca1e14f7f31d1f3423e99a5862c899-wrap avia-button-relative  avia-builder-el-2  avia-builder-el-no-sibling '><a href='mailto:lahusen@berufskolleg-en.de'  class='avia-button av-jysl8h7n-e4ca1e14f7f31d1f3423e99a5862c899 av-link-btn avia-icon_select-yes-left-icon avia-size-small avia-position-relative avia-color-theme-color'   aria-label=\"lahusen@berufskolleg-en.de\"><span class='avia_button_icon avia_button_icon_left avia-iconfont avia-font-entypo-fontello' data-av_icon='\ue805' data-av_iconfont='entypo-fontello' ><\/span><span class='avia_iconbox_title' >lahusen@berufskolleg-en.de<\/span><\/a><\/div>\n<\/div><\/div><footer class=\"entry-footer\"><\/footer><\/article><div class=\"iconlist-timeline\"><\/div><\/li>\n<\/ul><\/div>\n\n<style type=\"text\/css\" data-created_by=\"avia_inline_auto\" id=\"style-css-av-jysqzau2-bb9bc972e4f71698abb408ed1f935fb5\">\n#top .avia-icon-list-container.av-jysqzau2-bb9bc972e4f71698abb408ed1f935fb5 .iconlist_icon{\nfont-size:16px;\n}\n#top .avia-icon-list-container.av-jysqzau2-bb9bc972e4f71698abb408ed1f935fb5 .iconlist_icon svg:first-child{\nheight:16px;\nwidth:16px;\n}\n#top #wrap_all .avia-icon-list-container.av-jysqzau2-bb9bc972e4f71698abb408ed1f935fb5 .av_iconlist_title{\nfont-size:16px;\n}\n\n@media only screen and (max-width: 479px){ \n#top #wrap_all .avia-icon-list-container.av-jysqzau2-bb9bc972e4f71698abb408ed1f935fb5 .av_iconlist_title{\nfont-size:13px;\n}\n}\n<\/style>\n<div  class='avia-icon-list-container av-jysqzau2-bb9bc972e4f71698abb408ed1f935fb5  avia-builder-el-3  el_after_av_iconlist  avia-builder-el-last  av-desktop-hide av-medium-hide av-small-hide'><ul class='avia-icon-list avia_animate_when_almost_visible avia-icon-list-left av-iconlist-small av-jysqzau2-bb9bc972e4f71698abb408ed1f935fb5 avia-iconlist-animate'>\n<li><div class='iconlist_icon av-av_iconlist_item-a86bd7bb6d131867cb0821e4040a9575 avia-font-entypo-fontello avia-iconfont avia-font-entypo-fontello'><span class='av-icon-char' data-av_icon='\ue8d1' data-av_iconfont='entypo-fontello' aria-hidden=\"true\"><\/span><\/div><article class=\"article-icon-entry \"  itemscope=\"itemscope\" itemtype=\"https:\/\/schema.org\/CreativeWork\" ><div class=\"iconlist_content_wrap\"><header class=\"entry-content-header\" aria-label=\"Icon: Aufnahmevoraussetzungen\"><div class='av_iconlist_title iconlist_title_small  '  itemprop=\"headline\" >Aufnahmevoraussetzungen<\/div><\/header><div class='iconlist_content '  itemprop=\"text\" ><div style=\"margin-top: 10px;\">F\u00fcr die Aufnahme ist ein Ausbildungsvertrag mit einem Ausbildungsbetrieb notwendig. Die Ausbildungsbetriebe melden ihre Auszubildenden nach Abschluss der Ausbildungsvertr\u00e4ge am Berufskolleg Ennepetal an.<\/div>\n<\/div><\/div><footer class=\"entry-footer\"><\/footer><\/article><div class=\"iconlist-timeline\"><\/div><\/li>\n<li><div class='iconlist_icon av-av_iconlist_item-cf2dd6319acaa0650ef58d443cd88721 avia-font-entypo-fontello avia-iconfont avia-font-entypo-fontello'><span class='av-icon-char' data-av_icon='\ue8c9' data-av_iconfont='entypo-fontello' aria-hidden=\"true\"><\/span><\/div><article class=\"article-icon-entry \"  itemscope=\"itemscope\" itemtype=\"https:\/\/schema.org\/CreativeWork\" ><div class=\"iconlist_content_wrap\"><header class=\"entry-content-header\" aria-label=\"Icon: Abschluss\"><div class='av_iconlist_title iconlist_title_small  '  itemprop=\"headline\" >Abschluss<\/div><\/header><div class='iconlist_content '  itemprop=\"text\" ><div style=\"margin-top: 10px;\">\n<p>Die Berufsausbildung endet mit dem Berufsschulabschluss und einer Abschlusspr\u00fcfung vor der SIHK. Der Berufsschulabschluss ist unter Einhaltung bestimmter Voraussetzungen mit dem mittleren Schulabschluss gleichwertig und mit einem bestimmten Notendurchschnitt kann die Berechtigung zum Besuch der gymnasialen Oberstufe erworben werden.<\/p>\n<\/div>\n<\/div><\/div><footer class=\"entry-footer\"><\/footer><\/article><div class=\"iconlist-timeline\"><\/div><\/li>\n<li><div class='iconlist_icon av-av_iconlist_item-5800b78a81c8799036d84575cbac482a avia-font-entypo-fontello avia-iconfont avia-font-entypo-fontello'><span class='av-icon-char' data-av_icon='\ue863' data-av_iconfont='entypo-fontello' aria-hidden=\"true\"><\/span><\/div><article class=\"article-icon-entry \"  itemscope=\"itemscope\" itemtype=\"https:\/\/schema.org\/CreativeWork\" ><div class=\"iconlist_content_wrap\"><header class=\"entry-content-header\" aria-label=\"Icon: Dauer\"><div class='av_iconlist_title iconlist_title_small  '  itemprop=\"headline\" >Dauer<\/div><\/header><div class='iconlist_content '  itemprop=\"text\" ><p>3,5 Jahre<\/p>\n<\/div><\/div><footer class=\"entry-footer\"><\/footer><\/article><div class=\"iconlist-timeline\"><\/div><\/li>\n<li><div class='iconlist_icon av-av_iconlist_item-79ce7921e9533932f936f4b108cf612f avia-font-entypo-fontello avia-iconfont avia-font-entypo-fontello'><span class='av-icon-char' data-av_icon='\ue83a' data-av_iconfont='entypo-fontello' aria-hidden=\"true\"><\/span><\/div><article class=\"article-icon-entry \"  itemscope=\"itemscope\" itemtype=\"https:\/\/schema.org\/CreativeWork\" ><div class=\"iconlist_content_wrap\"><header class=\"entry-content-header\" aria-label=\"Icon: Unterrichtsf\u00e4cher\"><div class='av_iconlist_title iconlist_title_small  '  itemprop=\"headline\" >Unterrichtsf\u00e4cher<\/div><\/header><div class='iconlist_content '  itemprop=\"text\" ><div style=\"margin-top: 15px;\">\n<p>Berufsbezogener Lernbereich<\/p>\n<ul>\n<li>Fertigungsprozesse<\/li>\n<li>Instandhaltungsprozesse<\/li>\n<li>Montageprozesse<\/li>\n<li>Automatisierungsprozesse<\/li>\n<li>Englisch<\/li>\n<li>Wirtschafts- und Betriebslehre<\/li>\n<\/ul>\n<\/div>\n<div style=\"margin-top: 10px;\">\n<p>Berufs\u00fcbergreifender Lernbereich<\/p>\n<ul>\n<li>Deutsch\/Kommunikation<\/li>\n<li>Religionslehre<\/li>\n<li>Sport\/Gesundheitsf\u00f6rderung<\/li>\n<li>Politik\/Gesellschaftlehre<\/li>\n<\/ul>\n<\/div>\n<\/div><\/div><footer class=\"entry-footer\"><\/footer><\/article><div class=\"iconlist-timeline\"><\/div><\/li>\n<li><div class='iconlist_icon av-av_iconlist_item-d0920be1059842d214af6cf23f76fe7e avia-font-entypo-fontello avia-iconfont avia-font-entypo-fontello'><span class='av-icon-char' data-av_icon='\ue80a' data-av_iconfont='entypo-fontello' aria-hidden=\"true\"><\/span><\/div><article class=\"article-icon-entry \"  itemscope=\"itemscope\" itemtype=\"https:\/\/schema.org\/CreativeWork\" ><div class=\"iconlist_content_wrap\"><header class=\"entry-content-header\" aria-label=\"Icon: Ansprechpartner\"><div class='av_iconlist_title iconlist_title_small  '  itemprop=\"headline\" >Ansprechpartner<\/div><\/header><div class='iconlist_content '  itemprop=\"text\" ><p>Herr Lahusen<\/p>\n<div  class='avia-button-wrap av-jysl8h7n-e4ca1e14f7f31d1f3423e99a5862c899-wrap avia-button-relative  avia-builder-el-4  avia-builder-el-no-sibling '><a href='mailto:lahusen@berufskolleg-en.de'  class='avia-button av-jysl8h7n-e4ca1e14f7f31d1f3423e99a5862c899 av-link-btn avia-icon_select-yes-left-icon avia-size-small avia-position-relative avia-color-theme-color'   aria-label=\"lahusen@berufskolleg-en.de\"><span class='avia_button_icon avia_button_icon_left avia-iconfont avia-font-entypo-fontello' data-av_icon='\ue805' data-av_iconfont='entypo-fontello' ><\/span><span class='avia_iconbox_title' >lahusen@berufskolleg-en.de<\/span><\/a><\/div>\n<\/div><\/div><footer class=\"entry-footer\"><\/footer><\/article><div class=\"iconlist-timeline\"><\/div><\/li>\n<\/ul><\/div>\n","protected":false},"excerpt":{"rendered":"","protected":false},"author":1,"featured_media":0,"parent":0,"menu_order":0,"comment_status":"closed","ping_status":"closed","template":"","meta":{"footnotes":""},"class_list":["post-955","page","type-page","status-publish","hentry"],"publishpress_future_action":{"enabled":false,"date":"2026-04-23 01:25:06","action":"change-status","newStatus":"draft","terms":[],"taxonomy":"","extraData":[]},"publishpress_future_workflow_manual_trigger":{"enabledWorkflows":[]},"_links":{"self":[{"href":"https:\/\/berufskolleg-en.de\/index.php?rest_route=\/wp\/v2\/pages\/955","targetHints":{"allow":["GET"]}}],"collection":[{"href":"https:\/\/berufskolleg-en.de\/index.php?rest_route=\/wp\/v2\/pages"}],"about":[{"href":"https:\/\/berufskolleg-en.de\/index.php?rest_route=\/wp\/v2\/types\/page"}],"author":[{"embeddable":true,"href":"https:\/\/berufskolleg-en.de\/index.php?rest_route=\/wp\/v2\/users\/1"}],"replies":[{"embeddable":true,"href":"https:\/\/berufskolleg-en.de\/index.php?rest_route=%2Fwp%2Fv2%2Fcomments&post=955"}],"version-history":[{"count":1,"href":"https:\/\/berufskolleg-en.de\/index.php?rest_route=\/wp\/v2\/pages\/955\/revisions"}],"predecessor-version":[{"id":956,"href":"https:\/\/berufskolleg-en.de\/index.php?rest_route=\/wp\/v2\/pages\/955\/revisions\/956"}],"wp:attachment":[{"href":"https:\/\/berufskolleg-en.de\/index.php?rest_route=%2Fwp%2Fv2%2Fmedia&parent=955"}],"curies":[{"name":"wp","href":"https:\/\/api.w.org\/{rel}","templated":true}]}}